{"id":3802,"date":"2025-06-02T13:01:25","date_gmt":"2025-06-02T16:01:25","guid":{"rendered":"https:\/\/ecbblanca-bue.infd.edu.ar\/sitio\/?page_id=3802"},"modified":"2025-06-02T13:01:27","modified_gmt":"2025-06-02T16:01:27","slug":"boleto-estudiantil","status":"publish","type":"page","link":"https:\/\/ecbblanca-bue.infd.edu.ar\/sitio\/boleto-estudiantil\/","title":{"rendered":"Boleto estudiantil"},"content":{"rendered":"\n<h4 class=\"wp-block-heading\"><strong>Requisitos<\/strong><\/h4>\n\n\n\n<ul>\n<li>Ser alumno regular.<\/li>\n\n\n\n<li>Residir en la Provincia de Buenos Aires a una distancia mayor a dos mil metros (2.000 m) del establecimiento educativo.<\/li>\n\n\n\n<li>Asistir a una instituci\u00f3n educativa de Nivel Terciario, p\u00fablica o privada con aporte del estado, con sede en la Provincia de Buenos Aires (en el Interior de la Provincia de Buenos Aires s\u00f3lo es aplicable a aquellas localidades que cuenten con SUBE).<\/li>\n\n\n\n<li>No poseer t\u00edtulo universitario o terciario.<\/li>\n\n\n\n<li>Tener aprobada la totalidad de las materias en el a\u00f1o acad\u00e9mico anterior. Para el caso de los alumnos\/as que cursan el primer a\u00f1o de la carrera deber\u00e1n acreditar haber finalizado el nivel medio, sin adeudar materias al momento de la entrega de la documentaci\u00f3n, en cuyo caso deber\u00e1n presentar copia del t\u00edtulo de nivel secundario y constancia de inscripci\u00f3n en la instituci\u00f3n educativa de nivel terciario<\/li>\n\n\n\n<li>No ser beneficiario\/a de otro subsidio otorgado por el Estado con id\u00e9ntico fin (el beneficiario\/a deber\u00e1 optar por uno de los beneficios ofrecidos por el Estado, caso contrario la solicitud efectuada ser\u00e1 denegada).<\/li>\n<\/ul>\n\n\n\n<h4 class=\"wp-block-heading\">Inscripci\u00f3n<\/h4>\n\n\n\n<p>Si no tramitaste con anterioridad el Boleto Especial Educativo (BEE) para el Nivel Terciario en la Provincia de Buenos Aires (Ley 14735), para acceder al beneficio deber\u00e1s realizar los siguientes pasos:<\/p>\n\n\n\n<p><strong>Paso 1.\u00a0<\/strong>Resulta condici\u00f3n necesaria que la instituci\u00f3n educativa a la que asistes tenga actualizados tus datos en \u201cMis Estudiantes\u201d. Para esto, envi\u00e1 un mail a <a rel=\"noreferrer noopener\" href=\"mailto:denrique3@abc.gob.ar\" target=\"_blank\">denrique3@abc.gob.ar<\/a> con tus datos: Apellido, Nombre, DNI, Carrera, Ciclo, A\u00f1o. <\/p>\n\n\n\n<p><strong>Paso 2.\u00a0<\/strong>Registrar tu tarjeta SUBE en\u00a0<a rel=\"noreferrer noopener\" href=\"https:\/\/www.argentina.gob.ar\/sube\" target=\"_blank\">www.argentina.gob.ar\/sube<\/a>\u00a0o a trav\u00e9s de la app SUBE disponible para celulares con Android 6 o superior.<\/p>\n\n\n\n<p><strong>Actualmente este beneficio est\u00e1 disponible solamente para la Tarjetas SUBE F\u00edsica.<\/strong><\/p>\n\n\n\n<p><strong>Paso 3.\u00a0<\/strong>Ingresar a la web oficial\u00a0<a rel=\"noreferrer noopener\" href=\"https:\/\/www.gba.gob.ar\/transporte\/boleto_estudiantil\" target=\"_blank\">www.gba.gob.ar\/transporte\/boleto_estudiantil<\/a>\u00a0y completar el formulario de inscripci\u00f3n. La Direcci\u00f3n General de Cultura y Educaci\u00f3n (DGCyE) recibir\u00e1 mensualmente, por parte del Ministerio de Transporte, una notificaci\u00f3n mediante correo electr\u00f3nico cuando la precarga est\u00e9 disponible para que la misma pueda ser activada por parte de los y las estudiantes mediante cualquiera de las opciones especificadas en el\u00a0<strong>Paso 4.<\/strong><\/p>\n\n\n\n<p><strong>Paso 4.\u00a0<\/strong>Acreditar el saldo de la precarga a trav\u00e9s de: <\/p>\n\n\n\n<ul>\n<li>Una Terminal Autom\u00e1tica SUBE (TAS), apoyando tu tarjeta SUBE hasta que un mensaje indique que podr\u00e1s retirar tu tarjeta.<\/li>\n\n\n\n<li>La app SUBE, si ten\u00e9s un celular Android 6 o superior con tecnolog\u00eda NFC. Podr\u00e1s apoyar tu tarjeta SUBE al dorso de un tel\u00e9fono y seleccionar la opci\u00f3n \u201cAcredit\u00e1 o consulta saldo\u201d y luego \u201cAcreditar cargas\u201d.<\/li>\n\n\n\n<li>En la validadora de un colectivo que tenga la funcionalidad Carga a Bordo.<\/li>\n<\/ul>\n\n\n\n<p>Para ver el listado completo de\u00a0<strong>CENTROS DE ATENCI\u00d3N SUBE, PUNTOS SUBE Y TERMINALES AUTOM\u00c1TICAS<\/strong>\u00a0<a rel=\"noreferrer noopener\" href=\"https:\/\/tarjetasube.sube.gob.ar\/subeweb\/WebForms\/admin\/views\/mapa-sube.aspx?\" target=\"_blank\">ingres\u00e1 ac\u00e1<\/a>.<\/p>\n\n\n\n<p><\/p>\n\n\n\n<h4 class=\"wp-block-heading\"><a href=\"https:\/\/www.gba.gob.ar\/transporte\/boleto#collapseTwentyFour2\">\u00bfQui\u00e9nes pueden gestionar el Boleto Especial Educativo (BEE) para el Nivel Terciario?<\/a><\/h4>\n\n\n\n<p>Los alumnos\/as de Nivel Terciario que cumplan con los siguientes requisitos:<\/p>\n\n\n\n<ul>\n<li>Ser alumno\/a regular de alguna instituci\u00f3n educativa de Nivel Terciario, p\u00fablica o privada con aporte del estado, con sede en la Provincia de Buenos Aires (en el Interior de la Provincia de Buenos Aires s\u00f3lo es aplicable a aquellas localidades que cuenten con SUBE).<\/li>\n\n\n\n<li>Residir en la Provincia de Buenos Aires a una distancia mayor a dos mil metros (2.000 m) del establecimiento educativo.<\/li>\n\n\n\n<li>Tener aprobada la totalidad de las materias en el a\u00f1o acad\u00e9mico anterior. Para el caso de los alumnos que cursan el primer a\u00f1o de la carrera deber\u00e1n acreditar haber finalizado el nivel medio, sin adeudar materias al momento de la entrega de la documentaci\u00f3n, en cuyo caso deber\u00e1n presentar copia del t\u00edtulo de nivel secundario y constancia de inscripci\u00f3n en la instituci\u00f3n educativa de nivel terciario.<\/li>\n\n\n\n<li>No poseer t\u00edtulo universitario o terciario.<\/li>\n\n\n\n<li>No ser beneficiario\/a de otro subsidio otorgado por el Estado con id\u00e9ntico fin (el beneficiario\/a deber\u00e1 optar por uno de los beneficios ofrecidos por el Estado, caso contrario la solicitud efectuada ser\u00e1 denegada).<\/li>\n<\/ul>\n\n\n\n<h4 class=\"wp-block-heading\">Preguntas frecuentes<\/h4>\n\n\n\n<h5 class=\"wp-block-heading\"><a href=\"https:\/\/www.gba.gob.ar\/transporte\/boleto#collapseTwentyFive2\">\u00bfC\u00f3mo solicito el Boleto Especial Educativo (BEE) para el Nivel Terciario?<\/a><\/h5>\n\n\n\n<h5 class=\"wp-block-heading\"><a href=\"https:\/\/www.gba.gob.ar\/transporte\/boleto#collapseTwentySix2a\">\u00bfQu\u00e9 debo hacer si al momento de iniciar la inscripci\u00f3n aparece un cartel de error?<\/a><\/h5>\n\n\n\n<h5 class=\"wp-block-heading\"><a href=\"https:\/\/www.gba.gob.ar\/transporte\/boleto#collapseTwentySix2b\">\u00bfC\u00f3mo saber si me he inscripto correctamente?<\/a><\/h5>\n\n\n\n<h5 class=\"wp-block-heading\"><a href=\"https:\/\/www.gba.gob.ar\/transporte\/boleto#collapseTwentySix2\">\u00bfC\u00f3mo se usa el Boleto Especial Educativo (BEE) para el Nivel Terciario?<\/a><\/h5>\n\n\n\n<h5 class=\"wp-block-heading\"><a href=\"https:\/\/www.gba.gob.ar\/transporte\/boleto#collapseTwentySevenOne2\">\u00bfCu\u00e1l es el monto de la carga a acreditar en la tarjeta SUBE?<\/a><\/h5>\n\n\n\n<h5 class=\"wp-block-heading\"><a href=\"https:\/\/www.gba.gob.ar\/transporte\/boleto#collapseTwentySeven2\">\u00bfHay alg\u00fan plazo para solicitar el Boleto Especial Educativo (BEE) para el Nivel Terciario?<\/a><\/h5>\n\n\n\n<h5 class=\"wp-block-heading\"><a href=\"https:\/\/www.gba.gob.ar\/transporte\/boleto#collapse302\">Tengo tarjeta SUBE, pero est\u00e1 registrada en SUBE a nombre de otra persona, \u00bfla puedo utilizar igual?<\/a><\/h5>\n\n\n\n<h5 class=\"wp-block-heading\"><a href=\"https:\/\/www.gba.gob.ar\/transporte\/boleto#collapse312\">\u00bfQu\u00e9 sucede si pierdo\/rompo mi tarjeta SUBE con el beneficio aplicado?<\/a><\/h5>\n\n\n\n<h5 class=\"wp-block-heading\"><a href=\"https:\/\/www.gba.gob.ar\/transporte\/boleto#collapse322A\">\u00bfQu\u00e9 pasa si solo tengo SUBE Digital?<\/a><\/h5>\n\n\n\n<h5 class=\"wp-block-heading\"><a href=\"https:\/\/www.gba.gob.ar\/transporte\/boleto#collapse322\">\u00bfSi soy beneficiario de la Tarifa Social puedo solicitar el Boleto Especial Educativo (BEE) para el Nivel Terciario?<\/a><\/h5>\n\n\n\n<h5 class=\"wp-block-heading\"><a href=\"https:\/\/www.gba.gob.ar\/transporte\/boleto#collapse332\">\u00bfDebo solicitar el beneficio todos los meses?<\/a><\/h5>\n\n\n\n<h5 class=\"wp-block-heading\"><a href=\"https:\/\/www.gba.gob.ar\/transporte\/boleto#collapse352\">\u00bfPuedo darme de baja del Boleto Especial Educativo (BEE)?<\/a><\/h5>\n\n\n\n<h5 class=\"wp-block-heading\"><a href=\"https:\/\/www.gba.gob.ar\/transporte\/boleto#collapse362\">Si tengo alg\u00fan inconveniente \u00bfD\u00f3nde puedo realizar una consulta o reclamo?<\/a><\/h5>\n\n\n\n<h5 class=\"wp-block-heading\"><a href=\"https:\/\/www.gba.gob.ar\/transporte\/boleto#collapse372\">\u00bfQu\u00e9 sucede si quiero cambiar de instituci\u00f3n educativa?<\/a><\/h5>\n\n\n\n<h5 class=\"wp-block-heading\"><a href=\"https:\/\/www.gba.gob.ar\/transporte\/boleto#collapse382\">\u00bfCu\u00e1ndo se acreditan las precargas?<\/a><\/h5>\n\n\n\n<h5 class=\"wp-block-heading\"><a href=\"https:\/\/www.gba.gob.ar\/transporte\/boleto#collapse392\">No se acreditan las precargas en mi tarjeta SUBE, \u00bfQu\u00e9 puedo hacer?<\/a><\/h5>\n","protected":false},"excerpt":{"rendered":"<p>Requisitos Inscripci\u00f3n Si no tramitaste con anterioridad el Boleto Especial Educativo (BEE) para el Nivel Terciario en la Provincia de Buenos Aires (Ley 14735), para acceder al beneficio deber\u00e1s realizar los siguientes pasos: Paso 1.\u00a0Resulta condici\u00f3n necesaria que la instituci\u00f3n educativa a la que asistes tenga actualizados tus datos en \u201cMis Estudiantes\u201d. Para esto, envi\u00e1 &#8230; <a title=\"Boleto estudiantil\" class=\"read-more\" href=\"https:\/\/ecbblanca-bue.infd.edu.ar\/sitio\/boleto-estudiantil\/\" aria-label=\"More on Boleto estudiantil\">[+]<\/a><\/p>\n","protected":false},"author":134,"featured_media":0,"parent":0,"menu_order":0,"comment_status":"closed","ping_status":"closed","template":"","meta":[],"acf":[],"_links":{"self":[{"href":"https:\/\/ecbblanca-bue.infd.edu.ar\/sitio\/wp-json\/wp\/v2\/pages\/3802"}],"collection":[{"href":"https:\/\/ecbblanca-bue.infd.edu.ar\/sitio\/wp-json\/wp\/v2\/pages"}],"about":[{"href":"https:\/\/ecbblanca-bue.infd.edu.ar\/sitio\/wp-json\/wp\/v2\/types\/page"}],"author":[{"embeddable":true,"href":"https:\/\/ecbblanca-bue.infd.edu.ar\/sitio\/wp-json\/wp\/v2\/users\/134"}],"replies":[{"embeddable":true,"href":"https:\/\/ecbblanca-bue.infd.edu.ar\/sitio\/wp-json\/wp\/v2\/comments?post=3802"}],"version-history":[{"count":1,"href":"https:\/\/ecbblanca-bue.infd.edu.ar\/sitio\/wp-json\/wp\/v2\/pages\/3802\/revisions"}],"predecessor-version":[{"id":3803,"href":"https:\/\/ecbblanca-bue.infd.edu.ar\/sitio\/wp-json\/wp\/v2\/pages\/3802\/revisions\/3803"}],"wp:attachment":[{"href":"https:\/\/ecbblanca-bue.infd.edu.ar\/sitio\/wp-json\/wp\/v2\/media?parent=3802"}],"curies":[{"name":"wp","href":"https:\/\/api.w.org\/{rel}","templated":true}]}}