{"id":286,"date":"2016-10-31T13:17:59","date_gmt":"2016-10-31T16:17:59","guid":{"rendered":"https:\/\/ecbblanca-bue.infd.edu.ar\/sitio\/?page_id=286"},"modified":"2026-03-26T18:45:57","modified_gmt":"2026-03-26T21:45:57","slug":"inicio","status":"publish","type":"page","link":"https:\/\/ecbblanca-bue.infd.edu.ar\/sitio\/","title":{"rendered":"INICIO"},"content":{"rendered":"<p style=\"text-align: center;\"><strong>Ense\u00f1anza P\u00fablica, Estatal y Gratuita<\/strong><\/p>\n<h2 style=\"text-align: center;\"><span style=\"color: #00ff00;\"><a style=\"color: #00ff00;\" href=\"https:\/\/ecbblanca-bue.infd.edu.ar\/sitio\/oferta-academica\/inscripcion-ingresantes\/\"><span style=\"color: #ff9900;\"><strong><span style=\"color: #cc99ff;\">\u25ca<\/span><\/strong>&nbsp; <strong>INSCRIPCIONES INGRESANTES CICLO<\/strong> 2026&nbsp; <span style=\"color: #cc99ff;\"><strong>\u25ca<\/strong><\/span><\/span><\/a><\/span><\/h2>\n<p style=\"text-align: center;\"><img decoding=\"async\" loading=\"lazy\" class=\"alignnone wp-image-3734 \" src=\"https:\/\/ecbblanca-bue.infd.edu.ar\/sitio\/wp-content\/uploads\/2025\/03\/fuerza-bahia-e1743195846357-1000x415.png\" alt=\"\" width=\"542\" height=\"225\"><\/p>\n<p style=\"text-align: center;\">\n<p><img decoding=\"async\" loading=\"lazy\" class=\"aligncenter wp-image-3650\" src=\"https:\/\/ecbblanca-bue.infd.edu.ar\/sitio\/wp-content\/uploads\/2025\/02\/inscripcion-1000x200.png\" alt=\"\" width=\"899\" height=\"180\" srcset=\"https:\/\/ecbblanca-bue.infd.edu.ar\/sitio\/wp-content\/uploads\/2025\/02\/inscripcion-1000x200.png 1000w, https:\/\/ecbblanca-bue.infd.edu.ar\/sitio\/wp-content\/uploads\/2025\/02\/inscripcion-1900x381.png 1900w, https:\/\/ecbblanca-bue.infd.edu.ar\/sitio\/wp-content\/uploads\/2025\/02\/inscripcion-768x154.png 768w, https:\/\/ecbblanca-bue.infd.edu.ar\/sitio\/wp-content\/uploads\/2025\/02\/inscripcion-1536x308.png 1536w, https:\/\/ecbblanca-bue.infd.edu.ar\/sitio\/wp-content\/uploads\/2025\/02\/inscripcion-2048x410.png 2048w\" sizes=\"(max-width: 899px) 100vw, 899px\" \/><\/p>\n<h5 style=\"text-align: center;\">SELECCION\u00c1 LA CARRERA QUE TE INTERESA<\/h5>\n<p style=\"text-align: center;\"><a href=\"https:\/\/ecbblanca-bue.infd.edu.ar\/sitio\/planillas-y-otros-documentos\/#insc-cla\"><img decoding=\"async\" loading=\"lazy\" class=\"alignnone wp-image-1371\" style=\"\u201ddisplay: block;\" src=\"https:\/\/ecbblanca-bue.infd.edu.ar\/sitio\/wp-content\/uploads\/2020\/08\/Baners-web-por-carrera-CLASICO.jpg\" alt=\"\" width=\"135\" height=\"270\"><\/a><a href=\"https:\/\/ecbblanca-bue.infd.edu.ar\/sitio\/planillas-y-otros-documentos\/#insc-exp-folk\"><img decoding=\"async\" loading=\"lazy\" class=\"alignnone wp-image-1376\" style=\"\u201ddisplay: block;\" src=\"https:\/\/ecbblanca-bue.infd.edu.ar\/sitio\/wp-content\/uploads\/2020\/08\/Baners-web-por-carrera-EXPRESION-1.jpg\" alt=\"\" width=\"135\" height=\"270\"><\/a><a href=\"https:\/\/ecbblanca-bue.infd.edu.ar\/sitio\/planillas-y-otros-documentos\/#insc-cont\"><img decoding=\"async\" loading=\"lazy\" class=\"alignnone wp-image-1377\" style=\"\u201ddisplay: block;\" src=\"https:\/\/ecbblanca-bue.infd.edu.ar\/sitio\/wp-content\/uploads\/2020\/08\/Baners-web-por-carrera-CONTEMPORANEO-1.jpg\" alt=\"\" width=\"135\" height=\"270\"><\/a><a href=\"index.cgi?wid_seccion=19\"><img decoding=\"async\" loading=\"lazy\" class=\"alignnone wp-image-1374\" src=\"https:\/\/ecbblanca-bue.infd.edu.ar\/sitio\/wp-content\/uploads\/2020\/08\/Baners-web-por-carrera-TANGO.jpg\" alt=\"\" width=\"135\" height=\"270\"><\/a><a href=\"https:\/\/ecbblanca-bue.infd.edu.ar\/sitio\/planillas-y-otros-documentos\/#insc-exp-folk\"><img decoding=\"async\" loading=\"lazy\" class=\"alignnone wp-image-1424\" src=\"https:\/\/ecbblanca-bue.infd.edu.ar\/sitio\/wp-content\/uploads\/2020\/09\/Baners-web-por-carrera-FOLKLORE.jpg\" alt=\"\" width=\"135\" height=\"270\"><\/a><\/p>\n<p>La Escuela&nbsp;de Danzas de Bah\u00eda Blanca es un Instituto de nivel Superior de Formaci\u00f3n Docente y T\u00e9cnico Profesional de ense\u00f1anza art\u00edstica, dependiente de la Direcci\u00f3n General de Cultura y Educaci\u00f3n de la Provincia de Buenos Aires. Desde 1957 se propone en su accionar la construcci\u00f3n, investigaci\u00f3n, intercambio y difusi\u00f3n de conocimientos relativos a las artes del movimiento,&nbsp;&nbsp;con el objeto de concretar la formaci\u00f3n y capacitaci\u00f3n de profesionales, desde una oferta educativa que comprende&nbsp;programas de Pregrado, Grado Docente y T\u00e9cnico Profesional en las orientaciones: Danza Cl\u00e1sica, Danza Contempor\u00e1nea, Danzas Folkl\u00f3ricas, Expresi\u00f3n Corporal y Tango. A trav\u00e9s de su&nbsp;programa de extensi\u00f3n y actividad comunitaria (Ballet infantil y Juvenil), favorece el desarrollo y crecimiento de la cultura regional.<\/p>\n<p style=\"text-align: center;\"><em>Seguinos en<\/em>&nbsp; <a title=\"P\u00e1gina Facebook\" href=\"https:\/\/www.instagram.com\/escueladanzas\/\" target=\"_blank\" rel=\"noopener\"><img decoding=\"async\" loading=\"lazy\" class=\"alignnone wp-image-1401\" src=\"https:\/\/ecbblanca-bue.infd.edu.ar\/sitio\/wp-content\/uploads\/2020\/09\/Logo-Instagram.png\" alt=\"\" width=\"19\" height=\"19\" srcset=\"https:\/\/ecbblanca-bue.infd.edu.ar\/sitio\/wp-content\/uploads\/2020\/09\/Logo-Instagram.png 512w, https:\/\/ecbblanca-bue.infd.edu.ar\/sitio\/wp-content\/uploads\/2020\/09\/Logo-Instagram-500x500.png 500w\" sizes=\"(max-width: 19px) 100vw, 19px\" \/><\/a>&nbsp; <a href=\"https:\/\/www.facebook.com\/escueladedanzabahiablanca\/\" target=\"_blank\" rel=\"noopener\"><img decoding=\"async\" loading=\"lazy\" class=\"alignnone wp-image-1400\" src=\"https:\/\/ecbblanca-bue.infd.edu.ar\/sitio\/wp-content\/uploads\/2020\/09\/Logo-Facebook.png\" alt=\"\" width=\"20\" height=\"20\" srcset=\"https:\/\/ecbblanca-bue.infd.edu.ar\/sitio\/wp-content\/uploads\/2020\/09\/Logo-Facebook.png 512w, https:\/\/ecbblanca-bue.infd.edu.ar\/sitio\/wp-content\/uploads\/2020\/09\/Logo-Facebook-500x500.png 500w\" sizes=\"(max-width: 20px) 100vw, 20px\" \/><\/a><strong>&nbsp;<\/strong><strong><br \/>\n\u25ba <a href=\"https:\/\/linktr.ee\/edbb\">Todas nuestras redes<\/a> \u25c4<\/strong><\/p>\n<p style=\"text-align: center;\"><iframe loading=\"lazy\" src=\"https:\/\/www.youtube.com\/embed\/OZb0a4CWXeU\" width=\"672\" height=\"378\" frameborder=\"0\" allowfullscreen=\"allowfullscreen\"><\/iframe><\/p>\n<p style=\"text-align: center;\">\n<hr>\n<h3 style=\"text-align: center;\"><a href=\"https:\/\/ecbblanca-bue.infd.edu.ar\/sitio\/pi-y-regimen-academico-institucional\/\"><span style=\"color: #339966; font-size: 12pt;\"><span style=\"color: #339966;\"><strong>R\u00e9gimen Acad\u00e9mico Institucional<\/strong><\/span><\/span><\/a><\/h3>\n<hr>\n<p style=\"text-align: center;\">\n<p><strong>Escuela de Danzas de Bah\u00eda Blanca <\/strong><strong>Direcci\u00f3n: <\/strong>Brown 128 &#8211; 2\u00b0 Piso <strong>Tel\u00e9fono: <\/strong>(0291) 453-4132 <strong>E-mail:<\/strong> <a href=\"mailto:danzasclasicasbahiablanca@abc.gob.ar\">danzasclasicasbahiablanca@abc.gob.ar<\/a> <strong>Horario de atenci\u00f3n:<\/strong> de lunes a viernes de 08:00 a 22:00<\/p>\n","protected":false},"excerpt":{"rendered":"<p>Ense\u00f1anza P\u00fablica, Estatal y Gratuita \u25ca&nbsp; INSCRIPCIONES INGRESANTES CICLO 2026&nbsp; \u25ca SELECCION\u00c1 LA CARRERA QUE TE INTERESA La Escuela&nbsp;de Danzas de Bah\u00eda Blanca es un Instituto de nivel Superior de Formaci\u00f3n Docente y T\u00e9cnico Profesional de ense\u00f1anza art\u00edstica, dependiente de la Direcci\u00f3n General de Cultura y Educaci\u00f3n de la Provincia de Buenos Aires. Desde 1957 &#8230; <a title=\"INICIO\" class=\"read-more\" href=\"https:\/\/ecbblanca-bue.infd.edu.ar\/sitio\/\" aria-label=\"More on INICIO\">[+]<\/a><\/p>\n","protected":false},"author":1,"featured_media":0,"parent":0,"menu_order":0,"comment_status":"closed","ping_status":"closed","template":"","meta":[],"acf":[],"_links":{"self":[{"href":"https:\/\/ecbblanca-bue.infd.edu.ar\/sitio\/wp-json\/wp\/v2\/pages\/286"}],"collection":[{"href":"https:\/\/ecbblanca-bue.infd.edu.ar\/sitio\/wp-json\/wp\/v2\/pages"}],"about":[{"href":"https:\/\/ecbblanca-bue.infd.edu.ar\/sitio\/wp-json\/wp\/v2\/types\/page"}],"author":[{"embeddable":true,"href":"https:\/\/ecbblanca-bue.infd.edu.ar\/sitio\/wp-json\/wp\/v2\/users\/1"}],"replies":[{"embeddable":true,"href":"https:\/\/ecbblanca-bue.infd.edu.ar\/sitio\/wp-json\/wp\/v2\/comments?post=286"}],"version-history":[{"count":251,"href":"https:\/\/ecbblanca-bue.infd.edu.ar\/sitio\/wp-json\/wp\/v2\/pages\/286\/revisions"}],"predecessor-version":[{"id":4004,"href":"https:\/\/ecbblanca-bue.infd.edu.ar\/sitio\/wp-json\/wp\/v2\/pages\/286\/revisions\/4004"}],"wp:attachment":[{"href":"https:\/\/ecbblanca-bue.infd.edu.ar\/sitio\/wp-json\/wp\/v2\/media?parent=286"}],"curies":[{"name":"wp","href":"https:\/\/api.w.org\/{rel}","templated":true}]}}