{"id":2198,"date":"2023-03-31T20:10:45","date_gmt":"2023-03-31T23:10:45","guid":{"rendered":"https:\/\/ecbblanca-bue.infd.edu.ar\/sitio\/?page_id=2198"},"modified":"2024-11-29T16:22:02","modified_gmt":"2024-11-29T19:22:02","slug":"formulario-informacion-de-funciones","status":"publish","type":"page","link":"https:\/\/ecbblanca-bue.infd.edu.ar\/sitio\/formulario-informacion-de-funciones\/","title":{"rendered":"Formulario informaci\u00f3n de funciones"},"content":{"rendered":"\n<p>En el siguiente formulario se recopila la informaci\u00f3n sobre <strong>detalles t\u00e9cnicos <\/strong>y datos para <strong>programas de funciones<\/strong>.<\/p>\n\n\n\n<div class=\"wp-block-buttons is-layout-flex\">\n<div class=\"wp-block-button\"><a class=\"wp-block-button__link has-background wp-element-button\" href=\"https:\/\/forms.gle\/ocvKVuhy1dUCLnsp7\" style=\"background-color:#3e5de8\" target=\"_blank\" rel=\"noreferrer noopener\">Click aqu\u00ed para completar el formulario<\/a><\/div>\n<\/div>\n\n\n\n<h2 class=\"wp-block-heading\">RECOMENDACIONES<\/h2>\n\n\n\n<ul>\n<li>Trabajar en los ensayos y clases con archivos de audio en buena calidad e intentando que sean los <strong>definitivos<\/strong>. No est\u00e1 mal probar m\u00fasicas desde YouTube, Spotify u otras plataformas pero una vez que se ha decidido una m\u00fasica, se debe <strong>conseguir el archivo<\/strong>. Puede dejarse ese archivo en las netbooks de las aulas de ser necesario.<\/li>\n<\/ul>\n\n\n\n<ul>\n<li><strong>No utilizar WhatsApp <\/strong>para la transferencia de archivos musicales ya que pierden mucha calidad.<\/li>\n<\/ul>\n\n\n\n<ul>\n<li>No usar grabaciones de video donde la m\u00fasica haya sido capturada \u201cde aire\u201d. En general esos audios traen muchos problemas entre los que es muy com\u00fan que se escuchen ruidos de ambiente (toses, aplausos) y que la m\u00fasica se oiga \u201clejana\u201d y fea.<\/li>\n<\/ul>\n\n\n\n<p>Por ediciones o b\u00fasquedas de m\u00fasicas o sonidos; por indicaciones puntuales o consultas de iluminaci\u00f3n; y ante cualquier duda contactar con la EMATP (Encargada de Medios y Apoyo T\u00e9cnico Pedag\u00f3gico) con varios d\u00edas de anticipaci\u00f3n al evento. Escribir a ematpdanza@gmail.com<\/p>\n","protected":false},"excerpt":{"rendered":"<p>En el siguiente formulario se recopila la informaci\u00f3n sobre detalles t\u00e9cnicos y datos para programas de funciones. RECOMENDACIONES Por ediciones o b\u00fasquedas de m\u00fasicas o sonidos; por indicaciones puntuales o consultas de iluminaci\u00f3n; y ante cualquier duda contactar con la EMATP (Encargada de Medios y Apoyo T\u00e9cnico Pedag\u00f3gico) con varios d\u00edas de anticipaci\u00f3n al evento. &#8230; <a title=\"Formulario informaci\u00f3n de funciones\" class=\"read-more\" href=\"https:\/\/ecbblanca-bue.infd.edu.ar\/sitio\/formulario-informacion-de-funciones\/\" aria-label=\"More on Formulario informaci\u00f3n de funciones\">[+]<\/a><\/p>\n","protected":false},"author":615,"featured_media":0,"parent":0,"menu_order":0,"comment_status":"closed","ping_status":"closed","template":"","meta":[],"acf":[],"_links":{"self":[{"href":"https:\/\/ecbblanca-bue.infd.edu.ar\/sitio\/wp-json\/wp\/v2\/pages\/2198"}],"collection":[{"href":"https:\/\/ecbblanca-bue.infd.edu.ar\/sitio\/wp-json\/wp\/v2\/pages"}],"about":[{"href":"https:\/\/ecbblanca-bue.infd.edu.ar\/sitio\/wp-json\/wp\/v2\/types\/page"}],"author":[{"embeddable":true,"href":"https:\/\/ecbblanca-bue.infd.edu.ar\/sitio\/wp-json\/wp\/v2\/users\/615"}],"replies":[{"embeddable":true,"href":"https:\/\/ecbblanca-bue.infd.edu.ar\/sitio\/wp-json\/wp\/v2\/comments?post=2198"}],"version-history":[{"count":3,"href":"https:\/\/ecbblanca-bue.infd.edu.ar\/sitio\/wp-json\/wp\/v2\/pages\/2198\/revisions"}],"predecessor-version":[{"id":3208,"href":"https:\/\/ecbblanca-bue.infd.edu.ar\/sitio\/wp-json\/wp\/v2\/pages\/2198\/revisions\/3208"}],"wp:attachment":[{"href":"https:\/\/ecbblanca-bue.infd.edu.ar\/sitio\/wp-json\/wp\/v2\/media?parent=2198"}],"curies":[{"name":"wp","href":"https:\/\/api.w.org\/{rel}","templated":true}]}}