{"id":2181,"date":"2023-03-20T14:02:14","date_gmt":"2023-03-20T17:02:14","guid":{"rendered":"https:\/\/ecbblanca-bue.infd.edu.ar\/sitio\/?page_id=2181"},"modified":"2026-04-27T14:37:58","modified_gmt":"2026-04-27T17:37:58","slug":"becas-progresar","status":"publish","type":"page","link":"https:\/\/ecbblanca-bue.infd.edu.ar\/sitio\/becas-progresar\/","title":{"rendered":"Becas PROGRESAR"},"content":{"rendered":"\n<p><\/p>\n\n\n\n<p class=\"has-text-align-center has-accent-color has-text-color has-large-font-size\">INSCRIPCI\u00d3N 2026:<strong> del 6\/4 al 30\/4<\/strong><\/p>\n\n\n\n<p class=\"has-text-align-center\"><a rel=\"noreferrer noopener\" href=\"https:\/\/drive.google.com\/file\/d\/1IEHWPRbluCpjvg_M1p_qafHBuWZ9k60S\/view?usp=sharing\" target=\"_blank\">INSTRUCTIVO<\/a><\/p>\n\n\n\n<p class=\"has-text-align-center has-large-font-size\">ANTES DE REALIZAR TU INSCRIPCI\u00d3N LEE ATENTAMENTE LA SECCI\u00d3N <a href=\"#eligiendocarrera\" data-type=\"internal\" data-id=\"#eligiendocarrera\">ELIGIENDO MI CARRERA Y CICLO<\/a><\/p>\n\n\n<div class=\"wp-block-image\">\n<figure class=\"aligncenter size-large is-resized\"><img decoding=\"async\" loading=\"lazy\" src=\"https:\/\/ecbblanca-bue.infd.edu.ar\/sitio\/wp-content\/uploads\/2026\/04\/Brief-Progresar-Superior-2026_Baja_001-1069x1900.png\" alt=\"\" class=\"wp-image-4016\" width=\"535\" height=\"950\" srcset=\"https:\/\/ecbblanca-bue.infd.edu.ar\/sitio\/wp-content\/uploads\/2026\/04\/Brief-Progresar-Superior-2026_Baja_001-1069x1900.png 1069w, https:\/\/ecbblanca-bue.infd.edu.ar\/sitio\/wp-content\/uploads\/2026\/04\/Brief-Progresar-Superior-2026_Baja_001-563x1000.png 563w, https:\/\/ecbblanca-bue.infd.edu.ar\/sitio\/wp-content\/uploads\/2026\/04\/Brief-Progresar-Superior-2026_Baja_001-768x1365.png 768w, https:\/\/ecbblanca-bue.infd.edu.ar\/sitio\/wp-content\/uploads\/2026\/04\/Brief-Progresar-Superior-2026_Baja_001-864x1536.png 864w, https:\/\/ecbblanca-bue.infd.edu.ar\/sitio\/wp-content\/uploads\/2026\/04\/Brief-Progresar-Superior-2026_Baja_001.png 1080w\" sizes=\"(max-width: 535px) 100vw, 535px\" \/><\/figure><\/div>\n\n<div class=\"wp-block-image\">\n<figure class=\"aligncenter size-large is-resized\"><img decoding=\"async\" loading=\"lazy\" src=\"https:\/\/ecbblanca-bue.infd.edu.ar\/sitio\/wp-content\/uploads\/2026\/04\/Brief-Progresar-Superior-2026_Baja_006-1069x1900.png\" alt=\"\" class=\"wp-image-4023\" width=\"535\" height=\"950\" srcset=\"https:\/\/ecbblanca-bue.infd.edu.ar\/sitio\/wp-content\/uploads\/2026\/04\/Brief-Progresar-Superior-2026_Baja_006-1069x1900.png 1069w, https:\/\/ecbblanca-bue.infd.edu.ar\/sitio\/wp-content\/uploads\/2026\/04\/Brief-Progresar-Superior-2026_Baja_006-563x1000.png 563w, https:\/\/ecbblanca-bue.infd.edu.ar\/sitio\/wp-content\/uploads\/2026\/04\/Brief-Progresar-Superior-2026_Baja_006-768x1365.png 768w, https:\/\/ecbblanca-bue.infd.edu.ar\/sitio\/wp-content\/uploads\/2026\/04\/Brief-Progresar-Superior-2026_Baja_006-864x1536.png 864w, https:\/\/ecbblanca-bue.infd.edu.ar\/sitio\/wp-content\/uploads\/2026\/04\/Brief-Progresar-Superior-2026_Baja_006.png 1080w\" sizes=\"(max-width: 535px) 100vw, 535px\" \/><\/figure><\/div>\n\n<div class=\"wp-block-image\">\n<figure class=\"aligncenter size-large is-resized\"><img decoding=\"async\" loading=\"lazy\" src=\"https:\/\/ecbblanca-bue.infd.edu.ar\/sitio\/wp-content\/uploads\/2026\/04\/Brief-Progresar-Superior-2026_Baja_002-1069x1900.png\" alt=\"\" class=\"wp-image-4017\" width=\"535\" height=\"950\" srcset=\"https:\/\/ecbblanca-bue.infd.edu.ar\/sitio\/wp-content\/uploads\/2026\/04\/Brief-Progresar-Superior-2026_Baja_002-1069x1900.png 1069w, https:\/\/ecbblanca-bue.infd.edu.ar\/sitio\/wp-content\/uploads\/2026\/04\/Brief-Progresar-Superior-2026_Baja_002-563x1000.png 563w, https:\/\/ecbblanca-bue.infd.edu.ar\/sitio\/wp-content\/uploads\/2026\/04\/Brief-Progresar-Superior-2026_Baja_002-768x1365.png 768w, https:\/\/ecbblanca-bue.infd.edu.ar\/sitio\/wp-content\/uploads\/2026\/04\/Brief-Progresar-Superior-2026_Baja_002-864x1536.png 864w, https:\/\/ecbblanca-bue.infd.edu.ar\/sitio\/wp-content\/uploads\/2026\/04\/Brief-Progresar-Superior-2026_Baja_002.png 1080w\" sizes=\"(max-width: 535px) 100vw, 535px\" \/><\/figure><\/div>\n\n<div class=\"wp-block-image\">\n<figure class=\"aligncenter size-large is-resized\"><img decoding=\"async\" loading=\"lazy\" src=\"https:\/\/ecbblanca-bue.infd.edu.ar\/sitio\/wp-content\/uploads\/2026\/04\/Brief-Progresar-Superior-2026_Baja_003-1069x1900.png\" alt=\"\" class=\"wp-image-4018\" width=\"535\" height=\"950\" srcset=\"https:\/\/ecbblanca-bue.infd.edu.ar\/sitio\/wp-content\/uploads\/2026\/04\/Brief-Progresar-Superior-2026_Baja_003-1069x1900.png 1069w, https:\/\/ecbblanca-bue.infd.edu.ar\/sitio\/wp-content\/uploads\/2026\/04\/Brief-Progresar-Superior-2026_Baja_003-563x1000.png 563w, https:\/\/ecbblanca-bue.infd.edu.ar\/sitio\/wp-content\/uploads\/2026\/04\/Brief-Progresar-Superior-2026_Baja_003-768x1365.png 768w, https:\/\/ecbblanca-bue.infd.edu.ar\/sitio\/wp-content\/uploads\/2026\/04\/Brief-Progresar-Superior-2026_Baja_003-864x1536.png 864w, https:\/\/ecbblanca-bue.infd.edu.ar\/sitio\/wp-content\/uploads\/2026\/04\/Brief-Progresar-Superior-2026_Baja_003.png 1080w\" sizes=\"(max-width: 535px) 100vw, 535px\" \/><\/figure><\/div>\n\n<div class=\"wp-block-image\">\n<figure class=\"aligncenter size-large is-resized\"><img decoding=\"async\" loading=\"lazy\" src=\"https:\/\/ecbblanca-bue.infd.edu.ar\/sitio\/wp-content\/uploads\/2026\/04\/Brief-Progresar-Superior-2026_Baja_004-1-1069x1900.png\" alt=\"\" class=\"wp-image-4021\" width=\"535\" height=\"950\" srcset=\"https:\/\/ecbblanca-bue.infd.edu.ar\/sitio\/wp-content\/uploads\/2026\/04\/Brief-Progresar-Superior-2026_Baja_004-1-1069x1900.png 1069w, https:\/\/ecbblanca-bue.infd.edu.ar\/sitio\/wp-content\/uploads\/2026\/04\/Brief-Progresar-Superior-2026_Baja_004-1-563x1000.png 563w, https:\/\/ecbblanca-bue.infd.edu.ar\/sitio\/wp-content\/uploads\/2026\/04\/Brief-Progresar-Superior-2026_Baja_004-1-768x1365.png 768w, https:\/\/ecbblanca-bue.infd.edu.ar\/sitio\/wp-content\/uploads\/2026\/04\/Brief-Progresar-Superior-2026_Baja_004-1-864x1536.png 864w, https:\/\/ecbblanca-bue.infd.edu.ar\/sitio\/wp-content\/uploads\/2026\/04\/Brief-Progresar-Superior-2026_Baja_004-1.png 1080w\" sizes=\"(max-width: 535px) 100vw, 535px\" \/><\/figure><\/div>\n\n<div class=\"wp-block-image\">\n<figure class=\"aligncenter size-large is-resized\"><img decoding=\"async\" loading=\"lazy\" src=\"https:\/\/ecbblanca-bue.infd.edu.ar\/sitio\/wp-content\/uploads\/2026\/04\/Brief-Progresar-Superior-2026_Baja_005-1069x1900.png\" alt=\"\" class=\"wp-image-4022\" width=\"535\" height=\"950\" srcset=\"https:\/\/ecbblanca-bue.infd.edu.ar\/sitio\/wp-content\/uploads\/2026\/04\/Brief-Progresar-Superior-2026_Baja_005-1069x1900.png 1069w, https:\/\/ecbblanca-bue.infd.edu.ar\/sitio\/wp-content\/uploads\/2026\/04\/Brief-Progresar-Superior-2026_Baja_005-563x1000.png 563w, https:\/\/ecbblanca-bue.infd.edu.ar\/sitio\/wp-content\/uploads\/2026\/04\/Brief-Progresar-Superior-2026_Baja_005-768x1365.png 768w, https:\/\/ecbblanca-bue.infd.edu.ar\/sitio\/wp-content\/uploads\/2026\/04\/Brief-Progresar-Superior-2026_Baja_005-864x1536.png 864w, https:\/\/ecbblanca-bue.infd.edu.ar\/sitio\/wp-content\/uploads\/2026\/04\/Brief-Progresar-Superior-2026_Baja_005.png 1080w\" sizes=\"(max-width: 535px) 100vw, 535px\" \/><\/figure><\/div>\n\n<div class=\"wp-block-image\">\n<figure class=\"aligncenter size-large is-resized\"><img decoding=\"async\" loading=\"lazy\" src=\"https:\/\/ecbblanca-bue.infd.edu.ar\/sitio\/wp-content\/uploads\/2026\/04\/Brief-Progresar-Superior-2026_Baja_007-1069x1900.png\" alt=\"\" class=\"wp-image-4024\" width=\"535\" height=\"950\" srcset=\"https:\/\/ecbblanca-bue.infd.edu.ar\/sitio\/wp-content\/uploads\/2026\/04\/Brief-Progresar-Superior-2026_Baja_007-1069x1900.png 1069w, https:\/\/ecbblanca-bue.infd.edu.ar\/sitio\/wp-content\/uploads\/2026\/04\/Brief-Progresar-Superior-2026_Baja_007-563x1000.png 563w, https:\/\/ecbblanca-bue.infd.edu.ar\/sitio\/wp-content\/uploads\/2026\/04\/Brief-Progresar-Superior-2026_Baja_007-768x1365.png 768w, https:\/\/ecbblanca-bue.infd.edu.ar\/sitio\/wp-content\/uploads\/2026\/04\/Brief-Progresar-Superior-2026_Baja_007-864x1536.png 864w, https:\/\/ecbblanca-bue.infd.edu.ar\/sitio\/wp-content\/uploads\/2026\/04\/Brief-Progresar-Superior-2026_Baja_007.png 1080w\" sizes=\"(max-width: 535px) 100vw, 535px\" \/><\/figure><\/div>\n\n\n<p>El tr\u00e1mite para postularte a las Becas PROGRESAR se realiza \u00edntegramente de <strong>forma digital.<\/strong><\/p>\n\n\n\n<p>Enlaces de inter\u00e9s: <\/p>\n\n\n\n<p><a href=\"https:\/\/www.argentina.gob.ar\/miargentina\" target=\"_blank\" rel=\"noreferrer noopener\">https:\/\/www.argentina.gob.ar\/miargentina<\/a>www.argentina.gob.ar\/miargentina<\/p>\n\n\n\n<p><a rel=\"noreferrer noopener\" href=\"https:\/\/www.argentina.gob.ar\/educacion\/progresar\" target=\"_blank\">www.argentina.gob.ar\/progresar<\/a> <\/p>\n\n\n\n<p><\/p>\n\n\n\n<h3 class=\"wp-block-heading\" id=\"eligiendocarrera\">Eligiendo mi carrera y ciclo<\/h3>\n\n\n\n<p class=\"has-medium-font-size\">Al momento de elegir tu carrera\/ciclo, record\u00e1 que <strong>el a\u00f1o de ingreso corresponde al del ingreso al ciclo<\/strong> (Formaci\u00f3n B\u00e1sica, Tecniactura o Profesorado correspondiente, no necesariamente al a\u00f1o de ingreso a la Escuela). <\/p>\n\n\n\n<p>La postulaci\u00f3n tiene car\u00e1cter de declaraci\u00f3n jurada, en caso de inscribirte a una carrera o ciclo que no corresponda, no se te puede certificar como estudiantes de la escuela. Te compartimos la siguiente informaci\u00f3n que puede ser \u00fatil para guiarte:<\/p>\n\n\n\n<figure class=\"wp-block-image size-full is-resized\"><img decoding=\"async\" loading=\"lazy\" src=\"https:\/\/ecbblanca-bue.infd.edu.ar\/sitio\/wp-content\/uploads\/2025\/04\/placa-exp-folk.png\" alt=\"\" class=\"wp-image-3753\" width=\"560\" height=\"560\" srcset=\"https:\/\/ecbblanca-bue.infd.edu.ar\/sitio\/wp-content\/uploads\/2025\/04\/placa-exp-folk.png 1613w, https:\/\/ecbblanca-bue.infd.edu.ar\/sitio\/wp-content\/uploads\/2025\/04\/placa-exp-folk-1000x1000.png 1000w, https:\/\/ecbblanca-bue.infd.edu.ar\/sitio\/wp-content\/uploads\/2025\/04\/placa-exp-folk-500x500.png 500w, https:\/\/ecbblanca-bue.infd.edu.ar\/sitio\/wp-content\/uploads\/2025\/04\/placa-exp-folk-768x768.png 768w, https:\/\/ecbblanca-bue.infd.edu.ar\/sitio\/wp-content\/uploads\/2025\/04\/placa-exp-folk-1536x1536.png 1536w\" sizes=\"(max-width: 560px) 100vw, 560px\" \/><\/figure>\n\n\n\n<figure class=\"wp-block-image size-full is-resized\"><img decoding=\"async\" loading=\"lazy\" src=\"https:\/\/ecbblanca-bue.infd.edu.ar\/sitio\/wp-content\/uploads\/2025\/04\/placa-contempo.png\" alt=\"\" class=\"wp-image-3754\" width=\"560\" height=\"560\" srcset=\"https:\/\/ecbblanca-bue.infd.edu.ar\/sitio\/wp-content\/uploads\/2025\/04\/placa-contempo.png 1613w, https:\/\/ecbblanca-bue.infd.edu.ar\/sitio\/wp-content\/uploads\/2025\/04\/placa-contempo-1000x1000.png 1000w, https:\/\/ecbblanca-bue.infd.edu.ar\/sitio\/wp-content\/uploads\/2025\/04\/placa-contempo-500x500.png 500w, https:\/\/ecbblanca-bue.infd.edu.ar\/sitio\/wp-content\/uploads\/2025\/04\/placa-contempo-768x768.png 768w, https:\/\/ecbblanca-bue.infd.edu.ar\/sitio\/wp-content\/uploads\/2025\/04\/placa-contempo-1536x1536.png 1536w\" sizes=\"(max-width: 560px) 100vw, 560px\" \/><\/figure>\n\n\n\n<figure class=\"wp-block-image size-full is-resized\"><img decoding=\"async\" loading=\"lazy\" src=\"https:\/\/ecbblanca-bue.infd.edu.ar\/sitio\/wp-content\/uploads\/2025\/04\/placa-clasico.png\" alt=\"\" class=\"wp-image-3755\" width=\"560\" height=\"560\" srcset=\"https:\/\/ecbblanca-bue.infd.edu.ar\/sitio\/wp-content\/uploads\/2025\/04\/placa-clasico.png 1613w, https:\/\/ecbblanca-bue.infd.edu.ar\/sitio\/wp-content\/uploads\/2025\/04\/placa-clasico-1000x1000.png 1000w, https:\/\/ecbblanca-bue.infd.edu.ar\/sitio\/wp-content\/uploads\/2025\/04\/placa-clasico-500x500.png 500w, https:\/\/ecbblanca-bue.infd.edu.ar\/sitio\/wp-content\/uploads\/2025\/04\/placa-clasico-768x768.png 768w, https:\/\/ecbblanca-bue.infd.edu.ar\/sitio\/wp-content\/uploads\/2025\/04\/placa-clasico-1536x1536.png 1536w\" sizes=\"(max-width: 560px) 100vw, 560px\" \/><\/figure>\n\n\n\n<figure class=\"wp-block-image size-full is-resized\"><img decoding=\"async\" loading=\"lazy\" src=\"https:\/\/ecbblanca-bue.infd.edu.ar\/sitio\/wp-content\/uploads\/2025\/04\/placa-tango.png\" alt=\"\" class=\"wp-image-3756\" width=\"560\" height=\"560\" srcset=\"https:\/\/ecbblanca-bue.infd.edu.ar\/sitio\/wp-content\/uploads\/2025\/04\/placa-tango.png 1613w, https:\/\/ecbblanca-bue.infd.edu.ar\/sitio\/wp-content\/uploads\/2025\/04\/placa-tango-1000x1000.png 1000w, https:\/\/ecbblanca-bue.infd.edu.ar\/sitio\/wp-content\/uploads\/2025\/04\/placa-tango-500x500.png 500w, https:\/\/ecbblanca-bue.infd.edu.ar\/sitio\/wp-content\/uploads\/2025\/04\/placa-tango-768x768.png 768w, https:\/\/ecbblanca-bue.infd.edu.ar\/sitio\/wp-content\/uploads\/2025\/04\/placa-tango-1536x1536.png 1536w\" sizes=\"(max-width: 560px) 100vw, 560px\" \/><\/figure>\n\n\n\n<p><\/p>\n\n\n\n<h3 class=\"wp-block-heading\"><a href=\"https:\/\/www.argentina.gob.ar\/educacion\/progresar\/preguntas-frecuentes-progresar\/educacion-superior-faq\">Preguntas Frecuentes<\/a><\/h3>\n","protected":false},"excerpt":{"rendered":"<p>INSCRIPCI\u00d3N 2026: del 6\/4 al 30\/4 INSTRUCTIVO ANTES DE REALIZAR TU INSCRIPCI\u00d3N LEE ATENTAMENTE LA SECCI\u00d3N ELIGIENDO MI CARRERA Y CICLO El tr\u00e1mite para postularte a las Becas PROGRESAR se realiza \u00edntegramente de forma digital. Enlaces de inter\u00e9s: https:\/\/www.argentina.gob.ar\/miargentinawww.argentina.gob.ar\/miargentina www.argentina.gob.ar\/progresar Eligiendo mi carrera y ciclo Al momento de elegir tu carrera\/ciclo, record\u00e1 que el a\u00f1o &#8230; <a title=\"Becas PROGRESAR\" class=\"read-more\" href=\"https:\/\/ecbblanca-bue.infd.edu.ar\/sitio\/becas-progresar\/\" aria-label=\"More on Becas PROGRESAR\">[+]<\/a><\/p>\n","protected":false},"author":134,"featured_media":0,"parent":0,"menu_order":0,"comment_status":"closed","ping_status":"closed","template":"","meta":[],"acf":[],"_links":{"self":[{"href":"https:\/\/ecbblanca-bue.infd.edu.ar\/sitio\/wp-json\/wp\/v2\/pages\/2181"}],"collection":[{"href":"https:\/\/ecbblanca-bue.infd.edu.ar\/sitio\/wp-json\/wp\/v2\/pages"}],"about":[{"href":"https:\/\/ecbblanca-bue.infd.edu.ar\/sitio\/wp-json\/wp\/v2\/types\/page"}],"author":[{"embeddable":true,"href":"https:\/\/ecbblanca-bue.infd.edu.ar\/sitio\/wp-json\/wp\/v2\/users\/134"}],"replies":[{"embeddable":true,"href":"https:\/\/ecbblanca-bue.infd.edu.ar\/sitio\/wp-json\/wp\/v2\/comments?post=2181"}],"version-history":[{"count":29,"href":"https:\/\/ecbblanca-bue.infd.edu.ar\/sitio\/wp-json\/wp\/v2\/pages\/2181\/revisions"}],"predecessor-version":[{"id":4028,"href":"https:\/\/ecbblanca-bue.infd.edu.ar\/sitio\/wp-json\/wp\/v2\/pages\/2181\/revisions\/4028"}],"wp:attachment":[{"href":"https:\/\/ecbblanca-bue.infd.edu.ar\/sitio\/wp-json\/wp\/v2\/media?parent=2181"}],"curies":[{"name":"wp","href":"https:\/\/api.w.org\/{rel}","templated":true}]}}