{"id":2084,"date":"2022-12-01T20:05:31","date_gmt":"2022-12-01T23:05:31","guid":{"rendered":"https:\/\/ecbblanca-bue.infd.edu.ar\/sitio\/?page_id=2084"},"modified":"2025-11-18T16:46:48","modified_gmt":"2025-11-18T19:46:48","slug":"preguntas-frecuentes-ingresantes","status":"publish","type":"page","link":"https:\/\/ecbblanca-bue.infd.edu.ar\/sitio\/preguntas-frecuentes-ingresantes\/","title":{"rendered":"Preguntas frecuentes &#8211; Ingresantes"},"content":{"rendered":"\n<p class=\"has-normal-font-size\"><strong><mark style=\"background-color:rgba(0, 0, 0, 0)\" class=\"has-inline-color has-vivid-purple-color\">\u00bfQu\u00e9 documentaci\u00f3n debo presentar para realizar la inscripci\u00f3n?<\/mark><\/strong><br>\u2022 Fotocopia del DNI.<br>\u2022 Fotocopia de carnet de Obra Social.<br>\u2022 Certificado de estudiante regular, anal\u00edtico o t\u00edtulo en tr\u00e1mite (seg\u00fan corresponda).<br>\u2022 Certificado de buena salud (expedido por m\u00e9dico personal, sala m\u00e9dica o centro de salud p\u00fablico o privado).<br><br>Planillas a completar y firmar por un adulto responsable (se podr\u00e1n retirar en la instituci\u00f3n abonando $500 o descargar e imprimir desde los enlaces respectivos):<br>\u2022 Ficha m\u00e9dica <a rel=\"noreferrer noopener\" href=\"https:\/\/drive.google.com\/file\/d\/1rgyvHKgGQQJoojtPnF3VvUUtBmSLAZUz\/view?usp=sharing\" target=\"_blank\">-Enlace de descarga-<\/a> (no requiere la firma de un m\u00e9dico ya que se considerar\u00e1 la misma como una declaraci\u00f3n jurada del estudiante, o de las familias en caso de menores de edad).<br>\u2022 Planilla de autorizaci\u00f3n de uso de imagen <a rel=\"noreferrer noopener\" href=\"https:\/\/drive.google.com\/file\/d\/1bLOOg6p6qFRNLtOa_vniYT3t25EdX7Xw\/view?usp=sharing\" target=\"_blank\">-Enlace de descarga-<\/a>.<br>\u2022 Planilla retiro de estudiantes <a rel=\"noreferrer noopener\" href=\"https:\/\/drive.google.com\/file\/d\/1clXpBCTr4ydeHflDYCwJ2i8QpsOfBPEI\/view?usp=sharing\" target=\"_blank\">-Enlace de descarga-<\/a>.<br>\u2022 Planilla de inscripci\u00f3n (seg\u00fan el nivel y modalidad que corresponda) <a rel=\"noreferrer noopener\" href=\"https:\/\/ecbblanca-bue.infd.edu.ar\/sitio\/planillas-y-otros-documentos\/\" data-type=\"URL\" data-id=\"https:\/\/ecbblanca-bue.infd.edu.ar\/sitio\/planillas-y-otros-documentos\/\" target=\"_blank\">-Enlace de descarga-<\/a>.<br><br>\u2022 Pago de cooperadora correspondiente a enero y febrero. La escuela se sostiene gracias al aporte desinteresado de toda la comunidad educativa con la Cooperadora. Te invitamos a ser parte de la misma y colaborar.&nbsp;<\/p>\n\n\n\n<p><strong><span class=\"has-inline-color has-vivid-purple-color\">\u00bfCu\u00e1nto debo pagar para estudiar en la Escuela de Danzas Alba Lutecia?<\/span><\/strong><br>Estudiar en la Escuela de Danzas es gratuito. Es una instituci\u00f3n p\u00fablica dependiente de la Provincia de Buenos Aires. Cuenta con una Asociaci\u00f3n Cooperadora de contribuci\u00f3n voluntaria. Te invitamos a ser parte de la misma y colaborar.&nbsp;<br><span class=\"has-inline-color has-white-color\">Precio Cuota Abonar Valor Inscripci\u00f3n Vale Valor Entrada Sale<\/span><\/p>\n\n\n\n<p><strong><mark style=\"background-color:rgba(0, 0, 0, 0)\" class=\"has-inline-color has-vivid-purple-color\">\u00bfEn qu\u00e9 horarios puedo inscribirme?<\/mark><\/strong><br>De lunes a viernes de 8 a 22 hs. en Brown 128 (2<sup>do<\/sup> piso)<\/p>\n\n\n\n<p><strong><span class=\"has-inline-color has-vivid-purple-color\">\u00bfQu\u00e9 son las \u00abFoBa\u00bb?<\/span><\/strong><br>FoBa es la abreviatura de <em>Formaci\u00f3n B\u00e1sica<\/em> y es la primera instancia educativa, que se debe cursar antes de ingresar a una carrera de grado. Existen distintas FoBa que preparan al estudiante seg\u00fan la carrera que haya elegido. Cuando hablamos de FoBa nos referimos a todo un ciclo que puede durar entre uno y varios a\u00f1os dependiendo de a qu\u00e9 carrera se refiera. Dentro de este ciclo el estudiante deber\u00e1 cursar distintas materias, principalmente pr\u00e1cticas.<\/p>\n\n\n\n<p><strong><span class=\"has-inline-color has-vivid-purple-color\">\u00bfA qu\u00e9 edad puede inscribirse en Danza Cl\u00e1sica?<\/span><\/strong><br>A los 7 a\u00f1os de edad cumplidos al 30 de junio.<\/p>\n\n\n\n<p><strong><mark style=\"background-color:rgba(0, 0, 0, 0)\" class=\"has-inline-color has-vivid-purple-color\">\u00bfD\u00f3nde se cursa?<\/mark>&nbsp;<\/strong><br>Se cursa en Brown 128 (2do) piso, a excepci\u00f3n de la carrera de Tango, la cual se dicta principalmente en la Extensi\u00f3n \u00c1ulica (EXTa), Escuela 505, Berutti 457.<\/p>\n\n\n\n<p><strong><span class=\"has-inline-color has-vivid-purple-color\">\u00bfSe puede cursar a distancia?<\/span><\/strong><br>No contamos con formaci\u00f3n a distancia ni semipresencial.&nbsp;<\/p>\n\n\n\n<p><strong><span class=\"has-inline-color has-vivid-purple-color\">\u00bfSe puede ingresar en la Escuela de Danzas sin tener experiencia previa en danza?<\/span><\/strong><br>Si. La formaci\u00f3n comienza desde cero. No es necesario tener experiencia previa, la escuela es para aprender.<\/p>\n\n\n\n<p><strong><mark style=\"background-color:rgba(0, 0, 0, 0)\" class=\"has-inline-color has-vivid-purple-color\">\u00bfEn qu\u00e9 horarios se cursa?<\/mark><\/strong><br>Depende la carrera y nivel. Pod\u00e9s ver los horarios en el siguiente enlace:<br><a href=\"https:\/\/ecbblanca-bue.infd.edu.ar\/sitio\/horarios-cursada\/\">Horarios cursadas <\/a><\/p>\n\n\n\n<p><br>Como s\u00edntesis, en las Formaciones B\u00e1sicas: <br>Expresi\u00f3n Corporal: de ma\u00f1ana de 8 a 12hs.<br>Danzas Folkl\u00f3ricas: de ma\u00f1ana de 8 a 12hs.<br>Danza Contempor\u00e1nea: vespertino de 18 a 22hs.<br>Danza Cl\u00e1sica: de ma\u00f1ana, tarde o vespertino.<br>Tango: vespertino de 18 a 22hs.<\/p>\n","protected":false},"excerpt":{"rendered":"<p>\u00bfQu\u00e9 documentaci\u00f3n debo presentar para realizar la inscripci\u00f3n?\u2022 Fotocopia del DNI.\u2022 Fotocopia de carnet de Obra Social.\u2022 Certificado de estudiante regular, anal\u00edtico o t\u00edtulo en tr\u00e1mite (seg\u00fan corresponda).\u2022 Certificado de buena salud (expedido por m\u00e9dico personal, sala m\u00e9dica o centro de salud p\u00fablico o privado). Planillas a completar y firmar por un adulto responsable (se &#8230; <a title=\"Preguntas frecuentes &#8211; Ingresantes\" class=\"read-more\" href=\"https:\/\/ecbblanca-bue.infd.edu.ar\/sitio\/preguntas-frecuentes-ingresantes\/\" aria-label=\"More on Preguntas frecuentes &#8211; Ingresantes\">[+]<\/a><\/p>\n","protected":false},"author":615,"featured_media":0,"parent":0,"menu_order":0,"comment_status":"closed","ping_status":"closed","template":"","meta":[],"acf":[],"_links":{"self":[{"href":"https:\/\/ecbblanca-bue.infd.edu.ar\/sitio\/wp-json\/wp\/v2\/pages\/2084"}],"collection":[{"href":"https:\/\/ecbblanca-bue.infd.edu.ar\/sitio\/wp-json\/wp\/v2\/pages"}],"about":[{"href":"https:\/\/ecbblanca-bue.infd.edu.ar\/sitio\/wp-json\/wp\/v2\/types\/page"}],"author":[{"embeddable":true,"href":"https:\/\/ecbblanca-bue.infd.edu.ar\/sitio\/wp-json\/wp\/v2\/users\/615"}],"replies":[{"embeddable":true,"href":"https:\/\/ecbblanca-bue.infd.edu.ar\/sitio\/wp-json\/wp\/v2\/comments?post=2084"}],"version-history":[{"count":26,"href":"https:\/\/ecbblanca-bue.infd.edu.ar\/sitio\/wp-json\/wp\/v2\/pages\/2084\/revisions"}],"predecessor-version":[{"id":3898,"href":"https:\/\/ecbblanca-bue.infd.edu.ar\/sitio\/wp-json\/wp\/v2\/pages\/2084\/revisions\/3898"}],"wp:attachment":[{"href":"https:\/\/ecbblanca-bue.infd.edu.ar\/sitio\/wp-json\/wp\/v2\/media?parent=2084"}],"curies":[{"name":"wp","href":"https:\/\/api.w.org\/{rel}","templated":true}]}}