{"id":1887,"date":"2022-06-28T16:32:06","date_gmt":"2022-06-28T19:32:06","guid":{"rendered":"https:\/\/ecbblanca-bue.infd.edu.ar\/sitio\/?page_id=1887"},"modified":"2024-02-26T20:19:06","modified_gmt":"2024-02-26T23:19:06","slug":"estudiantes-que-egresan","status":"publish","type":"page","link":"https:\/\/ecbblanca-bue.infd.edu.ar\/sitio\/estudiantes-que-egresan\/","title":{"rendered":"Egreso"},"content":{"rendered":"\n<p><\/p>\n\n\n\n<p>Quien haya completado la totalidad de la carrera y presentado la totalidad de la documentaci\u00f3n podr\u00e1 solicitar certificado de t\u00edtulo en tr\u00e1mite, lo que le permitir\u00e1 inscribirse a los listados docentes hasta tener el t\u00edtulo en mano.<\/p>\n\n\n\n<p><a href=\"https:\/\/drive.google.com\/file\/d\/1JFwyFCOjJo99osBvfrk-zH7O6QxGJblz\/view?usp=sharing\" data-type=\"URL\" data-id=\"https:\/\/drive.google.com\/file\/d\/1JFwyFCOjJo99osBvfrk-zH7O6QxGJblz\/view?usp=sharing\">CONSTANCIA INSCRIPCI\u00d3N A LA DOCENCIA<\/a><\/p>\n\n\n\n<p>Para comenzar tu tr\u00e1mite de t\u00edtulo, luego de acreditar el \u00faltimo final, ten\u00e9s que tener en cuenta lo siguiente:<\/p>\n\n\n\n<p>La documentaci\u00f3n de tu legajo debe estar completa, especialmente fotocopia de DNI y de t\u00edtulo secundario. <\/p>\n\n\n\n<p>Asimismo ten\u00e9s que entregar la Solicitud de T\u00edtulo y Libre deuda de biblioteca, completo y firmado, por vos y por biblioteca y preceptor\u00eda:<\/p>\n\n\n\n<p><a href=\"https:\/\/drive.google.com\/file\/d\/1Zje3yzDjV0IfXguYeYjcmxPqNRUTUo5D\/view?usp=sharing\" data-type=\"URL\">SOLICITUD DE T\u00cdTULO Y LIBRE DEUDA<\/a><\/p>\n\n\n\n<p>Para las tecnicaturas, adem\u00e1s deber\u00e1n traer completo y firmado el siguiente documento, que comunica la validez provincial del t\u00edtulo:<\/p>\n\n\n\n<p><a href=\"https:\/\/drive.google.com\/file\/d\/1-zV2KQpf51_AG1PUcFhT3GZhOGbNR3Cq\/view?usp=sharing\" data-type=\"URL\" data-id=\"https:\/\/drive.google.com\/file\/d\/1-zV2KQpf51_AG1PUcFhT3GZhOGbNR3Cq\/view?usp=sharing\">ACTA 1<\/a><\/p>\n\n\n\n<p>Luego de confeccionados los t\u00edtulos se requieren diferentes firmas a nivel provincial y local, lo que var\u00eda en tiempo seg\u00fan lo que se tarden los env\u00edos.<br>En cuanto la Escuela recibe los t\u00edtulos, se informar\u00e1 por campus virtual y redes sociales.<br>Para el retiro, por la persona que recibe el t\u00edtulo (ya que debe firmar el original y sus copias) deber\u00e1n prestar atenci\u00f3n a los horarios publicados por la regencia o escribir al mail que pueden encontrar en <a href=\"https:\/\/ecbblanca-bue.infd.edu.ar\/sitio\/autoridades-y-plantel-docente\/\" data-type=\"URL\" data-id=\"https:\/\/ecbblanca-bue.infd.edu.ar\/sitio\/autoridades-y-plantel-docente\/\">Plantel docente<\/a>.<\/p>\n","protected":false},"excerpt":{"rendered":"<p>Quien haya completado la totalidad de la carrera y presentado la totalidad de la documentaci\u00f3n podr\u00e1 solicitar certificado de t\u00edtulo en tr\u00e1mite, lo que le permitir\u00e1 inscribirse a los listados docentes hasta tener el t\u00edtulo en mano. CONSTANCIA INSCRIPCI\u00d3N A LA DOCENCIA Para comenzar tu tr\u00e1mite de t\u00edtulo, luego de acreditar el \u00faltimo final, ten\u00e9s &#8230; <a title=\"Egreso\" class=\"read-more\" href=\"https:\/\/ecbblanca-bue.infd.edu.ar\/sitio\/estudiantes-que-egresan\/\" aria-label=\"More on Egreso\">[+]<\/a><\/p>\n","protected":false},"author":134,"featured_media":0,"parent":0,"menu_order":0,"comment_status":"closed","ping_status":"closed","template":"","meta":[],"acf":[],"_links":{"self":[{"href":"https:\/\/ecbblanca-bue.infd.edu.ar\/sitio\/wp-json\/wp\/v2\/pages\/1887"}],"collection":[{"href":"https:\/\/ecbblanca-bue.infd.edu.ar\/sitio\/wp-json\/wp\/v2\/pages"}],"about":[{"href":"https:\/\/ecbblanca-bue.infd.edu.ar\/sitio\/wp-json\/wp\/v2\/types\/page"}],"author":[{"embeddable":true,"href":"https:\/\/ecbblanca-bue.infd.edu.ar\/sitio\/wp-json\/wp\/v2\/users\/134"}],"replies":[{"embeddable":true,"href":"https:\/\/ecbblanca-bue.infd.edu.ar\/sitio\/wp-json\/wp\/v2\/comments?post=1887"}],"version-history":[{"count":5,"href":"https:\/\/ecbblanca-bue.infd.edu.ar\/sitio\/wp-json\/wp\/v2\/pages\/1887\/revisions"}],"predecessor-version":[{"id":2848,"href":"https:\/\/ecbblanca-bue.infd.edu.ar\/sitio\/wp-json\/wp\/v2\/pages\/1887\/revisions\/2848"}],"wp:attachment":[{"href":"https:\/\/ecbblanca-bue.infd.edu.ar\/sitio\/wp-json\/wp\/v2\/media?parent=1887"}],"curies":[{"name":"wp","href":"https:\/\/api.w.org\/{rel}","templated":true}]}}