{"id":1850,"date":"2022-03-30T18:42:37","date_gmt":"2022-03-30T21:42:37","guid":{"rendered":"https:\/\/ecbblanca-bue.infd.edu.ar\/sitio\/?page_id=1850"},"modified":"2025-03-27T19:57:30","modified_gmt":"2025-03-27T22:57:30","slug":"espacios-extension","status":"publish","type":"page","link":"https:\/\/ecbblanca-bue.infd.edu.ar\/sitio\/espacios-extension\/","title":{"rendered":"Espacios de extensi\u00f3n"},"content":{"rendered":"\n<p>Si sos estudiante o egresado\/a pod\u00e9s inscribirte en los <em><strong>Espacios de Extensi\u00f3n<\/strong><\/em> de la Escuela de Danzas.<\/p>\n\n\n\n<p>El ciclo de <em>Trayectorias Formativas <\/em>se dicta los <strong>d\u00edas s\u00e1bados <\/strong>en el siguiente horario:<br><mark style=\"background-color:rgba(0, 0, 0, 0);color:#f01cc2\" class=\"has-inline-color\"><strong>Compa\u00f1\u00eda de Danza Cl\u00e1sica Infantil<\/strong><\/mark>: 9 a 13 hs. | <kbd><a rel=\"noreferrer noopener\" href=\"https:\/\/ecbblanca-bue.infd.edu.ar\/sitio\/ballet-infantil-clasico\/\" target=\"_blank\">INFO<\/a><\/kbd> |<br><strong><mark style=\"background-color:rgba(0, 0, 0, 0);color:#f01cc2\" class=\"has-inline-color\">Compa\u00f1\u00eda de Danza Cl\u00e1sica Juvenil<\/mark><\/strong>: 13 a 17 hs. | <a rel=\"noreferrer noopener\" href=\"https:\/\/ecbblanca-bue.infd.edu.ar\/sitio\/ballet-juvenil-clasico\/\" target=\"_blank\"><kbd>INFO<\/kbd><\/a> |<br><mark style=\"background-color:rgba(0, 0, 0, 0)\" class=\"has-inline-color has-luminous-vivid-orange-color\"><strong>Compa\u00f1\u00eda de Danza Contempor\u00e1nea<\/strong><\/mark>: 9 a 13 hs. | <kbd><a rel=\"noreferrer noopener\" href=\"https:\/\/ecbblanca-bue.infd.edu.ar\/sitio\/ballet-contemporaneo\/\" target=\"_blank\">INFO<\/a> <\/kbd>|<br><mark style=\"background-color:rgba(0, 0, 0, 0)\" class=\"has-inline-color has-vivid-red-color\"><strong>Compa\u00f1\u00eda de Tango<\/strong><\/mark>: 13 a 17 hs. | <kbd><a rel=\"noreferrer noopener\" href=\"https:\/\/ecbblanca-bue.infd.edu.ar\/sitio\/ballet-tango\/\" target=\"_blank\">INFO<\/a> <\/kbd>|<br><mark style=\"background-color:rgba(0, 0, 0, 0)\" class=\"has-inline-color has-vivid-cyan-blue-color\"><strong>Compa\u00f1\u00eda Popular<\/strong><\/mark>: 13 a 17 hs. | <kbd><a rel=\"noreferrer noopener\" href=\"https:\/\/ecbblanca-bue.infd.edu.ar\/sitio\/compania-popular-folklorica\/\" target=\"_blank\">INFO<\/a> <\/kbd>|<\/p>\n\n\n\n<div class=\"wp-block-buttons is-layout-flex\">\n<div class=\"wp-block-button\"><a class=\"wp-block-button__link has-background wp-element-button\" href=\"https:\/\/linktr.ee\/escueladedanzasbb\" style=\"border-radius:4px;background-color:#3502dd\" target=\"_blank\" rel=\"noreferrer noopener\">FORMULARIOS DE PRE-INSCRIPCI\u00d3N<\/a><\/div>\n<\/div>\n\n\n\n<div class=\"wp-block-buttons is-layout-flex\">\n<div class=\"wp-block-button is-style-fill\"><a class=\"wp-block-button__link has-text-align-center wp-element-button\" href=\"https:\/\/drive.google.com\/file\/d\/1vj5AU2mkHON2L5daNrnkyDpqrB_oTCWD\/view\" target=\"_blank\" rel=\"noreferrer noopener\">FICHA DE INSCRIPCI\u00d3N (TODAS LAS COMPA\u00d1\u00cdAS)<\/a><\/div>\n<\/div>\n\n\n\n<div class=\"wp-block-group is-layout-constrained\"><div class=\"wp-block-group__inner-container\">\n<figure class=\"wp-block-gallery has-nested-images columns-default is-cropped wp-block-gallery-3 is-layout-flex\">\n<figure class=\"wp-block-image size-full\"><img decoding=\"async\" loading=\"lazy\" width=\"1080\" height=\"1350\" src=\"https:\/\/ecbblanca-bue.infd.edu.ar\/sitio\/wp-content\/uploads\/2025\/03\/Comp-Clasico-Infantil-2025.jpg\" alt=\"\" class=\"wp-image-3697\" srcset=\"https:\/\/ecbblanca-bue.infd.edu.ar\/sitio\/wp-content\/uploads\/2025\/03\/Comp-Clasico-Infantil-2025.jpg 1080w, https:\/\/ecbblanca-bue.infd.edu.ar\/sitio\/wp-content\/uploads\/2025\/03\/Comp-Clasico-Infantil-2025-800x1000.jpg 800w, https:\/\/ecbblanca-bue.infd.edu.ar\/sitio\/wp-content\/uploads\/2025\/03\/Comp-Clasico-Infantil-2025-768x960.jpg 768w\" sizes=\"(max-width: 1080px) 100vw, 1080px\" \/><\/figure>\n\n\n\n<figure class=\"wp-block-image size-full\"><img decoding=\"async\" loading=\"lazy\" width=\"1080\" height=\"1350\" src=\"https:\/\/ecbblanca-bue.infd.edu.ar\/sitio\/wp-content\/uploads\/2025\/03\/Comp-Clasico-Juvenil-2025.jpg\" alt=\"\" class=\"wp-image-3698\" srcset=\"https:\/\/ecbblanca-bue.infd.edu.ar\/sitio\/wp-content\/uploads\/2025\/03\/Comp-Clasico-Juvenil-2025.jpg 1080w, https:\/\/ecbblanca-bue.infd.edu.ar\/sitio\/wp-content\/uploads\/2025\/03\/Comp-Clasico-Juvenil-2025-800x1000.jpg 800w, https:\/\/ecbblanca-bue.infd.edu.ar\/sitio\/wp-content\/uploads\/2025\/03\/Comp-Clasico-Juvenil-2025-768x960.jpg 768w\" sizes=\"(max-width: 1080px) 100vw, 1080px\" \/><\/figure>\n\n\n\n<figure class=\"wp-block-image size-full is-style-default\"><img decoding=\"async\" loading=\"lazy\" width=\"1080\" height=\"1350\" src=\"https:\/\/ecbblanca-bue.infd.edu.ar\/sitio\/wp-content\/uploads\/2025\/03\/Comp-Contempo-2025-1.jpg\" alt=\"\" class=\"wp-image-3700\" srcset=\"https:\/\/ecbblanca-bue.infd.edu.ar\/sitio\/wp-content\/uploads\/2025\/03\/Comp-Contempo-2025-1.jpg 1080w, https:\/\/ecbblanca-bue.infd.edu.ar\/sitio\/wp-content\/uploads\/2025\/03\/Comp-Contempo-2025-1-800x1000.jpg 800w, https:\/\/ecbblanca-bue.infd.edu.ar\/sitio\/wp-content\/uploads\/2025\/03\/Comp-Contempo-2025-1-768x960.jpg 768w\" sizes=\"(max-width: 1080px) 100vw, 1080px\" \/><\/figure>\n\n\n\n<figure class=\"wp-block-image size-large\"><img decoding=\"async\" loading=\"lazy\" width=\"1080\" height=\"1350\" src=\"https:\/\/ecbblanca-bue.infd.edu.ar\/sitio\/wp-content\/uploads\/2025\/03\/Comp-Popular-2025.jpg\" alt=\"\" class=\"wp-image-3702\" srcset=\"https:\/\/ecbblanca-bue.infd.edu.ar\/sitio\/wp-content\/uploads\/2025\/03\/Comp-Popular-2025.jpg 1080w, https:\/\/ecbblanca-bue.infd.edu.ar\/sitio\/wp-content\/uploads\/2025\/03\/Comp-Popular-2025-800x1000.jpg 800w, https:\/\/ecbblanca-bue.infd.edu.ar\/sitio\/wp-content\/uploads\/2025\/03\/Comp-Popular-2025-768x960.jpg 768w\" sizes=\"(max-width: 1080px) 100vw, 1080px\" \/><\/figure>\n\n\n\n<figure class=\"wp-block-image size-large\"><img decoding=\"async\" loading=\"lazy\" width=\"1080\" height=\"1350\" src=\"https:\/\/ecbblanca-bue.infd.edu.ar\/sitio\/wp-content\/uploads\/2025\/03\/Comp-Tango-2025.jpg\" alt=\"\" class=\"wp-image-3703\" srcset=\"https:\/\/ecbblanca-bue.infd.edu.ar\/sitio\/wp-content\/uploads\/2025\/03\/Comp-Tango-2025.jpg 1080w, https:\/\/ecbblanca-bue.infd.edu.ar\/sitio\/wp-content\/uploads\/2025\/03\/Comp-Tango-2025-800x1000.jpg 800w, https:\/\/ecbblanca-bue.infd.edu.ar\/sitio\/wp-content\/uploads\/2025\/03\/Comp-Tango-2025-768x960.jpg 768w\" sizes=\"(max-width: 1080px) 100vw, 1080px\" \/><\/figure>\n<\/figure>\n<\/div><\/div>\n","protected":false},"excerpt":{"rendered":"<p>Si sos estudiante o egresado\/a pod\u00e9s inscribirte en los Espacios de Extensi\u00f3n de la Escuela de Danzas. El ciclo de Trayectorias Formativas se dicta los d\u00edas s\u00e1bados en el siguiente horario:Compa\u00f1\u00eda de Danza Cl\u00e1sica Infantil: 9 a 13 hs. | INFO |Compa\u00f1\u00eda de Danza Cl\u00e1sica Juvenil: 13 a 17 hs. | INFO |Compa\u00f1\u00eda de Danza &#8230; <a title=\"Espacios de extensi\u00f3n\" class=\"read-more\" href=\"https:\/\/ecbblanca-bue.infd.edu.ar\/sitio\/espacios-extension\/\" aria-label=\"More on Espacios de extensi\u00f3n\">[+]<\/a><\/p>\n","protected":false},"author":615,"featured_media":0,"parent":0,"menu_order":0,"comment_status":"closed","ping_status":"closed","template":"","meta":[],"acf":[],"_links":{"self":[{"href":"https:\/\/ecbblanca-bue.infd.edu.ar\/sitio\/wp-json\/wp\/v2\/pages\/1850"}],"collection":[{"href":"https:\/\/ecbblanca-bue.infd.edu.ar\/sitio\/wp-json\/wp\/v2\/pages"}],"about":[{"href":"https:\/\/ecbblanca-bue.infd.edu.ar\/sitio\/wp-json\/wp\/v2\/types\/page"}],"author":[{"embeddable":true,"href":"https:\/\/ecbblanca-bue.infd.edu.ar\/sitio\/wp-json\/wp\/v2\/users\/615"}],"replies":[{"embeddable":true,"href":"https:\/\/ecbblanca-bue.infd.edu.ar\/sitio\/wp-json\/wp\/v2\/comments?post=1850"}],"version-history":[{"count":14,"href":"https:\/\/ecbblanca-bue.infd.edu.ar\/sitio\/wp-json\/wp\/v2\/pages\/1850\/revisions"}],"predecessor-version":[{"id":3733,"href":"https:\/\/ecbblanca-bue.infd.edu.ar\/sitio\/wp-json\/wp\/v2\/pages\/1850\/revisions\/3733"}],"wp:attachment":[{"href":"https:\/\/ecbblanca-bue.infd.edu.ar\/sitio\/wp-json\/wp\/v2\/media?parent=1850"}],"curies":[{"name":"wp","href":"https:\/\/api.w.org\/{rel}","templated":true}]}}