{"id":1772,"date":"2022-02-17T21:09:03","date_gmt":"2022-02-18T00:09:03","guid":{"rendered":"https:\/\/ecbblanca-bue.infd.edu.ar\/sitio\/?page_id=1772"},"modified":"2025-03-06T21:08:50","modified_gmt":"2025-03-07T00:08:50","slug":"compania-popular-folklorica","status":"publish","type":"page","link":"https:\/\/ecbblanca-bue.infd.edu.ar\/sitio\/compania-popular-folklorica\/","title":{"rendered":"Compa\u00f1\u00eda Popular"},"content":{"rendered":"\n<p>La <strong>COMPA\u00d1\u00cdA POPULAR<\/strong> es un espacio de producci\u00f3n esc\u00e9nica, que invita a pensar las Danzas desde su universo de posibilidades, qu\u00e9 movimiento habita en lo popular, qu\u00e9 es lo que (con-)mueve a las personas, qu\u00e9 moviliza a un pueblo.<br>\u00c9ste espacio se piensa como un lugar de encuentro, compartir deseo por el movimiento y la producci\u00f3n, generar un cambio con el medio social circundante, es un lugar y un tiempo de creaci\u00f3n individual y colectivo.<\/p>\n\n\n\n<p><strong>HORARIO<\/strong>: S\u00e1bados de 13 a 17 hs.<\/p>\n\n\n\n<p><strong>DOCENTES<\/strong>: Natalia Carmagnola \/ Victoria Britos<\/p>\n\n\n\n<p><strong>REQUISITOS<\/strong>: Experiencia en Danza, ser estudiante o egresado\/a de la escuela.<\/p>\n\n\n\n<p><strong>CONTACTO<\/strong>:&nbsp;cpopular.edbb@gmail.com \/ 2916493060 \/ 2914746420<\/p>\n\n\n\n<figure class=\"wp-block-gallery has-nested-images columns-default is-cropped wp-block-gallery-1 is-layout-flex\">\n<figure class=\"wp-block-image size-large\"><img decoding=\"async\" loading=\"lazy\" width=\"1600\" height=\"1068\" data-id=\"2506\"  src=\"https:\/\/ecbblanca-bue.infd.edu.ar\/sitio\/wp-content\/uploads\/2023\/09\/WhatsApp-Image-2023-09-07-at-7.39.06-PM.jpeg\" alt=\"\" class=\"wp-image-2506\" srcset=\"https:\/\/ecbblanca-bue.infd.edu.ar\/sitio\/wp-content\/uploads\/2023\/09\/WhatsApp-Image-2023-09-07-at-7.39.06-PM.jpeg 1600w, https:\/\/ecbblanca-bue.infd.edu.ar\/sitio\/wp-content\/uploads\/2023\/09\/WhatsApp-Image-2023-09-07-at-7.39.06-PM-1000x668.jpeg 1000w, https:\/\/ecbblanca-bue.infd.edu.ar\/sitio\/wp-content\/uploads\/2023\/09\/WhatsApp-Image-2023-09-07-at-7.39.06-PM-768x513.jpeg 768w, https:\/\/ecbblanca-bue.infd.edu.ar\/sitio\/wp-content\/uploads\/2023\/09\/WhatsApp-Image-2023-09-07-at-7.39.06-PM-1536x1025.jpeg 1536w\" sizes=\"(max-width: 1600px) 100vw, 1600px\" \/><\/figure>\n\n\n\n<figure class=\"wp-block-image size-large\"><img decoding=\"async\" loading=\"lazy\" width=\"1600\" height=\"1068\" data-id=\"2508\"  src=\"https:\/\/ecbblanca-bue.infd.edu.ar\/sitio\/wp-content\/uploads\/2023\/09\/WhatsApp-Image-2023-09-07-at-7.40.13-PM-2.jpeg\" alt=\"\" class=\"wp-image-2508\" srcset=\"https:\/\/ecbblanca-bue.infd.edu.ar\/sitio\/wp-content\/uploads\/2023\/09\/WhatsApp-Image-2023-09-07-at-7.40.13-PM-2.jpeg 1600w, https:\/\/ecbblanca-bue.infd.edu.ar\/sitio\/wp-content\/uploads\/2023\/09\/WhatsApp-Image-2023-09-07-at-7.40.13-PM-2-1000x668.jpeg 1000w, https:\/\/ecbblanca-bue.infd.edu.ar\/sitio\/wp-content\/uploads\/2023\/09\/WhatsApp-Image-2023-09-07-at-7.40.13-PM-2-768x513.jpeg 768w, https:\/\/ecbblanca-bue.infd.edu.ar\/sitio\/wp-content\/uploads\/2023\/09\/WhatsApp-Image-2023-09-07-at-7.40.13-PM-2-1536x1025.jpeg 1536w\" sizes=\"(max-width: 1600px) 100vw, 1600px\" \/><\/figure>\n\n\n\n<figure class=\"wp-block-image size-large\"><img decoding=\"async\" loading=\"lazy\" width=\"1600\" height=\"1068\" data-id=\"2509\"  src=\"https:\/\/ecbblanca-bue.infd.edu.ar\/sitio\/wp-content\/uploads\/2023\/09\/WhatsApp-Image-2023-09-07-at-7.39.28-PM.jpeg\" alt=\"\" class=\"wp-image-2509\" srcset=\"https:\/\/ecbblanca-bue.infd.edu.ar\/sitio\/wp-content\/uploads\/2023\/09\/WhatsApp-Image-2023-09-07-at-7.39.28-PM.jpeg 1600w, https:\/\/ecbblanca-bue.infd.edu.ar\/sitio\/wp-content\/uploads\/2023\/09\/WhatsApp-Image-2023-09-07-at-7.39.28-PM-1000x668.jpeg 1000w, https:\/\/ecbblanca-bue.infd.edu.ar\/sitio\/wp-content\/uploads\/2023\/09\/WhatsApp-Image-2023-09-07-at-7.39.28-PM-768x513.jpeg 768w, https:\/\/ecbblanca-bue.infd.edu.ar\/sitio\/wp-content\/uploads\/2023\/09\/WhatsApp-Image-2023-09-07-at-7.39.28-PM-1536x1025.jpeg 1536w\" sizes=\"(max-width: 1600px) 100vw, 1600px\" \/><\/figure>\n\n\n\n<figure class=\"wp-block-image size-large\"><img decoding=\"async\" loading=\"lazy\" width=\"1600\" height=\"1068\" data-id=\"2505\"  src=\"https:\/\/ecbblanca-bue.infd.edu.ar\/sitio\/wp-content\/uploads\/2023\/09\/WhatsApp-Image-2023-09-07-at-7.39.38-PM.jpeg\" alt=\"\" class=\"wp-image-2505\" srcset=\"https:\/\/ecbblanca-bue.infd.edu.ar\/sitio\/wp-content\/uploads\/2023\/09\/WhatsApp-Image-2023-09-07-at-7.39.38-PM.jpeg 1600w, https:\/\/ecbblanca-bue.infd.edu.ar\/sitio\/wp-content\/uploads\/2023\/09\/WhatsApp-Image-2023-09-07-at-7.39.38-PM-1000x668.jpeg 1000w, https:\/\/ecbblanca-bue.infd.edu.ar\/sitio\/wp-content\/uploads\/2023\/09\/WhatsApp-Image-2023-09-07-at-7.39.38-PM-768x513.jpeg 768w, https:\/\/ecbblanca-bue.infd.edu.ar\/sitio\/wp-content\/uploads\/2023\/09\/WhatsApp-Image-2023-09-07-at-7.39.38-PM-1536x1025.jpeg 1536w\" sizes=\"(max-width: 1600px) 100vw, 1600px\" \/><\/figure>\n\n\n\n<figure class=\"wp-block-image size-large\"><img decoding=\"async\" loading=\"lazy\" width=\"1600\" height=\"1068\" data-id=\"2510\"  src=\"https:\/\/ecbblanca-bue.infd.edu.ar\/sitio\/wp-content\/uploads\/2023\/09\/WhatsApp-Image-2023-09-07-at-7.40.13-PM-1.jpeg\" alt=\"\" class=\"wp-image-2510\" srcset=\"https:\/\/ecbblanca-bue.infd.edu.ar\/sitio\/wp-content\/uploads\/2023\/09\/WhatsApp-Image-2023-09-07-at-7.40.13-PM-1.jpeg 1600w, https:\/\/ecbblanca-bue.infd.edu.ar\/sitio\/wp-content\/uploads\/2023\/09\/WhatsApp-Image-2023-09-07-at-7.40.13-PM-1-1000x668.jpeg 1000w, https:\/\/ecbblanca-bue.infd.edu.ar\/sitio\/wp-content\/uploads\/2023\/09\/WhatsApp-Image-2023-09-07-at-7.40.13-PM-1-768x513.jpeg 768w, https:\/\/ecbblanca-bue.infd.edu.ar\/sitio\/wp-content\/uploads\/2023\/09\/WhatsApp-Image-2023-09-07-at-7.40.13-PM-1-1536x1025.jpeg 1536w\" sizes=\"(max-width: 1600px) 100vw, 1600px\" \/><\/figure>\n\n\n\n<figure class=\"wp-block-image size-large\"><img decoding=\"async\" loading=\"lazy\" width=\"1600\" height=\"1068\" data-id=\"2507\"  src=\"https:\/\/ecbblanca-bue.infd.edu.ar\/sitio\/wp-content\/uploads\/2023\/09\/WhatsApp-Image-2023-09-07-at-7.40.13-PM.jpeg\" alt=\"\" class=\"wp-image-2507\" srcset=\"https:\/\/ecbblanca-bue.infd.edu.ar\/sitio\/wp-content\/uploads\/2023\/09\/WhatsApp-Image-2023-09-07-at-7.40.13-PM.jpeg 1600w, https:\/\/ecbblanca-bue.infd.edu.ar\/sitio\/wp-content\/uploads\/2023\/09\/WhatsApp-Image-2023-09-07-at-7.40.13-PM-1000x668.jpeg 1000w, https:\/\/ecbblanca-bue.infd.edu.ar\/sitio\/wp-content\/uploads\/2023\/09\/WhatsApp-Image-2023-09-07-at-7.40.13-PM-768x513.jpeg 768w, https:\/\/ecbblanca-bue.infd.edu.ar\/sitio\/wp-content\/uploads\/2023\/09\/WhatsApp-Image-2023-09-07-at-7.40.13-PM-1536x1025.jpeg 1536w\" sizes=\"(max-width: 1600px) 100vw, 1600px\" \/><\/figure>\n\n\n\n<figure class=\"wp-block-image size-large\"><img decoding=\"async\" loading=\"lazy\" width=\"1280\" height=\"1155\" data-id=\"3727\"  src=\"https:\/\/ecbblanca-bue.infd.edu.ar\/sitio\/wp-content\/uploads\/2025\/03\/WhatsApp-Image-2025-02-28-at-10.32.31-1.jpeg\" alt=\"\" class=\"wp-image-3727\" srcset=\"https:\/\/ecbblanca-bue.infd.edu.ar\/sitio\/wp-content\/uploads\/2025\/03\/WhatsApp-Image-2025-02-28-at-10.32.31-1.jpeg 1280w, https:\/\/ecbblanca-bue.infd.edu.ar\/sitio\/wp-content\/uploads\/2025\/03\/WhatsApp-Image-2025-02-28-at-10.32.31-1-1000x902.jpeg 1000w, https:\/\/ecbblanca-bue.infd.edu.ar\/sitio\/wp-content\/uploads\/2025\/03\/WhatsApp-Image-2025-02-28-at-10.32.31-1-768x693.jpeg 768w\" sizes=\"(max-width: 1280px) 100vw, 1280px\" \/><\/figure>\n<\/figure>\n","protected":false},"excerpt":{"rendered":"<p>La COMPA\u00d1\u00cdA POPULAR es un espacio de producci\u00f3n esc\u00e9nica, que invita a pensar las Danzas desde su universo de posibilidades, qu\u00e9 movimiento habita en lo popular, qu\u00e9 es lo que (con-)mueve a las personas, qu\u00e9 moviliza a un pueblo.\u00c9ste espacio se piensa como un lugar de encuentro, compartir deseo por el movimiento y la producci\u00f3n, &#8230; <a title=\"Compa\u00f1\u00eda Popular\" class=\"read-more\" href=\"https:\/\/ecbblanca-bue.infd.edu.ar\/sitio\/compania-popular-folklorica\/\" aria-label=\"More on Compa\u00f1\u00eda Popular\">[+]<\/a><\/p>\n","protected":false},"author":615,"featured_media":0,"parent":0,"menu_order":0,"comment_status":"closed","ping_status":"closed","template":"","meta":[],"acf":[],"_links":{"self":[{"href":"https:\/\/ecbblanca-bue.infd.edu.ar\/sitio\/wp-json\/wp\/v2\/pages\/1772"}],"collection":[{"href":"https:\/\/ecbblanca-bue.infd.edu.ar\/sitio\/wp-json\/wp\/v2\/pages"}],"about":[{"href":"https:\/\/ecbblanca-bue.infd.edu.ar\/sitio\/wp-json\/wp\/v2\/types\/page"}],"author":[{"embeddable":true,"href":"https:\/\/ecbblanca-bue.infd.edu.ar\/sitio\/wp-json\/wp\/v2\/users\/615"}],"replies":[{"embeddable":true,"href":"https:\/\/ecbblanca-bue.infd.edu.ar\/sitio\/wp-json\/wp\/v2\/comments?post=1772"}],"version-history":[{"count":8,"href":"https:\/\/ecbblanca-bue.infd.edu.ar\/sitio\/wp-json\/wp\/v2\/pages\/1772\/revisions"}],"predecessor-version":[{"id":3729,"href":"https:\/\/ecbblanca-bue.infd.edu.ar\/sitio\/wp-json\/wp\/v2\/pages\/1772\/revisions\/3729"}],"wp:attachment":[{"href":"https:\/\/ecbblanca-bue.infd.edu.ar\/sitio\/wp-json\/wp\/v2\/media?parent=1772"}],"curies":[{"name":"wp","href":"https:\/\/api.w.org\/{rel}","templated":true}]}}