{"id":1768,"date":"2022-02-17T21:08:13","date_gmt":"2022-02-18T00:08:13","guid":{"rendered":"https:\/\/ecbblanca-bue.infd.edu.ar\/sitio\/?page_id=1768"},"modified":"2025-03-06T20:50:00","modified_gmt":"2025-03-06T23:50:00","slug":"ballet-contemporaneo","status":"publish","type":"page","link":"https:\/\/ecbblanca-bue.infd.edu.ar\/sitio\/ballet-contemporaneo\/","title":{"rendered":"Compa\u00f1\u00eda de Danza Contempor\u00e1nea"},"content":{"rendered":"\n<p><em>La Compa\u00f1\u00eda de Danza<\/em> <strong>CONTEMPOR\u00c1NEA <\/strong>es un espacio colaborativo de experimentaci\u00f3n e intercambio entre personas y lenguajes, de creaci\u00f3n y montaje, para pensarse en escena.\u00a0<br>Se trabaja frecuentemente con core\u00f3grafas\/os invitadas\/os, realizando muestras dentro y fuera de la escuela en espacios convencionales y no convencionales, con distintos formatos, en diferentes eventos. Se extiende la invitaci\u00f3n a estudiantes de otras carreras que deseen ser parte tambi\u00e9n.\u00a0<\/p>\n\n\n\n<p><strong>HORARIO<\/strong>: S\u00e1bados de 9 a 13 hs. <\/p>\n\n\n\n<p><strong>DOCENTES<\/strong>: Alejandra Vallebona \/ <em>Ayudante de c\u00e1tedra<\/em>: Diego Carlini.<\/p>\n\n\n\n<p><strong>REQUISITOS<\/strong>: Ser estudiante regular y estar cursando al menos una materia en el 3er a\u00f1o de la Formaci\u00f3n B\u00e1sica para la tecnicatura y profesorado en Danza Contempor\u00e1nea; y egresados\/as de la Escuela.<\/p>\n\n\n\n<p>Al ser un espacio de trayectoria formativa, es <strong>obligatorio <\/strong>para los alumnos de la Formaci\u00f3n B\u00e1sica, Tecnicatura y Profesorado, participar al menos <strong>dos a\u00f1os <\/strong>del espacio: uno durante la Fo.Ba. (a partir del 3er a\u00f1o) y otro durante la Tecnicatura. (ver trayectorias formativas)<\/p>\n\n\n\n<p><strong>CONTACTO<\/strong>: <a rel=\"noreferrer noopener\" href=\"mailto:alevallebona@hotmail.com\" target=\"_blank\">alevallebona@hotmail.com<\/a><\/p>\n","protected":false},"excerpt":{"rendered":"<p>La Compa\u00f1\u00eda de Danza CONTEMPOR\u00c1NEA es un espacio colaborativo de experimentaci\u00f3n e intercambio entre personas y lenguajes, de creaci\u00f3n y montaje, para pensarse en escena.\u00a0Se trabaja frecuentemente con core\u00f3grafas\/os invitadas\/os, realizando muestras dentro y fuera de la escuela en espacios convencionales y no convencionales, con distintos formatos, en diferentes eventos. Se extiende la invitaci\u00f3n a &#8230; <a title=\"Compa\u00f1\u00eda de Danza Contempor\u00e1nea\" class=\"read-more\" href=\"https:\/\/ecbblanca-bue.infd.edu.ar\/sitio\/ballet-contemporaneo\/\" aria-label=\"More on Compa\u00f1\u00eda de Danza Contempor\u00e1nea\">[+]<\/a><\/p>\n","protected":false},"author":615,"featured_media":0,"parent":0,"menu_order":0,"comment_status":"closed","ping_status":"closed","template":"","meta":[],"acf":[],"_links":{"self":[{"href":"https:\/\/ecbblanca-bue.infd.edu.ar\/sitio\/wp-json\/wp\/v2\/pages\/1768"}],"collection":[{"href":"https:\/\/ecbblanca-bue.infd.edu.ar\/sitio\/wp-json\/wp\/v2\/pages"}],"about":[{"href":"https:\/\/ecbblanca-bue.infd.edu.ar\/sitio\/wp-json\/wp\/v2\/types\/page"}],"author":[{"embeddable":true,"href":"https:\/\/ecbblanca-bue.infd.edu.ar\/sitio\/wp-json\/wp\/v2\/users\/615"}],"replies":[{"embeddable":true,"href":"https:\/\/ecbblanca-bue.infd.edu.ar\/sitio\/wp-json\/wp\/v2\/comments?post=1768"}],"version-history":[{"count":6,"href":"https:\/\/ecbblanca-bue.infd.edu.ar\/sitio\/wp-json\/wp\/v2\/pages\/1768\/revisions"}],"predecessor-version":[{"id":3708,"href":"https:\/\/ecbblanca-bue.infd.edu.ar\/sitio\/wp-json\/wp\/v2\/pages\/1768\/revisions\/3708"}],"wp:attachment":[{"href":"https:\/\/ecbblanca-bue.infd.edu.ar\/sitio\/wp-json\/wp\/v2\/media?parent=1768"}],"curies":[{"name":"wp","href":"https:\/\/api.w.org\/{rel}","templated":true}]}}