{"id":1763,"date":"2022-02-17T21:07:22","date_gmt":"2022-02-18T00:07:22","guid":{"rendered":"https:\/\/ecbblanca-bue.infd.edu.ar\/sitio\/?page_id=1763"},"modified":"2025-03-06T20:54:00","modified_gmt":"2025-03-06T23:54:00","slug":"ballet-infantil-clasico","status":"publish","type":"page","link":"https:\/\/ecbblanca-bue.infd.edu.ar\/sitio\/ballet-infantil-clasico\/","title":{"rendered":"Compa\u00f1\u00eda de Danza Cl\u00e1sica Infantil"},"content":{"rendered":"\n<p>La <strong>Compa\u00f1\u00eda de Danza Cl\u00e1sica Infantil<\/strong> es un espacio destinado a estudiantes que cursan desde <em>Iniciaci\u00f3n II <\/em>al <em>Ciclo Medio II<\/em>. Tiene como objetivo difundir el arte de la danza y de las actividades formativas que se realizan en la escuela, a trav\u00e9s de funciones que permitan acercar la danza a la comunidad. As\u00ed mismo se propone potenciar la formaci\u00f3n profesional de los estudiantes, mediante trabajos coreogr\u00e1ficos que impliquen desaf\u00edos t\u00e9cnicos y art\u00edsticos.<br>La compa\u00f1\u00eda Infantil realiza funciones a lo largo de todo el ciclo lectivo en distintos escenarios de la ciudad como el Teatro Municipal, en espacio abiertos y en instituciones educativas. Los ensayos se realizan los d\u00edas s\u00e1bados y se conforman grupos de trabajo en relaci\u00f3n a los proyectos que se van desarrollando.<\/p>\n\n\n\n<p><strong>HORARIOS<\/strong>: S\u00e1bados de 9 a 11 hs. o de 11 a 13 hs.<\/p>\n\n\n\n<p><strong>DOCENTES<\/strong>: Florencia Delpino &#8211; Guillermina G\u00f3mez<\/p>\n\n\n\n<p><strong>REQUISITOS<\/strong>: Est\u00e1 destinado a los estudiantes de la <em>Formaci\u00f3n B\u00e1sica en Danza Cl\u00e1sica<\/em>. Desde la <em>Iniciaci\u00f3n II <\/em>hasta el <em>Ciclo Medio <\/em>II. Ser\u00e1 requisito participar al menos 1 a\u00f1o en la Compa\u00f1\u00eda Infantil para aprobar la <em>Formaci\u00f3n B\u00e1sica<\/em>.<\/p>\n\n\n\n<p><\/p>\n\n\n\n<p><\/p>\n","protected":false},"excerpt":{"rendered":"<p>La Compa\u00f1\u00eda de Danza Cl\u00e1sica Infantil es un espacio destinado a estudiantes que cursan desde Iniciaci\u00f3n II al Ciclo Medio II. Tiene como objetivo difundir el arte de la danza y de las actividades formativas que se realizan en la escuela, a trav\u00e9s de funciones que permitan acercar la danza a la comunidad. As\u00ed mismo &#8230; <a title=\"Compa\u00f1\u00eda de Danza Cl\u00e1sica Infantil\" class=\"read-more\" href=\"https:\/\/ecbblanca-bue.infd.edu.ar\/sitio\/ballet-infantil-clasico\/\" aria-label=\"More on Compa\u00f1\u00eda de Danza Cl\u00e1sica Infantil\">[+]<\/a><\/p>\n","protected":false},"author":615,"featured_media":0,"parent":0,"menu_order":0,"comment_status":"closed","ping_status":"closed","template":"","meta":[],"acf":[],"_links":{"self":[{"href":"https:\/\/ecbblanca-bue.infd.edu.ar\/sitio\/wp-json\/wp\/v2\/pages\/1763"}],"collection":[{"href":"https:\/\/ecbblanca-bue.infd.edu.ar\/sitio\/wp-json\/wp\/v2\/pages"}],"about":[{"href":"https:\/\/ecbblanca-bue.infd.edu.ar\/sitio\/wp-json\/wp\/v2\/types\/page"}],"author":[{"embeddable":true,"href":"https:\/\/ecbblanca-bue.infd.edu.ar\/sitio\/wp-json\/wp\/v2\/users\/615"}],"replies":[{"embeddable":true,"href":"https:\/\/ecbblanca-bue.infd.edu.ar\/sitio\/wp-json\/wp\/v2\/comments?post=1763"}],"version-history":[{"count":5,"href":"https:\/\/ecbblanca-bue.infd.edu.ar\/sitio\/wp-json\/wp\/v2\/pages\/1763\/revisions"}],"predecessor-version":[{"id":3710,"href":"https:\/\/ecbblanca-bue.infd.edu.ar\/sitio\/wp-json\/wp\/v2\/pages\/1763\/revisions\/3710"}],"wp:attachment":[{"href":"https:\/\/ecbblanca-bue.infd.edu.ar\/sitio\/wp-json\/wp\/v2\/media?parent=1763"}],"curies":[{"name":"wp","href":"https:\/\/api.w.org\/{rel}","templated":true}]}}