{"id":1132,"date":"2018-08-29T22:44:11","date_gmt":"2018-08-30T01:44:11","guid":{"rendered":"https:\/\/ecbblanca-bue.infd.edu.ar\/sitio\/pei-y-regimen-academico-institucional\/"},"modified":"2026-03-17T15:03:55","modified_gmt":"2026-03-17T18:03:55","slug":"pi-y-regimen-academico-institucional","status":"publish","type":"page","link":"https:\/\/ecbblanca-bue.infd.edu.ar\/sitio\/pi-y-regimen-academico-institucional\/","title":{"rendered":"Proyecto Institucional &#8211; R\u00e9gimen Acad\u00e9mico Institucional &#8211; Plan Institucional de Evaluaci\u00f3n"},"content":{"rendered":"\n<div class=\"wp-block-buttons is-content-justification-left is-layout-flex wp-container-1\">\n<div class=\"wp-block-button has-custom-font-size is-style-fill has-medium-font-size\"><a class=\"wp-block-button__link has-background has-text-align-center wp-element-button\" href=\"https:\/\/drive.google.com\/file\/d\/1cp1ORZqXNJYr5ZZhDSXHe1ODg5BkUoql\/view\" style=\"border-radius:41px;background-color:#5645ff\" target=\"_blank\" rel=\"noreferrer noopener\"> PROYECTO INSTITUCIONAL 2026<\/a><\/div>\n<\/div>\n\n\n\n<div class=\"wp-block-buttons is-layout-flex\">\n<div class=\"wp-block-button has-custom-font-size is-style-fill has-medium-font-size\"><a class=\"wp-block-button__link has-background wp-element-button\" href=\"https:\/\/docs.google.com\/document\/d\/1ZOO-rCDbBjH9Xvs-M8kYaP0nTSNw7RlJ\/edit?usp=sharing&amp;ouid=101244250037185305176&amp;rtpof=true&amp;sd=true\" style=\"border-radius:41px;background-color:#5645ff\" target=\"_blank\" rel=\"noreferrer noopener\">Plan Institucional de Evaluaci\u00f3n<\/a><\/div>\n<\/div>\n\n\n\n<div class=\"wp-block-buttons is-layout-flex\">\n<div class=\"wp-block-button has-custom-font-size is-style-fill has-medium-font-size\"><a class=\"wp-block-button__link has-background wp-element-button\" style=\"border-radius:41px;background-color:#5645ff\">Acuerdo Institucional de Convivencia<\/a><\/div>\n<\/div>\n\n\n\n<div class=\"wp-block-buttons is-layout-flex\">\n<div class=\"wp-block-button has-custom-font-size is-style-fill has-medium-font-size\"><a class=\"wp-block-button__link has-background wp-element-button\" href=\"https:\/\/docs.google.com\/document\/d\/1VXPA_H5tJTXjdUi7mJBQLinj2ogII_Jo\/edit?usp=sharing&amp;ouid=101244250037185305176&amp;rtpof=true&amp;sd=true\" style=\"border-radius:41px;background-color:#5645ff\" target=\"_blank\" rel=\"noreferrer noopener\">Reglamento de la pr\u00e1ctica docente<\/a><\/div>\n<\/div>\n\n\n\n<div style=\"height:36px\" aria-hidden=\"true\" class=\"wp-block-spacer\"><\/div>\n\n\n\n<p><a rel=\"noreferrer noopener\" href=\"https:\/\/drive.google.com\/file\/d\/1NOt-kNevR-dkroyH-fwxUfigOtYeyJI_\/view?usp=sharing\" target=\"_blank\">R\u00e9gimen acad\u00e9mico marco Res. 4196\/24 &#8211; Anexo I, II y III<\/a><\/p>\n\n\n\n<div class=\"wp-block-buttons is-layout-flex\">\n<div class=\"wp-block-button\"><a class=\"wp-block-button__link wp-element-button\" href=\"https:\/\/drive.google.com\/drive\/folders\/1JCK8Nikwsa09Rzt1AttAejj1Zr8neCEf?usp=sharing\" target=\"_blank\" rel=\"noreferrer noopener\"><strong>R\u00c9GIMEN AC\u00c1DEMICO 2026<\/strong><\/a><\/div>\n<\/div>\n\n\n\n<p class=\"has-contrast-2-color has-text-color has-medium-font-size\"><strong>R\u00c9GIMEN ACAD\u00c9MICO POR CARRERA 202<\/strong>6<\/p>\n\n\n\n<p class=\"has-base-2-color has-text-color has-background\" style=\"background-color:#e36e00\"><strong>DANZA CONTEMPOR\u00c1NEA<\/strong><\/p>\n\n\n\n<div class=\"wp-block-buttons is-layout-flex\">\n<div class=\"wp-block-button\"><a class=\"wp-block-button__link has-base-3-color has-text-color has-background wp-element-button\" href=\"https:\/\/docs.google.com\/document\/d\/1bXM-U1sImg5AQoILy1EDmMdA-WAEX4Mn\/edit?usp=drive_link&amp;ouid=101244250037185305176&amp;rtpof=true&amp;sd=true\" style=\"border-radius:0px;background-color:#e36e00ad\" target=\"_blank\" rel=\"noreferrer noopener\">Formaci\u00f3n B\u00e1sica<\/a><\/div>\n\n\n\n<div class=\"wp-block-button\"><a class=\"wp-block-button__link has-background wp-element-button\" href=\"https:\/\/docs.google.com\/document\/d\/1rGTWMdZqcz6UhyHLEJCRoseFd0DguGfP\/edit?usp=drive_link&amp;ouid=101244250037185305176&amp;rtpof=true&amp;sd=true\" style=\"border-radius:0px;background-color:#e36e00ad\" target=\"_blank\" rel=\"noreferrer noopener\">Tecnicatura y Profesorado<\/a><\/div>\n<\/div>\n\n\n\n<p class=\"has-base-2-color has-text-color has-background\" style=\"background-color:#e35be5\"><strong>DANZA CL\u00c1SICA<\/strong><\/p>\n\n\n\n<div class=\"wp-block-buttons is-layout-flex\">\n<div class=\"wp-block-button\"><a class=\"wp-block-button__link has-background wp-element-button\" href=\"https:\/\/docs.google.com\/document\/d\/13LrPwqeCdnWkfTOb1B18uK1OgfuwVDUq\/edit?usp=drive_link&amp;ouid=101244250037185305176&amp;rtpof=true&amp;sd=true\" style=\"border-radius:0px;background-color:#e35ce696\" target=\"_blank\" rel=\"noreferrer noopener\">Formaci\u00f3n B\u00e1sica<\/a><\/div>\n\n\n\n<div class=\"wp-block-button\"><a class=\"wp-block-button__link has-background wp-element-button\" href=\"https:\/\/docs.google.com\/document\/d\/1vwWYfLo6oqaTnbVfIjA6kEZYfnr2Dnu1\/edit?usp=drive_link&amp;ouid=101244250037185305176&amp;rtpof=true&amp;sd=true\" style=\"border-radius:0px;background-color:#e35ce696\" target=\"_blank\" rel=\"noreferrer noopener\">Tecnicatura y Profesorado<\/a><\/div>\n<\/div>\n\n\n\n<p class=\"has-base-3-color has-text-color has-background\" style=\"background-color:#f90000\"><strong>TANGO<\/strong><\/p>\n\n\n\n<div class=\"wp-block-buttons is-layout-flex\">\n<div class=\"wp-block-button\"><a class=\"wp-block-button__link has-background wp-element-button\" href=\"https:\/\/docs.google.com\/document\/d\/1bwsiXEYCk83U9rkKLMmqsshDqcd_k7WI\/edit?usp=drive_link&amp;ouid=101244250037185305176&amp;rtpof=true&amp;sd=true\" style=\"border-radius:0px;background-color:#fa00008c\" target=\"_blank\" rel=\"noreferrer noopener\">Tecnicatura &#8211; a ciclo cerrado<\/a><\/div>\n<\/div>\n\n\n\n<p class=\"has-base-2-color has-text-color has-background\" style=\"background-color:#39c447\"><strong>EXPRESI\u00d3N CORPORAL<\/strong><\/p>\n\n\n\n<div class=\"wp-block-buttons is-layout-flex\">\n<div class=\"wp-block-button\"><a class=\"wp-block-button__link has-background wp-element-button\" href=\"https:\/\/docs.google.com\/document\/d\/1NitzBDakBFak_l6Ihwc81KKKf7cf3CMW\/edit?usp=drive_link&amp;ouid=101244250037185305176&amp;rtpof=true&amp;sd=true\" style=\"border-radius:0px;background-color:#39c4479c\" target=\"_blank\" rel=\"noreferrer noopener\">Formaci\u00f3n B\u00e1sica y Profesorado<\/a><\/div>\n<\/div>\n\n\n\n<p class=\"has-base-3-color has-text-color has-background\" style=\"background-color:#00c1f1\"><strong>DANZAS FOLKL\u00d3RICAS<\/strong><\/p>\n\n\n\n<div class=\"wp-block-buttons is-layout-flex\">\n<div class=\"wp-block-button\"><a class=\"wp-block-button__link has-background wp-element-button\" href=\"https:\/\/docs.google.com\/document\/d\/1ljWCoDrQkqJpI8_gOGHA-qMOcdgCTzyR\/edit?usp=drive_link&amp;ouid=101244250037185305176&amp;rtpof=true&amp;sd=true\" style=\"border-radius:0px;background-color:#00c2f2a8\" target=\"_blank\" rel=\"noreferrer noopener\">Formaci\u00f3n B\u00e1sica, Tecnicatura y Profesorado<\/a><\/div>\n<\/div>\n","protected":false},"excerpt":{"rendered":"<p>R\u00e9gimen acad\u00e9mico marco Res. 4196\/24 &#8211; Anexo I, II y III R\u00c9GIMEN ACAD\u00c9MICO POR CARRERA 2026 DANZA CONTEMPOR\u00c1NEA DANZA CL\u00c1SICA TANGO EXPRESI\u00d3N CORPORAL DANZAS FOLKL\u00d3RICAS<\/p>\n","protected":false},"author":134,"featured_media":0,"parent":0,"menu_order":0,"comment_status":"closed","ping_status":"closed","template":"","meta":[],"acf":[],"_links":{"self":[{"href":"https:\/\/ecbblanca-bue.infd.edu.ar\/sitio\/wp-json\/wp\/v2\/pages\/1132"}],"collection":[{"href":"https:\/\/ecbblanca-bue.infd.edu.ar\/sitio\/wp-json\/wp\/v2\/pages"}],"about":[{"href":"https:\/\/ecbblanca-bue.infd.edu.ar\/sitio\/wp-json\/wp\/v2\/types\/page"}],"author":[{"embeddable":true,"href":"https:\/\/ecbblanca-bue.infd.edu.ar\/sitio\/wp-json\/wp\/v2\/users\/134"}],"replies":[{"embeddable":true,"href":"https:\/\/ecbblanca-bue.infd.edu.ar\/sitio\/wp-json\/wp\/v2\/comments?post=1132"}],"version-history":[{"count":44,"href":"https:\/\/ecbblanca-bue.infd.edu.ar\/sitio\/wp-json\/wp\/v2\/pages\/1132\/revisions"}],"predecessor-version":[{"id":3973,"href":"https:\/\/ecbblanca-bue.infd.edu.ar\/sitio\/wp-json\/wp\/v2\/pages\/1132\/revisions\/3973"}],"wp:attachment":[{"href":"https:\/\/ecbblanca-bue.infd.edu.ar\/sitio\/wp-json\/wp\/v2\/media?parent=1132"}],"curies":[{"name":"wp","href":"https:\/\/api.w.org\/{rel}","templated":true}]}}