{"id":1123,"date":"2018-08-29T22:44:08","date_gmt":"2018-08-30T01:44:08","guid":{"rendered":"https:\/\/ecbblanca-bue.infd.edu.ar\/sitio\/examenes-finales\/"},"modified":"2025-12-30T09:55:47","modified_gmt":"2025-12-30T12:55:47","slug":"examenes-finales","status":"publish","type":"page","link":"https:\/\/ecbblanca-bue.infd.edu.ar\/sitio\/examenes-finales\/","title":{"rendered":"Ex\u00e1menes Finales"},"content":{"rendered":"\n<h2 class=\"wp-block-heading has-text-align-center\"><strong><br><\/strong>> <a href=\"https:\/\/drive.google.com\/drive\/folders\/1GWv5O5h-etruyWeJbpugFdGS0izhqW-Q?usp=sharing\" data-type=\"URL\" data-id=\"https:\/\/drive.google.com\/drive\/folders\/1rzctADilo2CVxBt7NSBy5d-1ojUqNcug?usp=drive_link\" target=\"_blank\" rel=\"noreferrer noopener\">CRONOGRAMA DE MESAS DE EXAMEN<\/a> &lt;<\/h2>\n\n\n\n<p><\/p>\n\n\n\n<h2 class=\"wp-block-heading\">Turnos y llamados<\/h2>\n\n\n\n<p>Se establecen tres turnos por ciclo lectivo. Considerando que las materias son de cursada anual, el 1\u00b0 TURNO de ex\u00e1menes se establece para el fin del ciclo, habitualmente a fin de noviembre y durante el mes de diciembre.<\/p>\n\n\n\n<p>Un 2\u00b0 TURNO, habitualmente antes del inicio del ciclo lectivo siguiente, en febrero y\/o marzo. <\/p>\n\n\n\n<p>Finalmente, el 3\u00b0 TURNO, al regreso del receso escolar de invierno, en el mes de agosto. <\/p>\n\n\n\n<p>A su vez, para estudiantes que adeuden final de la <strong>\u00faltima materia de una carrera<\/strong>, se habilitan los llamados de mayo y septiembre, con el fin de promover el egreso.<\/p>\n\n\n\n<p>Para consultar las fechas precias ingres\u00e1 al <a rel=\"noreferrer noopener\" href=\"https:\/\/ecbblanca-bue.infd.edu.ar\/sitio\/calendario-academico\/\" data-type=\"URL\" data-id=\"https:\/\/ecbblanca-bue.infd.edu.ar\/sitio\/calendario-academico\/\" target=\"_blank\">Calendario Acad\u00e9mico<\/a><\/p>\n\n\n\n<h2 class=\"wp-block-heading\">Consideraciones generales<\/h2>\n\n\n\n<p>Cada turno implica un solo llamado de ex\u00e1menes y permite la inscripci\u00f3n tanto de estudiantes regulares como libre.<\/p>\n\n\n\n<p>El cronograma de mesas se conforma a partir de las solicitudes de los\/las estudiantes. Excepto para el TURNO de Diciembre<\/p>\n\n\n\n<p>Recuerden que no pueden rendir m\u00e1s de un examen por nivel por d\u00eda, como as\u00ed tampoco correlativas sucesivas en el mismo turno.<\/p>\n\n\n\n<p>Se buscar respetar, en su mayor\u00eda, los d\u00edas y horarios de cursada de las asignaturas, para evitar superposiciones con horas de intensificaci\u00f3n de secundaria, y se han agrupado mesas de materias de niveles sucesivos con pocos estudiantes para optimizar el tiempo.&nbsp;<\/p>\n\n\n\n<p>En los casos que el examen final se haya resuelto en la presentaci\u00f3n en una funci\u00f3n, en el d\u00eda del examen solo se resuelve la calificaci\u00f3n, la devoluci\u00f3n de los\/as estudiantes y el procedimiento administrativo.<\/p>\n\n\n\n<p>Se considera que cada estudiante conoce su situaci\u00f3n acad\u00e9mica y las consideraciones explicitadas en el <a rel=\"noreferrer noopener\" href=\"https:\/\/ecbblanca-bue.infd.edu.ar\/sitio\/pi-y-regimen-academico-institucional\/\" target=\"_blank\">R\u00e9gimen Acad\u00e9mico<\/a> vigente de su carrera. Cualquier actuaci\u00f3n por fuera de estos t\u00e9rminos quedar\u00e1 anulada y no tendr\u00e1 validez.<\/p>\n\n\n\n<h2 class=\"wp-block-heading\">SOLICITUD DE MESA E INSCRIPCI\u00d3N<\/h2>\n\n\n\n<p>Los pedidos e inscripciones se realizar\u00e1n por <a title=\"https:\/\/danzasbb.academia.com.ar\/\" rel=\"noopener\" data-saferedirecturl=\"https:\/\/www.google.com\/url?q=https:\/\/danzasbb.academia.com.ar\/&amp;source=gmail&amp;ust=1636041060973000&amp;usg=AOvVaw0b3ZXDPWi8c8kqz2ImZ1uE\" href=\"https:\/\/danzasbb.academia.com.ar\/\" target=\"_blank\">ACADEMIA WEB<\/a>, a excepci\u00f3n de la Formaci\u00f3n B\u00e1sica de Danza Cl\u00e1sica que lo realizar\u00e1 en formato papel en Preceptor\u00eda.<\/p>\n\n\n\n<p>Las mesas puede visualizarse por <a title=\"https:\/\/danzasbb.academia.com.ar\/\" href=\"https:\/\/danzasbb.academia.com.ar\/\" target=\"_blank\" rel=\"noopener\" data-saferedirecturl=\"https:\/\/www.google.com\/url?q=https:\/\/danzasbb.academia.com.ar\/&amp;source=gmail&amp;ust=1636041060973000&amp;usg=AOvVaw0b3ZXDPWi8c8kqz2ImZ1uE\">ACADEMIA WEB<\/a>.&nbsp;<\/p>\n\n\n\n<p>A su vez, se compartir\u00e1 una carpeta donde podr\u00e1n encontrar las mesas por carrera y ciclo, por fecha y por docente.&nbsp;<\/p>\n\n\n\n<p>Si ten\u00e9s dudas pod\u00e9s consultar la secci\u00f3n de <a href=\"https:\/\/ecbblanca-bue.infd.edu.ar\/sitio\/tutoriales-plataformas\/\" data-type=\"URL\" data-id=\"https:\/\/ecbblanca-bue.infd.edu.ar\/sitio\/tutoriales-plataformas\/\" target=\"_blank\" rel=\"noreferrer noopener\">Tutoriales<\/a> de nuestras plataformas.<\/p>\n\n\n\n<h3 class=\"wp-block-heading\"><strong>ESTUDIANTES LIBRES <\/strong><\/h3>\n\n\n\n<p>Quienes deban presentarse en esta modalidad, podr\u00e1n hacerlo en todos los turnos disponibles. <\/p>\n\n\n\n<p>Deber\u00e1 ponerse en contacto con el docente de la c\u00e1tedra de forma previa al examen para conocer las caracter\u00edsticas del mismo:<br><a rel=\"noreferrer noopener\" href=\"https:\/\/ecbblanca-bue.infd.edu.ar\/sitio\/datos-institucionales\/#docentes\" target=\"_blank\">Listado de correos electr\u00f3nicos de docentes<\/a><\/p>\n\n\n\n<p><\/p>\n\n\n\n<h3 class=\"wp-block-heading\">ESTUDIANTES NO INGRESADOS EN ACADEMIA WEB<\/h3>\n\n\n\n<p>Quienes deban acreditar materias y no est\u00e1n dentro del sistema <strong>Academia Web<\/strong>, deber\u00e1n comunicarse con Preceptor\u00eda, en persona o v\u00eda mail (<a rel=\"noreferrer noopener\" href=\"https:\/\/ecbblanca-bue.infd.edu.ar\/sitio\/datos-institucionales#preceptores\" data-type=\"URL\" data-id=\"https:\/\/ecbblanca-bue.infd.edu.ar\/sitio\/datos-institucionales\/#preceptores\" target=\"_blank\">ver preceptor a cargo y mail<\/a>), indicando en el correo a nombre, apellido, carrera, a\u00f1o, materia, en qu\u00e9 a\u00f1o curs\u00f3 la asignatura a acreditar y situaci\u00f3n bajo la cual se presenta a examen (regular o libre). <\/p>\n\n\n\n<p><\/p>\n\n\n\n<h2 class=\"wp-block-heading\">Validez de cursadas ASPO<\/h2>\n\n\n\n<figure class=\"wp-block-image size-full\"><img decoding=\"async\" loading=\"lazy\" width=\"499\" height=\"274\" src=\"https:\/\/ecbblanca-bue.infd.edu.ar\/sitio\/wp-content\/uploads\/2024\/02\/validez-de-cursada_002.png\" alt=\"\" class=\"wp-image-2860\"\/><\/figure>\n\n\n\n<hr class=\"wp-block-separator has-alpha-channel-opacity\"\/>\n\n\n\n<p><\/p>\n\n\n\n<p><\/p>\n","protected":false},"excerpt":{"rendered":"<p>> CRONOGRAMA DE MESAS DE EXAMEN &lt; Turnos y llamados Se establecen tres turnos por ciclo lectivo. Considerando que las materias son de cursada anual, el 1\u00b0 TURNO de ex\u00e1menes se establece para el fin del ciclo, habitualmente a fin de noviembre y durante el mes de diciembre. Un 2\u00b0 TURNO, habitualmente antes del inicio &#8230; <a title=\"Ex\u00e1menes Finales\" class=\"read-more\" href=\"https:\/\/ecbblanca-bue.infd.edu.ar\/sitio\/examenes-finales\/\" aria-label=\"More on Ex\u00e1menes Finales\">[+]<\/a><\/p>\n","protected":false},"author":134,"featured_media":0,"parent":0,"menu_order":0,"comment_status":"closed","ping_status":"closed","template":"","meta":[],"acf":[],"_links":{"self":[{"href":"https:\/\/ecbblanca-bue.infd.edu.ar\/sitio\/wp-json\/wp\/v2\/pages\/1123"}],"collection":[{"href":"https:\/\/ecbblanca-bue.infd.edu.ar\/sitio\/wp-json\/wp\/v2\/pages"}],"about":[{"href":"https:\/\/ecbblanca-bue.infd.edu.ar\/sitio\/wp-json\/wp\/v2\/types\/page"}],"author":[{"embeddable":true,"href":"https:\/\/ecbblanca-bue.infd.edu.ar\/sitio\/wp-json\/wp\/v2\/users\/134"}],"replies":[{"embeddable":true,"href":"https:\/\/ecbblanca-bue.infd.edu.ar\/sitio\/wp-json\/wp\/v2\/comments?post=1123"}],"version-history":[{"count":64,"href":"https:\/\/ecbblanca-bue.infd.edu.ar\/sitio\/wp-json\/wp\/v2\/pages\/1123\/revisions"}],"predecessor-version":[{"id":3959,"href":"https:\/\/ecbblanca-bue.infd.edu.ar\/sitio\/wp-json\/wp\/v2\/pages\/1123\/revisions\/3959"}],"wp:attachment":[{"href":"https:\/\/ecbblanca-bue.infd.edu.ar\/sitio\/wp-json\/wp\/v2\/media?parent=1123"}],"curies":[{"name":"wp","href":"https:\/\/api.w.org\/{rel}","templated":true}]}}