{"id":1077,"date":"2018-08-29T22:43:52","date_gmt":"2018-08-30T01:43:52","guid":{"rendered":"https:\/\/ecbblanca-bue.infd.edu.ar\/sitio\/datos-institucionales\/"},"modified":"2025-04-28T17:56:00","modified_gmt":"2025-04-28T20:56:00","slug":"datos-institucionales","status":"publish","type":"page","link":"https:\/\/ecbblanca-bue.infd.edu.ar\/sitio\/datos-institucionales\/","title":{"rendered":"Datos institucionales"},"content":{"rendered":"\n<p><strong>Nombre<\/strong>: Escuela de Danza Cl\u00e1sica<br><strong>N\u00famero<\/strong>: AD0002<br><strong>Car\u00e1cter<\/strong>: Urbana<br><strong>Regi\u00f3n<\/strong>: XXII<br><strong>Distrito<\/strong>: 008 &#8211; Bah\u00eda Blanca<br><strong>Direcci\u00f3n<\/strong>: Brown 128 &#8211; 2do Piso<br><strong>Tel\u00e9fono<\/strong>: (0291) 453-4132<br><strong>Correo electr\u00f3nico institucional:<\/strong> danzasclasicasbahiablanca@abc.gob.ar<br><strong>Horario de atenci\u00f3n<\/strong>: de lunes a viernes de 08:00 a 22:00<\/p>\n\n\n<p class=\"has-text-align-left\"><iframe loading=\"lazy\" style=\"border: 0;\" src=\"https:\/\/www.google.com\/maps\/embed?pb=!1m14!1m8!1m3!1d24902.885969037485!2d-62.266996!3d-38.721006!3m2!1i1024!2i768!4f13.1!3m3!1m2!1s0x95edbcb3be612b7f%3A0x4b6fe0fff49a5fa5!2sBrown+128%2C+B8000LQD+Bah%C3%ADa+Blanca%2C+Buenos+Aires!5e0!3m2!1ses!2sar!4v1520520986629&amp;wmode=transparent\" width=\"600\" height=\"450\" frameborder=\"0\" allowfullscreen=\"allowfullscreen\"><\/iframe><\/p>\n\n\n<h2 class=\"wp-block-heading has-text-color\" style=\"color:#004ee0\">Equipo Directivo<\/h2>\n\n\n\n<ul>\n<li><strong>Directora<\/strong>: Prof. Lorena Etchepare &#8211; <a href=\"mailto:aetchepare4@abc.gob.ar\">aetchepare4@abc.gob.ar<\/a><\/li>\n\n\n\n<li><strong>Vice-Directora<\/strong>: Lic. Mariana Torres &#8211; <a href=\"mailto:mariantorres1@abc.gob.ar\">mariantorres1@abc.gob.ar<\/a><\/li>\n\n\n\n<li><strong>Regente<\/strong>: Lic. Diego Enrique &#8211; <a href=\"mailto:denrique3@abc.gob.ar\">denrique3@abc.gob.ar<\/a><\/li>\n\n\n\n<li><strong>Secretaria<\/strong>:&nbsp; Prof. Flavia Jara &#8211; <a href=\"mailto:fjara4@abc.gob.ar\">fjara4@abc.gob.ar<\/a><\/li>\n<\/ul>\n\n\n\n<p><\/p>\n\n\n\n<h2 class=\"wp-block-heading has-text-color\" style=\"color:#004ee0\">Equipo de Conducci\u00f3n<\/h2>\n\n\n\n<h5 class=\"wp-block-heading\">Jefaturas de \u00c1rea<\/h5>\n\n\n\n<ul>\n<li><strong>Expresi\u00f3n Corporal y Folklore:<br><\/strong>Prof. Mar\u00eda Alejandra Fittipaldi- <a href=\"mailto:jefaturaexpresionfolclore@gmail.com\">jefaturaexpresionfolclore@gmail.com<\/a><\/li>\n\n\n\n<li><strong>Danza Contempor\u00e1nea y Tango:<br><\/strong>Prof. Juan Martin Gomila Molina \u2013&nbsp;<a rel=\"noreferrer noopener\" href=\"mailto:jefaturacontempotangoedc@gmail.com\" target=\"_blank\">jefaturacontempotangoedc@gmail.com<\/a><\/li>\n\n\n\n<li><strong>Danza Cl\u00e1sica:<br><\/strong>Prof. Roc\u00edo Antunez &#8211; <a href=\"mailto:jefaturaclasicoedc@gmail.com\">jefaturaclasicoedc@gmail.com<\/a><\/li>\n<\/ul>\n\n\n\n<h2 class=\"wp-block-heading has-text-color\" style=\"color:#004ee0\">Equipo<\/h2>\n\n\n\n<h3 class=\"wp-block-heading\"><strong>EMATP<\/strong><\/h3>\n\n\n\n<ul>\n<li><strong>Encargada de Medios y Apoyo T\u00e9cnico Pedag\u00f3gico:<\/strong> Aldana Merino &#8211;<a href=\"mailto:ematpdanza@gmail.com\"> ematpdanza@gmail.com<\/a><\/li>\n<\/ul>\n\n\n\n<h3 class=\"wp-block-heading\"><strong>Biblioteca<\/strong><\/h3>\n\n\n\n<ul>\n<li><strong>Turno ma\u00f1ana y turno tarde:<\/strong> Natalin Hipperdinger &#8211; <a href=\"mailto:bibliotecadanza@gmail.com\">bibliotecadanza@gmail.com<\/a><\/li>\n<\/ul>\n\n\n\n<h3 class=\"wp-block-heading\" id=\"preceptores\"><strong>Preceptor\u00eda<\/strong><\/h3>\n\n\n\n<p>\u25ba Correo electr\u00f3nico preceptor\u00eda:&nbsp;<a href=\"mailto:escueladedanzabahiablanca@gmail.com\">escueladedanzabahiablanca@gmail.com<\/a><\/p>\n\n\n\n<ul>\n<li><strong>Gisela Ciarico <\/strong>&#8211; Cursos a cargo: Prep. D, Inic. I A, II B, CM I, II, III, IV y V. Prof. Danzas Cl\u00e1sicas, Prof. Danzas Contempor\u00e1neas.<\/li>\n\n\n\n<li><strong>Romina Targa<\/strong> &#8211; Cursos a cargo: Fo. Ba. Expresi\u00f3n Corporal\/Danzas Folkl\u00f3ricas, Prof. Expresi\u00f3n Corporal y Danzas Folkl\u00f3ricas 1\u00b0, 2\u00b0, 3\u00b0 y 4\u00b0 a\u00f1o.<\/li>\n\n\n\n<li><strong>Claudia Yungblut<\/strong> &#8211; Cursos a cargo: Prep. C y B, Inic. I B, II A, III A.<\/li>\n\n\n\n<li><strong>Pablo Marconato<\/strong> &#8211; Cursos a cargo: Fo. Ba. Danzas Contempor\u00e1neas 1\u00b0 A, 1\u00b0 B, 2\u00b0, 3\u00b0 a\u00f1o y Tecnicatura Danzas Contempor\u00e1neas 1\u00b0 y 2\u00b0 a\u00f1o.<\/li>\n\n\n\n<li><strong>Romina Vinciullo<\/strong> &#8211; Cursos a cargo: Prep. A y E, Inic. I C, III B y II BB.<\/li>\n\n\n\n<li><strong>Luis Martin Buosi<\/strong>&nbsp;&#8211; Cursos a cargo: Tecnicatura Tango 1\u00b0, 2\u00b0 y 3\u00b0 a\u00f1o.<\/li>\n<\/ul>\n\n\n\n<h4 class=\"wp-block-heading\"><a rel=\"noreferrer noopener\" href=\"https:\/\/docs.google.com\/document\/d\/1eplPfIPKo5ml6jNksvz-AlO7ynD_sd4P\/edit?usp=sharing&amp;ouid=101244250037185305176&amp;rtpof=true&amp;sd=true\" target=\"_blank\">Horarios de cargos institucionales<\/a>  <\/h4>\n\n\n\n<h2 class=\"wp-block-heading\">Asociaci\u00f3n Cooperadora Escuela de Danzas<\/h2>\n\n\n\n<p>\u25ba Correo electr\u00f3nico cooperadora: <a href=\"mailto:cooperadoraedbb@gmail.com\">cooperadoraedbb@gmail.com<\/a><\/p>\n\n\n\n<p>Pago de cuotas societarias y donaciones:<\/p>\n\n\n\n<ul>\n<li>De forma presencial en la instituci\u00f3n<\/li>\n<\/ul>\n\n\n\n<h2 class=\"wp-block-heading has-contrast-color has-text-color\" id=\"docentes\">Docentes<\/h2>\n\n\n<div class=\"wp-block-image\">\n<figure class=\"alignleft is-resized\"><img decoding=\"async\" loading=\"lazy\" src=\"data:image\/jpeg;base64,\/9j\/4AAQSkZJRgABAQAAAQABAAD\/2wCEAAkGBw4SEg0NDQ8PDxANEA4NDQ8QDg8NDg0NFREWFxYRFRUYHigsGBonGxcVJTEhJSkrLi4yFyszODM4OCgtLisBCgoKDg0OGBAQFS0dHyMrLjc3LS0tLSsrKzcrNzQ3LSsrKy0tKy0rLS84KzUvLSstLS0tLS4tKy0tKy0tLS0tK\/\/AABEIAJgBTAMBIgACEQEDEQH\/xAAcAAEAAQUBAQAAAAAAAAAAAAAABQECAwQGBwj\/xABIEAACAQICAg0JBgMGBwAAAAAAAQIDBAUREiEGEyIxQVFSU3Fyk7HSBxQVMoGRkqLBIzNhsrPCJEKCFnR1lKHRNFRWYtPh8f\/EABYBAQEBAAAAAAAAAAAAAAAAAAABAv\/EACERAQABAgUFAAAAAAAAAAAAAAABEUEhYXGBsQIxMlHw\/9oADAMBAAIRAxEAPwD3EAAAAAAAAAAAAAAAAAAAAAAAAAAAAAAAAAAAAAAAAAAAAAAAAAAAAAAAAAAAaOIYpTpbl5ynlnorgXG3wEf\/AGhlzK7V+ECeBBf2glzMe1fhK+npc1HtX4QJwEJ6dlzUe1fhHpyfNR7V+ECbBC+mp81HtX4SvpmfNR7V+ECZBD+mJ81HtX4SvpefNQ7V+ECXBE+lanNQ7V+Er6Uqc3DtX4QJUEX6Tqc3DtZeEr6Rqc3DtZeECTBG+kKnNw7WXhK+f1ebh2svCBIgjvP6vNw7WXhL6WIa0qkdDPUpKWnDP8XksvcBvAAAAAAAAAsq1IxTlJpJa23vIia2Pxzyp03JccpaCf8AowJkEGselzK7V+EuWOS5pdq\/CBNAhljUuaj2r8JcsYlzUe1fhAlwRKxafNR7V+EuWKT5qPavwgSgIxYnPm4dq\/CXLEZ83DtZeACRBH+f1Obh2r8JmoXsZNRacJPeTyal0NAbQAAAAAAUfCBw1aq5SnOW\/KTk\/eIZvUjDmbuG+t7Ci6NrPi7y9Ws+LvJHMuzII5Ws+LvLlbT4u8kEyqYGgrafF3lyt58RvJlyYGirefEXK3nxG6mVTA01QnxF6oS4jbTKpgaqoy4i5UZGymVzA11SkVVNmwANeUWi1pPNPWnqa40bFTeZrpgb+Gzbpwz15aUM+F6MnH6GyamFfdrrVf1JG2AAAAAAcxshu3KptSe5p5Zrjm1v+4jYsyYs\/t63X+iLLXXKKKNiFvN68jIrafESCZcmQaKtp8RerefEbqZcmBpq3nxGRUJ8RtJl6YGqqEi9UZGymVA1Wmt8SimsmZbjeMKYEjY1XKO69aLcZfi1w+1ZP2mwaWGb1Tr\/ALIm6AAAAo+EqUfCB563rfSzdwt7p9BHyet9L7zewl7p9BRMplUzGmVTIMiZXM5LZHs6trWqrKlTq3l7Jbm1t1nJNxzWnL+XVr4WlryI1+UarQcHi2FXVhRqNRjcafnVOL\/78oLL2Zt8QHoOZXMg8c2QRt6FO7p0K97CrKChG0ht03CcXJVMuTkt\/wDFHL3flWo0tF18MxSkpyUIOpbxpqc+Ss5a3+AHoqZcmcNZeUF1KlKl6Jxants4U9Opa6NOGlJLSk89SWeszbINn9G1unYeZ3lzWVONbK2pxq7h8OWeeroA7RMrmee1fKcoxlOeEYxGMU5SlK0UYxilm223qR1OxnZJaX9J3FnU04xloTjKLhUpz4pR6AJrMuTOd2PbKaN5Wv7alTqwlh9RUqsp6GjOTclnHJvVuXv5b5PpgZEyuZjTKpgVq7z6GaiZs1HuZdDNNMCTwr7tdar+pI3DTwn7qPWq\/qSNwACO2RYxCztri9qxnOFtDbJxhlpyWaWrNrjOM2KeV2xv7qhYULe6hUuNs0ZVFSUFoU5TeeUm96L4APRAABxGMP7et1\/oiyye7j7e4Y0\/t6\/W+iLLB7uPt7iieTLkzEmXpkGRMvTMSZxuyTZxcW17HDbXDZ31WVCNwtC5VGWjnLNaLpvey38+EDuUy5M8+WzTGf8Apu4\/zsf\/ABHXYBf169CnWubWVnVk5qVvOe2yhlJpPSyWeaSe9wgSqZcmYky9MC259X2o1kzPdPcvpRqJgSeF71Tr\/sibxoYTvVOv+yJvgAAAKPhKlHwgebzeuXS+83sIe6l0Ijaj3Uus+838He6l0LvKJnMw390qVKtWe9Sp1Kr\/AKYt\/QyJmG+obZSrUedp1KfxRa+pnqrSaLHfFxPkbtFK2r4nV3Vxf16sqlR65aEZZaK4lpaT\/wDh3OJWNK4pVravHSp1oSpzX4Nb6\/Fb66DhfI3epWtbDqm5r2FetCpTfrKMpN55cWlpI7jEL6nQpVbitJRp0YSqTk3kkku8vVSmVEitc6sOxvB4WVvSs6VSrUhS0tCVVxlNRcm9HNJalnxHG+Wh\/ZYV\/iFL8rOl2F7IJ39rC8nQdvpynGMXPTU4xeWmnktWea9hzPlmf2WF\/wCIUvyst41jlLTpL0jM8wxDFLe22RyrXVWFGn5goac3ox0nvI9MzPNLuxoV9kcqdzRpV4ej1LQq04VYaS3noyT1kvG\/C2dZV8oGDRUpvEKDUU5NRk5yeXEktb\/A5nyRU5VLjGcRpUpUbS8rR82jJaO2ZSm3JL+rg1Zyy4DZ2c7ALapR85w22oULu0+1oxp0KUaVwo63TnTy0ZN8Da39W8TXk92UwxC1jUyjTr0WqV1RitFU6i4VHgi99e1cAi8k+kD5L3\/H7Jf71D81U9JTPNPJg\/4\/ZJ\/eofmqnpOYjxjSCfKdWTMqmY8yqYF1R7mXVZopm5N7mfVZHpgTWEfdR61X9SRg2R7IbSwpK5vqjpUnONLSVOpU3ck2llBN8DM+D\/dR61T9SRy\/lb2N3WIWKtLNQdTzilVenNU46EYzT1+1Aczs+8p2CXOHX9rbXbnWr0XClDze5hpSzWrOUEl7TyHyX4xb2eJ2V5dz2uhR842yehOpo6VvUgtzFNvdSXBwkhjXknxe1oVru4jQVK3jtlRxrqUtHPgWWs5fY7gle9uKNlaqLrV9PQU5aEdxTlN5vg1RYH05ZeVbAqtSlQpXjlUrVIUqcfNrqOlUnJRis3DVra3ztT502O+R\/GqN3ZXFSFvoULm3rVMq6b0IVYylkstepM+iwODxx\/xFfrfRGPD3u4+3uZXHn\/EV+t9EY8Nf2kf6u5lE+mXJmJMuTIMqZ5fsjxu2s9kFG5u6m10lYaDkoTqbqTmksops9NTPPrqEZbJKCklJejpamk1\/Pxi8b8ST2+9pVeVXAv8Am5f5a58B2dGqpRjOLzU0pRe9mms0aytaPNU+zh\/sbMQMqZcmYky5MBdPcPpRpxZs3T3D6YmlFgTGD+rU6\/7YkgR2C+rU6\/7YkiAAAAo+EqUfCB5hVe6l1pd5IYM9c+qu8jKz3U+tLvJHA3up9Vd5RMZlcy0EHL7Itg9G4rK+tq9WxvEstvoPVN5ZLTjqz\/HWs1qZoVNgFxcOKxXFri8owakqEKatYTaf8+TefeuBncZlUwKWtCFOEKVKMYU6cVCEIrKMYpZJJETsr2NU7+NvCrUnTVtWjcRcFFuUkmsnnwayYTLkwMmZBx2NU\/SDxbbJ7Y6Hm215R2vR489\/MmUyqYGRM5zC9iFG3vbjEbatUp+dZ7fbJQ2icmvW3s09Lde18Z0CZcmBw9bybx265uaGJ4hbSu6kqtWNvUVGLbbaT0d\/LN75ntNgdaE6dR41i1RU5wm4TuZOE1GSejJZ6095nZJlUxGBOLJmVzMeZcmBfN7mfVkRyZvSe5qdSRGpgdBg33MOtU\/Ukbxo4J9zDpqfqSN4Dm\/KRaVa2GYjRoQlVqVKLjTpwTlOctJakjxPyS7EcUt8WsLi5sbmjSh5zp1J0pRhHO1qxWb4NbS9p9IAAAAPPdkD\/ia\/W+iMeGP7SP8AV+Vl2yJ\/xNfrfRGPCn9pHol+VlE8mXJlhVMgypkVLY\/bu9jijdTb4UXbpaUdq2vX\/Llnnr4ySTLkwMqZcmYky9MDImXpmJMuTAXT3EumPeaEWbl0\/s5dMe80EwJ7A\/Un1\/2xJEjMB9SfX\/bEkwAAAFHwlSjA8sr+tPrS7yQwL1qnVXeR9f1p9aXeX2lw6ctJa+BrgaKOmBGrGYcif+hX0zT5E\/lIJEEesYp8ifylVi9Pkz+UCQzK5kf6Vp8mfylyxSlyanygb6ZVM0VidLk1PlKrEqXJqfKBvplUzRWJUuTU+UuWI0uTU98QN3MrmaaxGlyanviXLEKXJqe+IG4mVTNRYhS5NT3xLlf0uTU98QNqT3NTqSItMzXF6mnGCaT9Zt5triNZMDpsD+5h01P1JG+aGB\/c0+mp+eRvgAAAAAHnWyP\/AImv1vojDhL+1h\/V+VmzsopONzVz\/n0Zr8U1\/wCiMpzcWpR34vNFHVAjIYzDJaUJZ8OTWResXp8ifykEiVTI9YrT5M\/lL1ilLk1PlAkEy5M0FidLk1PlL1iVLk1PfEDeTLkzSWI0uTU98S5YhS5NT3xA2bt\/Zy60SOTL7q808oxWjFa8m823xswpgdHgHqT67\/KiTI3AItUs3\/NOTXQsl9GSQAAAAABxWyLAakZzrUYucJtyajrcJPf1cRA7RPkS+FnqYA8s2ifIl8LG0T5EvhZ6mAPLNonyJfCy5UZ8iXws9RAHmCpT5MvhZcqU+TL3M9NAHmipy5Mvcy5QlyZe5npIA84UJcl+5lyjLifuZ6KAPPFF8T9zLknxP3M9BAHAJPifuZcs+J+5negDhE+n3G3Z2dWo0oRaXDNpqMVx\/j0HYADHb0VCMYR3opJf7mQAAAAAAAicfwdXEU4tRqQ9ST3muSzibnDLim8p0pr8UtJPoaPTAB5b5vU5E\/hZVW9TkT+FnqIA8wVGpyJ\/Cy9UZ8iXws9MAHm6pT5MvhZeqc+TL4WeigDz1QlyZe5l6hLky9zO\/AHBxjLifuZJYfhVWo05J04cLayk1xJfU6oAW04KKUYrJRSSXEi4AAAAAAAAAAAAAAAAAAAAAAAAAAAAAAAAAAAAAAAAAAAAAAAAAAAAAAAAAAAAAAAAAAAAAAAAAAAAAAAAAAAAAAAAAAAAAAAAAAAAAAAAAAAAAAAAAAAAP\/\/Z\" alt=\"\" width=\"83\" height=\"38\"\/><figcaption class=\"wp-element-caption\">Para buscar por apellido o nombre<\/figcaption><\/figure><\/div>\n\n\n<p><iframe loading=\"lazy\" src=\"https:\/\/docs.google.com\/spreadsheets\/d\/e\/2PACX-1vTPFNJLYkibJ-EBEdoc3eRCeesCqR79rmr5ZW2wxkKWSkdEvsaODc7KwmvzViZYG7oPixltdWvexbx_\/pubhtml?gid=177846947&amp;single=true&amp;widget=true&amp;headers=false\" width=\"600\" height=\"1000\"><\/p><\/iframe><\/p>\n","protected":false},"excerpt":{"rendered":"<p>Nombre: Escuela de Danza Cl\u00e1sicaN\u00famero: AD0002Car\u00e1cter: UrbanaRegi\u00f3n: XXIIDistrito: 008 &#8211; Bah\u00eda BlancaDirecci\u00f3n: Brown 128 &#8211; 2do PisoTel\u00e9fono: (0291) 453-4132Correo electr\u00f3nico institucional: danzasclasicasbahiablanca@abc.gob.arHorario de atenci\u00f3n: de lunes a viernes de 08:00 a 22:00 Equipo Directivo Equipo de Conducci\u00f3n Jefaturas de \u00c1rea Equipo EMATP Biblioteca Preceptor\u00eda \u25ba Correo electr\u00f3nico preceptor\u00eda:&nbsp;escueladedanzabahiablanca@gmail.com Horarios de cargos institucionales Asociaci\u00f3n Cooperadora Escuela &#8230; <a title=\"Datos institucionales\" class=\"read-more\" href=\"https:\/\/ecbblanca-bue.infd.edu.ar\/sitio\/datos-institucionales\/\" aria-label=\"More on Datos institucionales\">[+]<\/a><\/p>\n","protected":false},"author":615,"featured_media":0,"parent":0,"menu_order":0,"comment_status":"closed","ping_status":"closed","template":"","meta":[],"acf":[],"_links":{"self":[{"href":"https:\/\/ecbblanca-bue.infd.edu.ar\/sitio\/wp-json\/wp\/v2\/pages\/1077"}],"collection":[{"href":"https:\/\/ecbblanca-bue.infd.edu.ar\/sitio\/wp-json\/wp\/v2\/pages"}],"about":[{"href":"https:\/\/ecbblanca-bue.infd.edu.ar\/sitio\/wp-json\/wp\/v2\/types\/page"}],"author":[{"embeddable":true,"href":"https:\/\/ecbblanca-bue.infd.edu.ar\/sitio\/wp-json\/wp\/v2\/users\/615"}],"replies":[{"embeddable":true,"href":"https:\/\/ecbblanca-bue.infd.edu.ar\/sitio\/wp-json\/wp\/v2\/comments?post=1077"}],"version-history":[{"count":23,"href":"https:\/\/ecbblanca-bue.infd.edu.ar\/sitio\/wp-json\/wp\/v2\/pages\/1077\/revisions"}],"predecessor-version":[{"id":3797,"href":"https:\/\/ecbblanca-bue.infd.edu.ar\/sitio\/wp-json\/wp\/v2\/pages\/1077\/revisions\/3797"}],"wp:attachment":[{"href":"https:\/\/ecbblanca-bue.infd.edu.ar\/sitio\/wp-json\/wp\/v2\/media?parent=1077"}],"curies":[{"name":"wp","href":"https:\/\/api.w.org\/{rel}","templated":true}]}}