{"id":1073,"date":"2018-08-29T22:43:51","date_gmt":"2018-08-30T01:43:51","guid":{"rendered":"https:\/\/ecbblanca-bue.infd.edu.ar\/sitio\/centro-de-estudiantes\/"},"modified":"2024-08-19T12:53:58","modified_gmt":"2024-08-19T15:53:58","slug":"centro-de-estudiantes","status":"publish","type":"page","link":"https:\/\/ecbblanca-bue.infd.edu.ar\/sitio\/centro-de-estudiantes\/","title":{"rendered":"Centro de Estudiantes"},"content":{"rendered":"\n<p><strong>COMISI\u00d3N DIRECTIVA<\/strong><br><br>&#x25ab;&#xfe0f; <strong>Presidenta<\/strong>: Luciana Cerda.<br>&#x25ab;&#xfe0f; <strong>Vicepresidenta<\/strong>: Claudia Lucesich.<br>&#x25ab;&#xfe0f; <strong>Tesorera<\/strong>: Sol Strik.<br>&#x25ab;&#xfe0f; <strong>Secretaria<\/strong>: Lourdes Aguirre Montero.<br>&#x25ab;&#xfe0f; <strong>Vocales de contempo<\/strong>: Fausto Oviedo y Ayel\u00e9n Abdala.<br>&#x25ab;&#xfe0f; <strong>Vocales de folkore<\/strong>: Natalia Alvarez y Luciano Galv\u00e1n.<br>&#x25ab;&#xfe0f;<strong> Vocales de tango<\/strong>: Mart\u00edn Cincunegui y Camila Zaccara.<br>&#x25ab;&#xfe0f; <strong>Vocales de cl\u00e1sico<\/strong>: Lourdes Ca\u00f1ete y Patricia L\u00f3pez Rold\u00e1n.<br>&#x25ab;&#xfe0f; <strong>Vocales de exp corporal<\/strong>: Carolina Wehinger y Marianela Llavel.<br>&#x25ab;&#xfe0f; <strong>Docente orientador<\/strong>: Emanuel Quevedo.<\/p>\n\n\n\n<figure class=\"wp-block-gallery has-nested-images columns-default is-cropped wp-block-gallery-1 is-layout-flex\">\n<figure class=\"wp-block-image size-large\"><img decoding=\"async\" loading=\"lazy\" width=\"1080\" height=\"1080\" data-id=\"2535\"  src=\"https:\/\/ecbblanca-bue.infd.edu.ar\/sitio\/wp-content\/uploads\/2023\/10\/WhatsApp-Image-2023-09-19-at-2.17.10-PM.jpeg\" alt=\"\" class=\"wp-image-2535\" srcset=\"https:\/\/ecbblanca-bue.infd.edu.ar\/sitio\/wp-content\/uploads\/2023\/10\/WhatsApp-Image-2023-09-19-at-2.17.10-PM.jpeg 1080w, https:\/\/ecbblanca-bue.infd.edu.ar\/sitio\/wp-content\/uploads\/2023\/10\/WhatsApp-Image-2023-09-19-at-2.17.10-PM-1000x1000.jpeg 1000w, https:\/\/ecbblanca-bue.infd.edu.ar\/sitio\/wp-content\/uploads\/2023\/10\/WhatsApp-Image-2023-09-19-at-2.17.10-PM-500x500.jpeg 500w, https:\/\/ecbblanca-bue.infd.edu.ar\/sitio\/wp-content\/uploads\/2023\/10\/WhatsApp-Image-2023-09-19-at-2.17.10-PM-768x768.jpeg 768w\" sizes=\"(max-width: 1080px) 100vw, 1080px\" \/><\/figure>\n\n\n\n<figure class=\"wp-block-image size-large\"><img decoding=\"async\" loading=\"lazy\" width=\"1080\" height=\"1080\" data-id=\"2536\"  src=\"https:\/\/ecbblanca-bue.infd.edu.ar\/sitio\/wp-content\/uploads\/2023\/10\/WhatsApp-Image-2023-09-19-at-2.17.10-PM-1.jpeg\" alt=\"\" class=\"wp-image-2536\" srcset=\"https:\/\/ecbblanca-bue.infd.edu.ar\/sitio\/wp-content\/uploads\/2023\/10\/WhatsApp-Image-2023-09-19-at-2.17.10-PM-1.jpeg 1080w, https:\/\/ecbblanca-bue.infd.edu.ar\/sitio\/wp-content\/uploads\/2023\/10\/WhatsApp-Image-2023-09-19-at-2.17.10-PM-1-1000x1000.jpeg 1000w, https:\/\/ecbblanca-bue.infd.edu.ar\/sitio\/wp-content\/uploads\/2023\/10\/WhatsApp-Image-2023-09-19-at-2.17.10-PM-1-500x500.jpeg 500w, https:\/\/ecbblanca-bue.infd.edu.ar\/sitio\/wp-content\/uploads\/2023\/10\/WhatsApp-Image-2023-09-19-at-2.17.10-PM-1-768x768.jpeg 768w\" sizes=\"(max-width: 1080px) 100vw, 1080px\" \/><\/figure>\n<\/figure>\n\n\n\n<div class=\"wp-block-columns is-layout-flex wp-container-6\">\n<div class=\"wp-block-column is-layout-flow\" style=\"flex-basis:100%\">\n<div class=\"wp-block-columns is-layout-flex wp-container-4\">\n<div class=\"wp-block-column is-layout-flow\"><div class=\"wp-block-image\">\n<figure class=\"alignleft size-large is-resized\"><a href=\"https:\/\/www.instagram.com\/centroestudiantes_danzas\/\" target=\"_blank\" rel=\"noopener\"><img decoding=\"async\" loading=\"lazy\" src=\"https:\/\/ecbblanca-bue.infd.edu.ar\/sitio\/wp-content\/uploads\/2020\/09\/Logo-Instagram.png\" alt=\"\" class=\"wp-image-1401\" width=\"34\" height=\"34\" srcset=\"https:\/\/ecbblanca-bue.infd.edu.ar\/sitio\/wp-content\/uploads\/2020\/09\/Logo-Instagram.png 512w, https:\/\/ecbblanca-bue.infd.edu.ar\/sitio\/wp-content\/uploads\/2020\/09\/Logo-Instagram-500x500.png 500w\" sizes=\"(max-width: 34px) 100vw, 34px\" \/><\/a><\/figure><\/div><\/div>\n<\/div>\n<\/div>\n<\/div>\n\n\n\n<script src=\"https:\/\/static.elfsight.com\/platform\/platform.js\" data-use-service-core=\"\" defer=\"\"><\/script>\n<div class=\"elfsight-app-ca003d22-8213-4992-8841-23a42b9c1fe0\"><\/div>\n\n\n\n<hr class=\"wp-block-separator has-alpha-channel-opacity\"\/>\n\n\n\n<p><strong>DOCUMENTOS<\/strong><\/p>\n\n\n\n<div class=\"wp-block-file\"><a id=\"wp-block-file--media-f349a652-0741-4608-9832-8e40b7be88fc\" href=\"https:\/\/ecbblanca-bue.infd.edu.ar\/sitio\/wp-content\/uploads\/2024\/08\/Centro-de-Estudiantes-Res.-4900-05.pdf\">Centro-de-Estudiantes-Res.-4900-05<\/a><a href=\"https:\/\/ecbblanca-bue.infd.edu.ar\/sitio\/wp-content\/uploads\/2024\/08\/Centro-de-Estudiantes-Res.-4900-05.pdf\" class=\"wp-block-file__button wp-element-button\" download aria-describedby=\"wp-block-file--media-f349a652-0741-4608-9832-8e40b7be88fc\">Descarga<\/a><\/div>\n\n\n\n<div class=\"wp-block-file\"><a id=\"wp-block-file--media-f9c7299b-23fd-4a70-a3a1-ed523504b4fe\" href=\"https:\/\/ecbblanca-bue.infd.edu.ar\/sitio\/wp-content\/uploads\/2024\/08\/Reglamento-General-de-Escuelas-2011-Bs-As.pdf\" target=\"_blank\" rel=\"noreferrer noopener\">Reglamento-General-de-Escuelas-2011-Bs-As<\/a><a href=\"https:\/\/ecbblanca-bue.infd.edu.ar\/sitio\/wp-content\/uploads\/2024\/08\/Reglamento-General-de-Escuelas-2011-Bs-As.pdf\" class=\"wp-block-file__button wp-element-button\" download aria-describedby=\"wp-block-file--media-f9c7299b-23fd-4a70-a3a1-ed523504b4fe\">Descarga<\/a><\/div>\n\n\n\n<div class=\"wp-block-file\"><a id=\"wp-block-file--media-b9da35de-54a7-4971-b7e4-573a6bdc46b0\" href=\"https:\/\/ecbblanca-bue.infd.edu.ar\/sitio\/wp-content\/uploads\/2024\/08\/Resolucion-2383_2005-Reglamento-IS.pdf\">Resolucion-2383_2005-Reglamento-IS<\/a><a href=\"https:\/\/ecbblanca-bue.infd.edu.ar\/sitio\/wp-content\/uploads\/2024\/08\/Resolucion-2383_2005-Reglamento-IS.pdf\" class=\"wp-block-file__button wp-element-button\" download aria-describedby=\"wp-block-file--media-b9da35de-54a7-4971-b7e4-573a6bdc46b0\">Descarga<\/a><\/div>\n\n\n\n<div class=\"wp-block-file\"><a id=\"wp-block-file--media-0ed6b54b-3a07-48e6-bbd8-39ec843aafde\" href=\"https:\/\/ecbblanca-bue.infd.edu.ar\/sitio\/wp-content\/uploads\/2024\/08\/Centros-de-Estudiantes-LEY-14581-2013.docx\">Centros-de-Estudiantes-LEY-14581-2013<\/a><a href=\"https:\/\/ecbblanca-bue.infd.edu.ar\/sitio\/wp-content\/uploads\/2024\/08\/Centros-de-Estudiantes-LEY-14581-2013.docx\" class=\"wp-block-file__button wp-element-button\" download aria-describedby=\"wp-block-file--media-0ed6b54b-3a07-48e6-bbd8-39ec843aafde\">Descarga<\/a><\/div>\n\n\n\n<div class=\"wp-block-file\"><a id=\"wp-block-file--media-1e9efe48-181c-4a20-88d9-283db37689c5\" href=\"https:\/\/ecbblanca-bue.infd.edu.ar\/sitio\/wp-content\/uploads\/2024\/08\/Danza-Centro-de-Estudiantes.docx\">Danza-Centro-de-Estudiantes<\/a><a href=\"https:\/\/ecbblanca-bue.infd.edu.ar\/sitio\/wp-content\/uploads\/2024\/08\/Danza-Centro-de-Estudiantes.docx\" class=\"wp-block-file__button wp-element-button\" download aria-describedby=\"wp-block-file--media-1e9efe48-181c-4a20-88d9-283db37689c5\">Descarga<\/a><\/div>\n","protected":false},"excerpt":{"rendered":"<p>COMISI\u00d3N DIRECTIVA &#x25ab;&#xfe0f; Presidenta: Luciana Cerda.&#x25ab;&#xfe0f; Vicepresidenta: Claudia Lucesich.&#x25ab;&#xfe0f; Tesorera: Sol Strik.&#x25ab;&#xfe0f; Secretaria: Lourdes Aguirre Montero.&#x25ab;&#xfe0f; Vocales de contempo: Fausto Oviedo y Ayel\u00e9n Abdala.&#x25ab;&#xfe0f; Vocales de folkore: Natalia Alvarez y Luciano Galv\u00e1n.&#x25ab;&#xfe0f; Vocales de tango: Mart\u00edn Cincunegui y Camila Zaccara.&#x25ab;&#xfe0f; Vocales de cl\u00e1sico: Lourdes Ca\u00f1ete y Patricia L\u00f3pez Rold\u00e1n.&#x25ab;&#xfe0f; Vocales de exp corporal: Carolina Wehinger &#8230; <a title=\"Centro de Estudiantes\" class=\"read-more\" href=\"https:\/\/ecbblanca-bue.infd.edu.ar\/sitio\/centro-de-estudiantes\/\" aria-label=\"More on Centro de Estudiantes\">[+]<\/a><\/p>\n","protected":false},"author":134,"featured_media":0,"parent":0,"menu_order":0,"comment_status":"closed","ping_status":"closed","template":"","meta":[],"acf":[],"_links":{"self":[{"href":"https:\/\/ecbblanca-bue.infd.edu.ar\/sitio\/wp-json\/wp\/v2\/pages\/1073"}],"collection":[{"href":"https:\/\/ecbblanca-bue.infd.edu.ar\/sitio\/wp-json\/wp\/v2\/pages"}],"about":[{"href":"https:\/\/ecbblanca-bue.infd.edu.ar\/sitio\/wp-json\/wp\/v2\/types\/page"}],"author":[{"embeddable":true,"href":"https:\/\/ecbblanca-bue.infd.edu.ar\/sitio\/wp-json\/wp\/v2\/users\/134"}],"replies":[{"embeddable":true,"href":"https:\/\/ecbblanca-bue.infd.edu.ar\/sitio\/wp-json\/wp\/v2\/comments?post=1073"}],"version-history":[{"count":8,"href":"https:\/\/ecbblanca-bue.infd.edu.ar\/sitio\/wp-json\/wp\/v2\/pages\/1073\/revisions"}],"predecessor-version":[{"id":3077,"href":"https:\/\/ecbblanca-bue.infd.edu.ar\/sitio\/wp-json\/wp\/v2\/pages\/1073\/revisions\/3077"}],"wp:attachment":[{"href":"https:\/\/ecbblanca-bue.infd.edu.ar\/sitio\/wp-json\/wp\/v2\/media?parent=1073"}],"curies":[{"name":"wp","href":"https:\/\/api.w.org\/{rel}","templated":true}]}}