{"id":1068,"date":"2018-08-29T22:43:49","date_gmt":"2018-08-30T01:43:49","guid":{"rendered":"https:\/\/ecbblanca-bue.infd.edu.ar\/sitio\/tango-3\/"},"modified":"2025-11-17T13:36:33","modified_gmt":"2025-11-17T16:36:33","slug":"tango-3","status":"publish","type":"page","link":"https:\/\/ecbblanca-bue.infd.edu.ar\/sitio\/tango-3\/","title":{"rendered":"Tango"},"content":{"rendered":"<p><iframe loading=\"lazy\" title=\"YouTube video player\" src=\"https:\/\/www.youtube.com\/embed\/GxVrUqatidU\" width=\"560\" height=\"315\" frameborder=\"0\" allowfullscreen=\"allowfullscreen\"><\/iframe><\/p>\n<p><span data-mce-mark=\"1\">La oferta educativa en Tango comprende un ciclo de\u00a0<strong>Formaci\u00f3n B\u00e1sica<\/strong>, con una duraci\u00f3n de un a\u00f1o,\u00a0como requisito de ingreso al ciclo de\u00a0<strong>Formaci\u00f3n Profesional,<\/strong>\u00a0constituido por la carrera de grado T\u00e9cnico &#8211; Profesional:\u00a0<strong>T\u00e9cnico Superior Int\u00e9rprete Core\u00f3grafo\u00a0en Tango<\/strong>, con una duraci\u00f3n de tres a\u00f1os.<\/span><\/p>\n<p>La carrera de tango se realiza actualmente a \u00ab<strong>ciclo cerrado<\/strong>\u00bb (esto quiere decir que las inscripciones no se abrir\u00e1n todos los a\u00f1os, sino que se abrir\u00e1n cuando finalice el ciclo de estudios de la camada que est\u00e1 cursando actualmente).<\/p>\n<p><span data-mce-mark=\"1\">El\u00a0<strong>T\u00e9cnico Superior Int\u00e9rprete Core\u00f3grafo\u00a0en Tango<\/strong>\u00a0estar\u00e1 capacitado para interpretar,\u00a0crear, dise\u00f1ar, organizar y planificar proyectos\u00a0art\u00edsticos propios de este lenguaje (Danza\u00a0Tango), desplegando aptitudes de compromiso,\u00a0valorizaci\u00f3n y calidad de la producci\u00f3n art\u00edstica\u00a0coreogr\u00e1fica identitaria.<\/span><\/p>\n<p><strong data-rich-text-format-boundary=\"true\">Contacto <\/strong>Jefatura de \u00e1rea Contempor\u00e1neo y Tango: <a href=\"mailto:jefaturacontempotangoedc@gmail.com\">jefaturacontempotangoedc@gmail.com<\/a><\/p>\n<hr \/>\n<div>\n<h3>Estructura curricular (listado de materias)<\/h3>\n<p><a href=\"https:\/\/drive.google.com\/file\/d\/1ktDQxnPvawsM_pK9rt3OZO4NltrKXnUb\/view?usp=sharing\" target=\"_blank\" rel=\"noopener\"><span style=\"color: #333333;\"><strong><span style=\"color: #ff0000;\">&#x1f517; Ver plan de estudios completo<\/span><\/strong><\/span><\/a><\/p>\n<h5><strong><span style=\"color: #ff0000;\">Formaci\u00f3n b\u00e1sica <span dir=\"ltr\" role=\"presentation\">para Tecnicatura Superior en Interpretaci\u00f3n y Coreograf\u00eda de <\/span><\/span><br role=\"presentation\" \/><span dir=\"ltr\" style=\"color: #ff0000;\" role=\"presentation\">Tango\u00a0<\/span><br \/>\n<\/strong><\/h5>\n<p><strong>Primer a\u00f1o<\/strong><\/p>\n<ul>\n<li>T\u00e9cnicas de Composici\u00f3n Coreogr\u00e1fica en Tango<\/li>\n<li>Danza Folkl\u00f3rica Rioplatense<\/li>\n<li>Trabajo Corporal<\/li>\n<li>An\u00e1lisis del Movimiento y de la Producci\u00f3n Coreogr\u00e1fica en Tango<\/li>\n<li>M\u00fasica<\/li>\n<\/ul>\n<h5><span dir=\"ltr\" style=\"color: #ff0000;\" role=\"presentation\">Tecnicatura Superior en Interpretaci\u00f3n y Coreograf\u00eda de Tango <\/span><\/h5>\n<h5><span dir=\"ltr\" style=\"color: #ff0000;\" role=\"presentation\"><a href=\"https:\/\/drive.google.com\/file\/d\/1PgfQ49AGcrhPypuG5pp4PcOgtCflqi0_\/view?usp=sharing\" target=\"_blank\" rel=\"noopener\"><span style=\"color: #333333;\"><strong><span style=\"color: #ff0000;\">&#x1f517;<\/span><\/strong><\/span><\/a><\/span><span dir=\"ltr\" style=\"color: #ff0000;\" role=\"presentation\"><a href=\"https:\/\/ecbblanca-bue.infd.edu.ar\/sitio\/horarios-cursada\/\">HORARIOS<\/a> &#8211; <a href=\"https:\/\/drive.google.com\/file\/d\/1PgfQ49AGcrhPypuG5pp4PcOgtCflqi0_\/view?usp=sharing\" target=\"_blank\" rel=\"noopener\"><span style=\"color: #333333;\"><strong><span style=\"color: #ff0000;\">&#x1f517; Ver Resoluci\u00f3n 7\/09<\/span><\/strong><\/span><\/a><\/span><\/h5>\n<p><strong>Primer a\u00f1o<\/strong><\/p>\n<ul>\n<li>Trabajo Corporal I<\/li>\n<li>Taller de Teatro<\/li>\n<li>Vestuario<\/li>\n<li>M\u00fasica I<\/li>\n<li>Historia del Tango y su contexto I<\/li>\n<li>Danza Folkl\u00f3rica Rioplatense I<\/li>\n<li>T\u00e9cnica de composici\u00f3n coreogr\u00e1fica en Tango I<\/li>\n<li>Tango Danza: Estil\u00edstica I<\/li>\n<li>EDI* Vals y Milonga<\/li>\n<\/ul>\n<p><strong>Segundo a\u00f1o<\/strong><\/p>\n<ul>\n<li>T\u00e9cnicas de Composici\u00f3n Coreogr\u00e1fica en Tango II<\/li>\n<li>Tango Danza: Estil\u00edstica II<\/li>\n<li>Danza Folkl\u00f3rica Rioplatense II<\/li>\n<li>Historia del Tango y su Contexto II<\/li>\n<li>Taller de Escenograf\u00eda<\/li>\n<li>Taller de Maquillaje<\/li>\n<li>M\u00fasica II<\/li>\n<li>Trabajo Corporal II<\/li>\n<li>EDI*\u00a0 Partenaire danza Tango<\/li>\n<\/ul>\n<p><strong>Tercer a\u00f1o<\/strong><\/p>\n<ul>\n<li>T\u00e9cnicas de Composici\u00f3n Coreogr\u00e1fica en Tango III<\/li>\n<li>Proyecto de producci\u00f3n coreogr\u00e1fica en Tango<\/li>\n<li>Historia del Tango y su Contexto III<\/li>\n<li>T\u00e9cnica de la Danza Contempor\u00e1nea<\/li>\n<li>Gesti\u00f3n Integral de Producci\u00f3n art\u00edstica<\/li>\n<li>Trabajo Corporal III<\/li>\n<li>EDI* Tango Escenario<br \/>\n<span style=\"color: #808080;\">*Espacio de Definici\u00f3n Institucional<\/span><\/li>\n<\/ul>\n<\/div>\n","protected":false},"excerpt":{"rendered":"<p>La oferta educativa en Tango comprende un ciclo de\u00a0Formaci\u00f3n B\u00e1sica, con una duraci\u00f3n de un a\u00f1o,\u00a0como requisito de ingreso al ciclo de\u00a0Formaci\u00f3n Profesional,\u00a0constituido por la carrera de grado T\u00e9cnico &#8211; Profesional:\u00a0T\u00e9cnico Superior Int\u00e9rprete Core\u00f3grafo\u00a0en Tango, con una duraci\u00f3n de tres a\u00f1os. La carrera de tango se realiza actualmente a \u00abciclo cerrado\u00bb (esto quiere decir que &#8230; <a title=\"Tango\" class=\"read-more\" href=\"https:\/\/ecbblanca-bue.infd.edu.ar\/sitio\/tango-3\/\" aria-label=\"More on Tango\">[+]<\/a><\/p>\n","protected":false},"author":134,"featured_media":0,"parent":0,"menu_order":0,"comment_status":"closed","ping_status":"closed","template":"","meta":[],"acf":[],"_links":{"self":[{"href":"https:\/\/ecbblanca-bue.infd.edu.ar\/sitio\/wp-json\/wp\/v2\/pages\/1068"}],"collection":[{"href":"https:\/\/ecbblanca-bue.infd.edu.ar\/sitio\/wp-json\/wp\/v2\/pages"}],"about":[{"href":"https:\/\/ecbblanca-bue.infd.edu.ar\/sitio\/wp-json\/wp\/v2\/types\/page"}],"author":[{"embeddable":true,"href":"https:\/\/ecbblanca-bue.infd.edu.ar\/sitio\/wp-json\/wp\/v2\/users\/134"}],"replies":[{"embeddable":true,"href":"https:\/\/ecbblanca-bue.infd.edu.ar\/sitio\/wp-json\/wp\/v2\/comments?post=1068"}],"version-history":[{"count":19,"href":"https:\/\/ecbblanca-bue.infd.edu.ar\/sitio\/wp-json\/wp\/v2\/pages\/1068\/revisions"}],"predecessor-version":[{"id":3875,"href":"https:\/\/ecbblanca-bue.infd.edu.ar\/sitio\/wp-json\/wp\/v2\/pages\/1068\/revisions\/3875"}],"wp:attachment":[{"href":"https:\/\/ecbblanca-bue.infd.edu.ar\/sitio\/wp-json\/wp\/v2\/media?parent=1068"}],"curies":[{"name":"wp","href":"https:\/\/api.w.org\/{rel}","templated":true}]}}