{"id":1058,"date":"2018-08-29T22:43:45","date_gmt":"2018-08-30T01:43:45","guid":{"rendered":"https:\/\/ecbblanca-bue.infd.edu.ar\/sitio\/extension\/"},"modified":"2022-02-17T21:24:54","modified_gmt":"2022-02-18T00:24:54","slug":"extension","status":"publish","type":"page","link":"https:\/\/ecbblanca-bue.infd.edu.ar\/sitio\/extension\/","title":{"rendered":"Extensi\u00f3n"},"content":{"rendered":"<p><span style=\"font-size: 10pt; color: #000000; font-family: verdana,geneva;\">El <strong>\u00c1rea de Extensi\u00f3n<\/strong> de la Escuela de Danzas de Bah\u00eda Blanca tiene por objetivos:<\/span><\/p>\n<ul>\n<li><span style=\"font-size: 10pt;\">Difundir las producciones art\u00edsticas de los estudiantes y contribuir al enriquecimiento de la vida cultural local y regional<\/span><\/li>\n<li><span style=\"font-size: 10pt;\">Brindar capacitaci\u00f3n continua a los egresados de las carreras T\u00e9cnico &#8211; Profesional y Docentes de la Instituci\u00f3n<\/span><\/li>\n<li><span style=\"font-size: 10pt;\">Desarrollar competencias b\u00e1sicas generales y espec\u00edficas de cada disciplina en relaci\u00f3n a la futura inserci\u00f3n laboral de los alumnos<\/span><\/li>\n<li><span style=\"font-size: 10pt;\">Promover acciones tendientes a la realizaci\u00f3n de proyectos de producci\u00f3n art\u00edstica, entre los profesores de la Escuela, como programas culturales abiertos a la comunidad<\/span><\/li>\n<li><span style=\"font-size: 10pt;\">Fortalecer v\u00ednculos con otras instituciones y organismos de la ciudad y la zona<\/span><\/li>\n<\/ul>\n<p><span style=\"font-size: 10pt;\">Integran el \u00c1rea de Extensi\u00f3n:<\/span><\/p>\n<ul>\n<li><span style=\"font-size: 10pt;\">Ballet Juvenil (orientaci\u00f3n Danza Cl\u00e1sica)<\/span><\/li>\n<li><span style=\"font-size: 10pt;\">Ballet Juvenil (orientaci\u00f3n Danza Contempor\u00e1nea)<\/span><\/li>\n<li><span style=\"font-size: 10pt;\">Ballet Infantil<\/span><\/li>\n<\/ul>\n<p><img decoding=\"async\" loading=\"lazy\" style=\"display: block; margin-left: auto; margin-right: auto;\" title=\"precos15\" src=\"https:\/\/ecbblanca-bue.infd.edu.ar\/sitio\/wp-content\/uploads\/2018\/08\/Sin_t%C3%ADtulo-1.jpg\" alt=\"precos15\" width=\"440\" height=\"295\" border=\"0\" \/><\/p>\n<p><span style=\"font-size: 8pt;\"><span style=\"color: #ff9900;\"><strong>Comenzamos este a\u00f1o de una forma diferente,<\/strong><\/span> hay un antes y un despu\u00e9s de Cosqu\u00edn. El Ballet folcl\u00f3rico de la Escuela de Danzas de Bah\u00eda Blanca, dependiente de la Direcci\u00f3n General de Cultura y Educaci\u00f3n de la provincia de Buenos Aires, se consagr\u00f3 campe\u00f3n en la 44\u00ba edici\u00f3n del Festival de Nuevos Valores Pre-Cosqu\u00edn 2015, en C\u00f3rdoba, en los rubros Mejor Ballet, Mejor puesta esc\u00e9nica, y Mejor Core\u00f3grafo. As\u00ed, obtuvieron el pase directo al escenario mayor en el 55\u00ba Festival de Cosqu\u00edn, donde se presentaron el 28 de enero. El evento fue transmitido para todo el pa\u00eds, reivindicando el valor de consagrarse ganadores del certamen.<\/span><\/p>\n<p style=\"text-align: justify;\"><span style=\"font-size: 8pt;\">El grupo est\u00e1 conformado por 40 bailarines de los cuales el 80 por ciento son alumnos del Profesorado y Tecnicatura en Danzas Folkl\u00f3ricas de la Escuela de Danzas de Bah\u00eda Blanca y junto a bailarines de agrupaciones de la ciudad y la zona. <\/span><\/p>\n<p><span style=\"font-size: 8pt;\">Creemos que este logro es un premio al trabajo y una confirmaci\u00f3n de que es posible la b\u00fasqueda de una identidad dentro de la danza, multiplicando en diferentes espacios esa experiencia, que nos transforma a todos, no solo a la instituci\u00f3n sino a toda la comunidad.<\/span><span style=\"font-size: 8pt;\"><br \/>\n<\/span><\/p>\n<p><span style=\"font-size: 8pt;\">Los directores del Ballet, Sebasti\u00e1n P\u00e9rez Traviezo y Sergio Barriga, asumieron el compromiso de llevar adelante esta tarea de pensar que la docencia y el arte se construyen, asumiendo riesgos con responsabilidad y convicci\u00f3n.<\/span><\/p>\n<p><span style=\"font-size: 8pt;\">La Escuela de Danza Cl\u00e1sica se fortalece junto al enriquecimiento de sus integrantes, docentes y alumnos.<\/span><\/p>\n<p><span style=\"font-size: 8pt;\">Agradecemos al Instituto Cultural de la Municipalidad de Bah\u00eda Blanca, y a Marcela Sainz, su\u00a0 directora, por la confianza y el apoyo constante para lograr este objetivo.<\/span><\/p>\n<div>\n<p id=\"internal-source-marker_0.5739321324508637\" dir=\"ltr\">El Ballet Juvenil de la Escuela de Danza (<strong>BED<\/strong>) se reconoce dentro del \u00e1rea de extensi\u00f3n perteneciente a la Escuela de Danza. Tiene como objetivo difundir las producciones art\u00edsticas de los alumnos y contribuir al enriquecimiento de la vida cultural local y regional. Brindar capacitaci\u00f3n continua a los egresados \u00a0de las carreras \u00a0T\u00e9cnico-Profesional \u00a0\u00a0y \u00a0docentes de la Instituci\u00f3n. Desarrollar competencias b\u00e1sicas generales y espec\u00edficas de cada \u00a0disciplina en relaci\u00f3n a la futura inserci\u00f3n laboral de los alumnos. Promover acciones tendientes a la realizaci\u00f3n de proyectos de producci\u00f3n art\u00edstica, como programas culturales abiertos a la comunidad. Fortalecer v\u00ednculos con otras instituciones y organismos de la ciudad y la zona.<\/p>\n<p dir=\"ltr\">Este espacio desarrolla en el alumno una \u00a0visi\u00f3n \u00a0totalizadora como aprendiz del \u00aboficio de bailar\u00edn\u00bb en el sentido de interprete con capacidad de adaptaci\u00f3n a las propuestas de los core\u00f3grafos, la visi\u00f3n de la puesta en practica esc\u00e9nica de los conocimientos adquiridos en las diferentes clases, la resoluci\u00f3n de conflictos, la disciplina, el respeto, el trabajo en equipo y la practica de actitudes solidarias, la responsabilidad, el aprendizaje de valores.<\/p>\n<p dir=\"ltr\">El Ballet Juvenil, cuya primera presentaci\u00f3n fue el 30 de octubre del a\u00f1o 2003 est\u00e1 constituido por 35 j\u00f3venes estudiantes entre 13 y 20 a\u00f1os seleccionados por concurso que se preparan para su futura actividad profesional. Es por eso que abordan por un lado, famosos ballet de repertorio y por otro coreograf\u00edas propias que responden a nuevas t\u00e9cnicas corporales que indagan a las problem\u00e1ticas del mundo actual. La compa\u00f1\u00eda se distingue por el esp\u00edritu de cuerpo y poseer sello propio, lo que lo hace inigualable a cualquier otro grupo. Adem\u00e1s de ser el \u00fanico ballet que posee las dos disciplinas: Cl\u00e1sico y Contempor\u00e1neo, que se mueven en forma independiente dentro del mismo grupo. Sus presentaciones no se limitan a Bah\u00eda Blanca; se presentaron en Olavarr\u00eda, Buenos Aires, Jun\u00edn, Tres Arroyos y otras localidades de la zona. Es solicitado peri\u00f3dicamente por escuelas, jardines de infantes, geri\u00e1tricos, hogar del anciano, etc.<\/p>\n<\/div>\n<p>El Ballet Juvenil (orientaci\u00f3n <strong>Danza Cl\u00e1sica<\/strong>) en sus inicios coordinado por la profesora Amanda Gim\u00e9nez, actualmente se encuentra bajo la direcci\u00f3n de la profesora <strong>Andrea Petrini <\/strong>y la asistencia de la profesora Guillermina G\u00f3mez.<\/p>\n<p>El Ballet Juvenil (orientaci\u00f3n <strong>Danza Contempor\u00e1nea<\/strong>)\u00a0bajo la direcci\u00f3n\u00a0la Profesora <strong>Alejandra Vallebona<\/strong>, junto a la asistencia del profesor Diego Carlini.<\/p>\n<p>El Ballet<strong> Infantil<\/strong>, se crea en el a\u00f1o 2007, y se encuentra integrado por\u00a0alumnos y alumnas de los primeros ciclos de la Formaci\u00f3n B\u00e1sica en Danza Cl\u00e1sica (Ciclo Preparatorio e Iniciaci\u00f3n) coordinado por el Prof. <strong>Florencia Del Pino<\/strong>.<\/p>\n","protected":false},"excerpt":{"rendered":"<p>El \u00c1rea de Extensi\u00f3n de la Escuela de Danzas de Bah\u00eda Blanca tiene por objetivos: Difundir las producciones art\u00edsticas de los estudiantes y contribuir al enriquecimiento de la vida cultural local y regional Brindar capacitaci\u00f3n continua a los egresados de las carreras T\u00e9cnico &#8211; Profesional y Docentes de la Instituci\u00f3n Desarrollar competencias b\u00e1sicas generales y &#8230; <a title=\"Extensi\u00f3n\" class=\"read-more\" href=\"https:\/\/ecbblanca-bue.infd.edu.ar\/sitio\/extension\/\" aria-label=\"More on Extensi\u00f3n\">[+]<\/a><\/p>\n","protected":false},"author":134,"featured_media":0,"parent":0,"menu_order":0,"comment_status":"closed","ping_status":"closed","template":"","meta":[],"acf":[],"_links":{"self":[{"href":"https:\/\/ecbblanca-bue.infd.edu.ar\/sitio\/wp-json\/wp\/v2\/pages\/1058"}],"collection":[{"href":"https:\/\/ecbblanca-bue.infd.edu.ar\/sitio\/wp-json\/wp\/v2\/pages"}],"about":[{"href":"https:\/\/ecbblanca-bue.infd.edu.ar\/sitio\/wp-json\/wp\/v2\/types\/page"}],"author":[{"embeddable":true,"href":"https:\/\/ecbblanca-bue.infd.edu.ar\/sitio\/wp-json\/wp\/v2\/users\/134"}],"replies":[{"embeddable":true,"href":"https:\/\/ecbblanca-bue.infd.edu.ar\/sitio\/wp-json\/wp\/v2\/comments?post=1058"}],"version-history":[{"count":1,"href":"https:\/\/ecbblanca-bue.infd.edu.ar\/sitio\/wp-json\/wp\/v2\/pages\/1058\/revisions"}],"predecessor-version":[{"id":1782,"href":"https:\/\/ecbblanca-bue.infd.edu.ar\/sitio\/wp-json\/wp\/v2\/pages\/1058\/revisions\/1782"}],"wp:attachment":[{"href":"https:\/\/ecbblanca-bue.infd.edu.ar\/sitio\/wp-json\/wp\/v2\/media?parent=1058"}],"curies":[{"name":"wp","href":"https:\/\/api.w.org\/{rel}","templated":true}]}}