{"id":1056,"date":"2018-08-29T22:43:45","date_gmt":"2018-08-30T01:43:45","guid":{"rendered":"https:\/\/ecbblanca-bue.infd.edu.ar\/sitio\/expresion-corporal\/"},"modified":"2025-11-17T13:27:22","modified_gmt":"2025-11-17T16:27:22","slug":"expresion-corporal","status":"publish","type":"page","link":"https:\/\/ecbblanca-bue.infd.edu.ar\/sitio\/expresion-corporal\/","title":{"rendered":"Expresi\u00f3n Corporal"},"content":{"rendered":"\n<p><iframe loading=\"lazy\" src=\"https:\/\/www.youtube.com\/embed\/TFiP2XKfO3Y\" allowfullscreen=\"allowfullscreen\" width=\"560\" height=\"315\" frameborder=\"0\"><\/iframe><\/p>\n\n\n\n<p>La oferta educativa en <strong>Expresi\u00f3n Corporal <\/strong>comprende un ciclo de <strong>Formaci\u00f3n B\u00e1sica<\/strong> (de un a\u00f1o de duraci\u00f3n) como requisito de ingreso a la carrera de grado docente: <strong>Profesorado de Danza (Orientaci\u00f3n Expresi\u00f3n Corporal)<\/strong>.<\/p>\n\n\n\n<p><strong>Contacto <\/strong>Jefatura de \u00e1rea Expresi\u00f3n Corporal y Folklore<strong>:<\/strong><a href=\"mailto:jefaturaexpresionfolclore@gmail.com\"> jefaturaexpresionfolclore@gmail.com<\/a><\/p>\n\n\n\n<hr class=\"wp-block-separator has-css-opacity\"\/>\n\n\n\n<h2 class=\"wp-block-heading\">Estructura curricular (listado de materias)<\/h2>\n\n\n\n<h5 class=\"wp-block-heading has-text-color\" style=\"color:#1aac00\">Formaci\u00f3n B\u00e1sica para los Profesorados de Danza (Orientaci\u00f3n Expresi\u00f3n Corporal y<br>Danzas Folkl\u00f3ricas) y Tecnicatura Capacitaci\u00f3n en Danzas Folkl\u00f3ricas <br>&#x1f517; <a href=\"https:\/\/ecbblanca-bue.infd.edu.ar\/sitio\/horarios-cursada\/\" target=\"_blank\" rel=\"noreferrer noopener\">Horarios<\/a> &#8211; &#x1f517; <a rel=\"noreferrer noopener\" href=\"https:\/\/drive.google.com\/file\/d\/1dxx1oGXfVsyNchhavUtBG5rrOkjZB0Rv\/view\" target=\"_blank\">Resoluci\u00f3n 1098\/03<\/a><\/h5>\n\n\n\n<p><strong>Primer a\u00f1o<\/strong><\/p>\n\n\n\n<ul>\n<li>T\u00e9cnicas de Improvisaci\u00f3n y Composici\u00f3n<\/li>\n\n\n\n<li>Coreograf\u00edas Populares<\/li>\n\n\n\n<li>Iniciaci\u00f3n en el An\u00e1lisis del Movimiento y Producci\u00f3n<\/li>\n\n\n\n<li>M\u00fasica<\/li>\n\n\n\n<li>T\u00e9cnicas de Conciencia Corporal<\/li>\n<\/ul>\n\n\n\n<p><a rel=\"noreferrer noopener\" href=\"https:\/\/drive.google.com\/file\/d\/1AIoPwd5kBKMm7xKA8WJBxLYk4AxMj41N\/view?usp=sharing\" target=\"_blank\"><strong>&#x1f517; Ver plan de estudios de la Formaci\u00f3n B\u00e1sica completo<\/strong><\/a><\/p>\n\n\n\n<hr class=\"wp-block-separator has-css-opacity\"\/>\n\n\n\n<h5 class=\"wp-block-heading has-text-color\" style=\"color:#1aac00\">Profesorado de Danza (Orientaci\u00f3n en Expresi\u00f3n Corporal) <br>&#x1f517; <a href=\"https:\/\/ecbblanca-bue.infd.edu.ar\/sitio\/horarios-cursada\/\" target=\"_blank\" rel=\"noreferrer noopener\">Horarios<\/a> &#8211; <a rel=\"noreferrer noopener\" href=\"https:\/\/drive.google.com\/file\/d\/10ZwMeEqka8BdzrVogvdrhCgqHTHd4hc_\/view?usp=sharing\" target=\"_blank\"><strong>&#x1f517; Resoluci\u00f3n 885\/11<\/strong><\/a> &#8211; <a rel=\"noreferrer noopener\" href=\"https:\/\/ecbblanca-bue.infd.edu.ar\/sitio\/wp-content\/uploads\/sitio\/Disenio_Curricular_Expresion_Corporal.pdf\" target=\"_blank\"><strong>&#x1f517;<\/strong> Dise\u00f1o Curricular<\/a><\/h5>\n\n\n\n<p><strong>Primer a\u00f1o<\/strong><\/p>\n\n\n\n<ul>\n<li>Improvisaci\u00f3n y Producci\u00f3n Coreogr\u00e1fica<\/li>\n\n\n\n<li>Conciencia corporal I<\/li>\n\n\n\n<li>Entrenamiento corporal I<\/li>\n\n\n\n<li>Danzas folkl\u00f3ricas y populares I<\/li>\n\n\n\n<li>M\u00fasica I<\/li>\n\n\n\n<li>Fundamentos de la Expresi\u00f3n Corporal<\/li>\n\n\n\n<li>EDI Taller de Producci\u00f3n I: Danzas Populares<\/li>\n\n\n\n<li>Pr\u00e1ctica Docente I<\/li>\n\n\n\n<li>Psicolog\u00eda de la Educaci\u00f3n I<\/li>\n\n\n\n<li>Fundamentos de la Educaci\u00f3n<\/li>\n\n\n\n<li>Historia Social General<\/li>\n<\/ul>\n\n\n\n<p><strong>Segundo a\u00f1o<\/strong><\/p>\n\n\n\n<ul>\n<li>Improvisaci\u00f3n y Producci\u00f3n Coreogr\u00e1fica II<\/li>\n\n\n\n<li>Conciencia corporal II<\/li>\n\n\n\n<li>Entrenamiento corporal II<\/li>\n\n\n\n<li>Danzas folkl\u00f3ricas y populares II<\/li>\n\n\n\n<li>M\u00fasica II<\/li>\n\n\n\n<li>Historia de la danza I<\/li>\n\n\n\n<li>Pr\u00e1ctica Docente II<\/li>\n\n\n\n<li>Historia sociopol\u00edtica de Latinoam\u00e9rica y Argentina<\/li>\n\n\n\n<li>Did\u00e1ctica General<\/li>\n\n\n\n<li>Psicolog\u00eda de la Educaci\u00f3n II<\/li>\n<\/ul>\n\n\n\n<p><strong>Tercer a\u00f1o<\/strong><\/p>\n\n\n\n<ul>\n<li>Improvisaci\u00f3n y Producci\u00f3n Coreogr\u00e1fica III<\/li>\n\n\n\n<li>Historia de la danza II<\/li>\n\n\n\n<li>Entrenamiento corporal III<\/li>\n\n\n\n<li>Taller de integraci\u00f3n m\u00fasica y movimiento I<\/li>\n\n\n\n<li>Taller de teatro<\/li>\n\n\n\n<li>Did\u00e1ctica de la Expresi\u00f3n Corporal I<\/li>\n\n\n\n<li>EDI Taller de metodolog\u00eda creativa a trav\u00e9s del juego<\/li>\n\n\n\n<li>Pr\u00e1ctica Docente III<\/li>\n\n\n\n<li>Pol\u00edtica educativa<\/li>\n\n\n\n<li>Teor\u00edas del Arte I<\/li>\n<\/ul>\n\n\n\n<p><strong>Cuarto a\u00f1o<\/strong><\/p>\n\n\n\n<ul>\n<li>Improvisaci\u00f3n y producci\u00f3n Coreogr\u00e1fica IV<\/li>\n\n\n\n<li>Entrenamiento corporal IV<\/li>\n\n\n\n<li>Did\u00e1ctica de la Expresi\u00f3n Corporal II<\/li>\n\n\n\n<li>EDI Literatura infantil<\/li>\n\n\n\n<li>Pr\u00e1ctica Docente IV<\/li>\n\n\n\n<li>Teor\u00edas del Arte II<\/li>\n\n\n\n<li>Metodolog\u00eda de la investigaci\u00f3n en artes<\/li>\n\n\n\n<li>EDI Literatura Infantil<\/li>\n<\/ul>\n","protected":false},"excerpt":{"rendered":"<p>La oferta educativa en Expresi\u00f3n Corporal comprende un ciclo de Formaci\u00f3n B\u00e1sica (de un a\u00f1o de duraci\u00f3n) como requisito de ingreso a la carrera de grado docente: Profesorado de Danza (Orientaci\u00f3n Expresi\u00f3n Corporal). Contacto Jefatura de \u00e1rea Expresi\u00f3n Corporal y Folklore: jefaturaexpresionfolclore@gmail.com Estructura curricular (listado de materias) Formaci\u00f3n B\u00e1sica para los Profesorados de Danza (Orientaci\u00f3n &#8230; <a title=\"Expresi\u00f3n Corporal\" class=\"read-more\" href=\"https:\/\/ecbblanca-bue.infd.edu.ar\/sitio\/expresion-corporal\/\" aria-label=\"More on Expresi\u00f3n Corporal\">[+]<\/a><\/p>\n","protected":false},"author":134,"featured_media":0,"parent":0,"menu_order":0,"comment_status":"closed","ping_status":"closed","template":"","meta":[],"acf":[],"_links":{"self":[{"href":"https:\/\/ecbblanca-bue.infd.edu.ar\/sitio\/wp-json\/wp\/v2\/pages\/1056"}],"collection":[{"href":"https:\/\/ecbblanca-bue.infd.edu.ar\/sitio\/wp-json\/wp\/v2\/pages"}],"about":[{"href":"https:\/\/ecbblanca-bue.infd.edu.ar\/sitio\/wp-json\/wp\/v2\/types\/page"}],"author":[{"embeddable":true,"href":"https:\/\/ecbblanca-bue.infd.edu.ar\/sitio\/wp-json\/wp\/v2\/users\/134"}],"replies":[{"embeddable":true,"href":"https:\/\/ecbblanca-bue.infd.edu.ar\/sitio\/wp-json\/wp\/v2\/comments?post=1056"}],"version-history":[{"count":21,"href":"https:\/\/ecbblanca-bue.infd.edu.ar\/sitio\/wp-json\/wp\/v2\/pages\/1056\/revisions"}],"predecessor-version":[{"id":3872,"href":"https:\/\/ecbblanca-bue.infd.edu.ar\/sitio\/wp-json\/wp\/v2\/pages\/1056\/revisions\/3872"}],"wp:attachment":[{"href":"https:\/\/ecbblanca-bue.infd.edu.ar\/sitio\/wp-json\/wp\/v2\/media?parent=1056"}],"curies":[{"name":"wp","href":"https:\/\/api.w.org\/{rel}","templated":true}]}}