{"id":1054,"date":"2018-08-29T22:43:44","date_gmt":"2018-08-30T01:43:44","guid":{"rendered":"https:\/\/ecbblanca-bue.infd.edu.ar\/sitio\/danzas-folkloricas\/"},"modified":"2025-11-17T13:32:16","modified_gmt":"2025-11-17T16:32:16","slug":"danzas-folkloricas","status":"publish","type":"page","link":"https:\/\/ecbblanca-bue.infd.edu.ar\/sitio\/danzas-folkloricas\/","title":{"rendered":"Danzas Folkl\u00f3ricas"},"content":{"rendered":"\n<p><iframe loading=\"lazy\" src=\"https:\/\/www.youtube.com\/embed\/g9-LeJGOkYo\" allowfullscreen=\"allowfullscreen\" width=\"560\" height=\"315\" frameborder=\"0\"><\/iframe><\/p>\n\n\n\n<p>La oferta educativa en Danzas Folkl\u00f3ricas, comprende un ciclo&nbsp;<strong>Formaci\u00f3n B\u00e1sica<\/strong>&nbsp;de un a\u00f1o de duraci\u00f3n, como requisito de ingreso a los ciclos de&nbsp;<strong>Formaci\u00f3n Profesional<\/strong>,&nbsp;constituido por&nbsp;carreras de grado T\u00e9cnico Profesional:&nbsp;<strong>Tecnicatura Capacitaci\u00f3n en Danzas Folkl\u00f3ricas<\/strong>&nbsp;y Grado Docente:&nbsp;<strong>Profesorado de Danza (Orientaci\u00f3n Danzas Folkl\u00f3ricas).<\/strong><\/p>\n\n\n\n<p><strong>Contacto <\/strong>Jefatura de \u00e1rea Expresi\u00f3n Corporal y Folklore: <a href=\"mailto:jefaturaexpresionfolclore@gmail.com\">jefaturaexpresionfolclore@gmail.com<\/a><\/p>\n\n\n\n<hr class=\"wp-block-separator has-css-opacity\"\/>\n\n\n\n<h3 class=\"wp-block-heading\">Estructura curricular (listado de materias)<\/h3>\n\n\n\n<p><strong><mark style=\"background-color:rgba(0, 0, 0, 0)\" class=\"has-inline-color has-vivid-cyan-blue-color\"><span dir=\"ltr\" role=\"presentation\">Formaci\u00f3n B\u00e1sica para los Profesorados de Danza (Orientaci\u00f3n Danzas Folkl\u00f3ricas y<\/span><span style=\"color: #3366ff;\"> <\/span>Expresi\u00f3n Corporal) y Tecnicatura Capacitaci\u00f3n en Danzas Folkl\u00f3ricas<\/mark><\/strong> <br><a rel=\"noreferrer noopener\" href=\"https:\/\/drive.google.com\/file\/d\/1VjuXeBa26mbi9AD32tkxobEzKQn7ty97\/view?usp=sharing\" target=\"_blank\"><strong>&#x1f517;<\/strong><\/a> <strong><a href=\"https:\/\/ecbblanca-bue.infd.edu.ar\/sitio\/horarios-cursada\/\" target=\"_blank\" rel=\"noreferrer noopener\">Horarios<\/a><\/strong> &#8211; <a rel=\"noreferrer noopener\" href=\"https:\/\/drive.google.com\/file\/d\/1VjuXeBa26mbi9AD32tkxobEzKQn7ty97\/view?usp=sharing\" target=\"_blank\"><strong>&#x1f517;<\/strong><\/a> <strong><a rel=\"noreferrer noopener\" href=\"https:\/\/docs.google.com\/document\/d\/115RYaNpwW8ZIZr44-73r6z-cLhQoQ9Fw\/edit?usp=sharing&amp;ouid=113851408794078316793&amp;rtpof=true&amp;sd=true\" target=\"_blank\">Resoluci\u00f3n 1098\/03<\/a><\/strong> &#8211; <a rel=\"noreferrer noopener\" href=\"https:\/\/drive.google.com\/file\/d\/1AIoPwd5kBKMm7xKA8WJBxLYk4AxMj41N\/view?usp=sharing\" target=\"_blank\"><strong>&#x1f517; Ver plan de estudios de la Formaci\u00f3n B\u00e1sica completo<\/strong><\/a><\/p>\n\n\n\n<p><strong>Primer a\u00f1o<\/strong><\/p>\n\n\n\n<ul>\n<li>T\u00e9cnicas de Improvisaci\u00f3n y Composici\u00f3n<\/li>\n\n\n\n<li>Coreograf\u00edas Populares<\/li>\n\n\n\n<li>Iniciaci\u00f3n en el An\u00e1lisis del Movimiento y Producci\u00f3n<\/li>\n\n\n\n<li>M\u00fasica<\/li>\n\n\n\n<li>T\u00e9cnicas de Conciencia Corporal<\/li>\n<\/ul>\n\n\n\n<h5 class=\"wp-block-heading has-text-color\" style=\"color:#0071a1\"><span style=\"color: #3366ff;\"><mark style=\"background-color:rgba(0, 0, 0, 0)\" class=\"has-inline-color has-vivid-cyan-blue-color\">Profesorado de Danza (Orientaci\u00f3n en <span dir=\"ltr\" role=\"presentation\">Danzas Folkl\u00f3ricas<\/span>)<\/mark><\/span> <br><a rel=\"noreferrer noopener\" href=\"https:\/\/drive.google.com\/file\/d\/1VjuXeBa26mbi9AD32tkxobEzKQn7ty97\/view?usp=sharing\" target=\"_blank\"><strong>&#x1f517;<\/strong><\/a><a rel=\"noreferrer noopener\" href=\"https:\/\/docs.google.com\/document\/d\/1qBYBi-HMB1fpW4ZGFrAfk4vyVRtwXv1_\/edit?usp=sharing&amp;ouid=101244250037185305176&amp;rtpof=true&amp;sd=true\" target=\"_blank\">Horarios<\/a> &#8211; <a rel=\"noreferrer noopener\" href=\"https:\/\/drive.google.com\/file\/d\/1VjuXeBa26mbi9AD32tkxobEzKQn7ty97\/view?usp=sharing\" target=\"_blank\"><strong>&#x1f517; Resoluci\u00f3n 177\/11<\/strong><\/a> &#8211; <strong><a rel=\"noreferrer noopener\" href=\"https:\/\/ecbblanca-bue.infd.edu.ar\/sitio\/wp-content\/uploads\/sitio\/Disenio_Curricular_Danzas_Folkloricas.pdf\" target=\"_blank\">&#x1f517; Dise\u00f1o Curricular<\/a><\/strong><\/h5>\n\n\n\n<p><strong>Primer a\u00f1o<\/strong><\/p>\n\n\n\n<ul>\n<li><span dir=\"ltr\" role=\"presentation\">Danzas folkl\u00f3ricas y <\/span><span dir=\"ltr\" role=\"presentation\">populares I <\/span><\/li>\n\n\n\n<li><span dir=\"ltr\" role=\"presentation\">Conciencia corporal I <\/span><\/li>\n\n\n\n<li><span dir=\"ltr\" role=\"presentation\">Taller de Zapateo y Malambo I<\/span><\/li>\n\n\n\n<li><span dir=\"ltr\" role=\"presentation\">Improvisaci\u00f3n y Producci\u00f3n <\/span><span dir=\"ltr\" role=\"presentation\">Coreogr\u00e1fica I<\/span><\/li>\n\n\n\n<li><span dir=\"ltr\" role=\"presentation\">M\u00fasica I <\/span><\/li>\n\n\n\n<li><span dir=\"ltr\" role=\"presentation\">Folklore y Cultura Popular I <\/span><\/li>\n\n\n\n<li>EDI <span dir=\"ltr\" role=\"presentation\">Taller de Producci\u00f3n I<\/span><\/li>\n\n\n\n<li><span dir=\"ltr\" role=\"presentation\">Pr\u00e1ctica Docente I <\/span><\/li>\n\n\n\n<li><span dir=\"ltr\" role=\"presentation\">Psicolog\u00eda de la Educaci\u00f3n I <\/span><\/li>\n\n\n\n<li><span dir=\"ltr\" role=\"presentation\">Fundamentos de la Educaci\u00f3n <\/span><\/li>\n\n\n\n<li><span dir=\"ltr\" role=\"presentation\">Historia Social General <\/span><\/li>\n<\/ul>\n\n\n\n<p><strong>Segundo a\u00f1o<\/strong><\/p>\n\n\n\n<ul>\n<li><span dir=\"ltr\" role=\"presentation\">Danzas Folkl\u00f3ricas II<\/span><\/li>\n\n\n\n<li><span dir=\"ltr\" role=\"presentation\">Entrenamiento corporal II <\/span><\/li>\n\n\n\n<li><span dir=\"ltr\" role=\"presentation\">Taller de Zapateo y Malambo II <\/span><\/li>\n\n\n\n<li><span dir=\"ltr\" role=\"presentation\">Improvisaci\u00f3n y Producci\u00f3n <\/span><span dir=\"ltr\" role=\"presentation\">Coreogr\u00e1fica II<\/span><\/li>\n\n\n\n<li><span dir=\"ltr\" role=\"presentation\">M\u00fasica II <\/span><\/li>\n\n\n\n<li><span dir=\"ltr\" role=\"presentation\">Folklore y Cultura Popular II <\/span><\/li>\n\n\n\n<li><span dir=\"ltr\" role=\"presentation\">Pr\u00e1ctica Docente II<\/span><\/li>\n\n\n\n<li><span dir=\"ltr\" role=\"presentation\">Historia Sociopol\u00edtica de&nbsp; <\/span><span dir=\"ltr\" role=\"presentation\">Latinoam\u00e9rica y Argentina<\/span><\/li>\n\n\n\n<li><span dir=\"ltr\" role=\"presentation\">Did\u00e1ctica General <\/span><\/li>\n\n\n\n<li><span dir=\"ltr\" role=\"presentation\">Psicolog\u00eda de la Educaci\u00f3n II <\/span><\/li>\n<\/ul>\n\n\n\n<p><strong>Tercer a\u00f1o<\/strong><\/p>\n\n\n\n<ul>\n<li><span dir=\"ltr\" role=\"presentation\">Danzas Folkl\u00f3ricas III <\/span><\/li>\n\n\n\n<li><span dir=\"ltr\" role=\"presentation\">Taller de Zapateo y Malambo III <\/span><\/li>\n\n\n\n<li><span dir=\"ltr\" role=\"presentation\">Folklore y Cultura Popular III<\/span><\/li>\n\n\n\n<li><span dir=\"ltr\" role=\"presentation\">Taller de Pr\u00e1ctica Instrumental <\/span><span dir=\"ltr\" role=\"presentation\">Folkl\u00f3rica I <\/span><\/li>\n\n\n\n<li><span dir=\"ltr\" role=\"presentation\">Did\u00e1ctica de la Danzas <\/span><span dir=\"ltr\" role=\"presentation\">Folkl\u00f3ricas I<\/span><\/li>\n\n\n\n<li>EDI <span dir=\"ltr\" role=\"presentation\"> <\/span>Taller de metodolog\u00eda creativa a trav\u00e9s del juego<\/li>\n\n\n\n<li><span dir=\"ltr\" role=\"presentation\">Pr\u00e1ctica Docente III<\/span><\/li>\n\n\n\n<li><span dir=\"ltr\" role=\"presentation\">Pol\u00edtica Educativa<\/span><\/li>\n\n\n\n<li><span dir=\"ltr\" role=\"presentation\">Teor\u00edas del Arte I<\/span><\/li>\n<\/ul>\n\n\n\n<p><strong>Cuarto a\u00f1o<\/strong><\/p>\n\n\n\n<ul>\n<li><span dir=\"ltr\" role=\"presentation\">Danzas Folkl\u00f3ricas IV &#8211; <\/span><span dir=\"ltr\" role=\"presentation\">Proyecto de Prod. <\/span><span dir=\"ltr\" role=\"presentation\">Coreogr\u00e1fica <\/span><\/li>\n\n\n\n<li><span dir=\"ltr\" role=\"presentation\">Taller de Teatro<\/span><\/li>\n\n\n\n<li><span dir=\"ltr\" role=\"presentation\">Taller de Tango<\/span><\/li>\n\n\n\n<li><span dir=\"ltr\" role=\"presentation\">Taller de Pr\u00e1ctica Instrumental <\/span><span dir=\"ltr\" role=\"presentation\">Folkl\u00f3rica II <\/span><\/li>\n\n\n\n<li><span dir=\"ltr\" role=\"presentation\">Did\u00e1ctica de las Danzas <\/span><span dir=\"ltr\" role=\"presentation\">Folkl\u00f3ricas II <\/span><\/li>\n\n\n\n<li>EDI Literatura Infnatil<\/li>\n\n\n\n<li><span dir=\"ltr\" role=\"presentation\">Pr\u00e1ctica Docente IV<\/span><\/li>\n\n\n\n<li><span dir=\"ltr\" role=\"presentation\">Teor\u00edas del Arte II <\/span><\/li>\n\n\n\n<li><span dir=\"ltr\" role=\"presentation\">Metodolog\u00eda de la <\/span><span dir=\"ltr\" role=\"presentation\">investigaci\u00f3n en artes <\/span><\/li>\n\n\n\n<li>EDI <span dir=\"ltr\" role=\"presentation\">Taller de Escritura<\/span><\/li>\n<\/ul>\n\n\n\n<h5 class=\"wp-block-heading\"><span dir=\"ltr\" role=\"presentation\" style=\"color: #3366ff;\"><mark style=\"background-color:rgba(0, 0, 0, 0)\" class=\"has-inline-color has-vivid-cyan-blue-color\">Tecnicatura Capacitaci\u00f3n en Danzas Folkl\u00f3ricas<\/mark><\/span><\/h5>\n\n\n\n<h5 class=\"wp-block-heading\"><a rel=\"noreferrer noopener\" href=\"https:\/\/drive.google.com\/file\/d\/1VjuXeBa26mbi9AD32tkxobEzKQn7ty97\/view?usp=sharing\" target=\"_blank\"><strong>&#x1f517;<\/strong><\/a><a href=\"https:\/\/ecbblanca-bue.infd.edu.ar\/sitio\/horarios-cursada\/\" target=\"_blank\" rel=\"noreferrer noopener\">Horarios<\/a> &#8211; <strong><a rel=\"noreferrer noopener\" href=\"https:\/\/ecbblanca-bue.infd.edu.ar\/sitio\/wp-content\/uploads\/2023\/10\/Resolucion-No-1505_01-TECNICATURA-EN-DANZAS-FOLKLORICAS.pdf\" target=\"_blank\">&#x1f517; Resoluci\u00f3n 1505\/01<\/a><\/strong><\/h5>\n\n\n\n<p><strong>Primer a\u00f1o<\/strong><\/p>\n\n\n\n<ul>\n<li><span dir=\"ltr\" role=\"presentation\">Fundamentos Te\u00f3ricos y T\u00e9cnicas <\/span><span dir=\"ltr\" role=\"presentation\">de la Conciencia corporal I<\/span><\/li>\n\n\n\n<li><span dir=\"ltr\" role=\"presentation\">T\u00e9cnicas de Improvisaci\u00f3n y <\/span><span dir=\"ltr\" role=\"presentation\">Composici\u00f3n I<\/span><\/li>\n\n\n\n<li><span dir=\"ltr\" role=\"presentation\">Coreograf\u00edas Populares I<\/span><\/li>\n\n\n\n<li>EDI <span dir=\"ltr\" role=\"presentation\">Taller de Zapateo y Malambo I<\/span><\/li>\n\n\n\n<li><span dir=\"ltr\" role=\"presentation\">M\u00fasica I <\/span><\/li>\n<\/ul>\n\n\n\n<p><strong>Segundo a\u00f1o<\/strong><\/p>\n\n\n\n<ul>\n<li><span dir=\"ltr\" role=\"presentation\">Fundamentos Te\u00f3ricos y T\u00e9cnicas de la Conciencia Corporal II<\/span><\/li>\n\n\n\n<li><span dir=\"ltr\" role=\"presentation\">T\u00e9cnicas de Improvisaci\u00f3n y Composici\u00f3n II <\/span><\/li>\n\n\n\n<li><span dir=\"ltr\" role=\"presentation\">Coreograf\u00edas Populares II <\/span><\/li>\n\n\n\n<li>EDI: Entrenamiento I<\/li>\n\n\n\n<li>EDI <span dir=\"ltr\" role=\"presentation\">Taller de Zapateo y Malambo II<\/span><\/li>\n\n\n\n<li>EDI Taller de Producci\u00f3n I Danza*<\/li>\n<\/ul>\n\n\n\n<p>*Por resoluci\u00f3n este espacio pertenecer\u00eda al 2\u00b0 a\u00f1o, por prestaci\u00f3n de mejor servicio para el estudiantado y espacios disponibles, se ubica su cursada en el 1\u00b0 a\u00f1o.<\/p>\n\n\n\n<p class=\"has-vivid-cyan-blue-color has-text-color\"><\/p>\n\n\n\n<p><\/p>\n","protected":false},"excerpt":{"rendered":"<p>La oferta educativa en Danzas Folkl\u00f3ricas, comprende un ciclo&nbsp;Formaci\u00f3n B\u00e1sica&nbsp;de un a\u00f1o de duraci\u00f3n, como requisito de ingreso a los ciclos de&nbsp;Formaci\u00f3n Profesional,&nbsp;constituido por&nbsp;carreras de grado T\u00e9cnico Profesional:&nbsp;Tecnicatura Capacitaci\u00f3n en Danzas Folkl\u00f3ricas&nbsp;y Grado Docente:&nbsp;Profesorado de Danza (Orientaci\u00f3n Danzas Folkl\u00f3ricas). Contacto Jefatura de \u00e1rea Expresi\u00f3n Corporal y Folklore: jefaturaexpresionfolclore@gmail.com Estructura curricular (listado de materias) Formaci\u00f3n B\u00e1sica &#8230; <a title=\"Danzas Folkl\u00f3ricas\" class=\"read-more\" href=\"https:\/\/ecbblanca-bue.infd.edu.ar\/sitio\/danzas-folkloricas\/\" aria-label=\"More on Danzas Folkl\u00f3ricas\">[+]<\/a><\/p>\n","protected":false},"author":134,"featured_media":0,"parent":0,"menu_order":0,"comment_status":"closed","ping_status":"closed","template":"","meta":[],"acf":[],"_links":{"self":[{"href":"https:\/\/ecbblanca-bue.infd.edu.ar\/sitio\/wp-json\/wp\/v2\/pages\/1054"}],"collection":[{"href":"https:\/\/ecbblanca-bue.infd.edu.ar\/sitio\/wp-json\/wp\/v2\/pages"}],"about":[{"href":"https:\/\/ecbblanca-bue.infd.edu.ar\/sitio\/wp-json\/wp\/v2\/types\/page"}],"author":[{"embeddable":true,"href":"https:\/\/ecbblanca-bue.infd.edu.ar\/sitio\/wp-json\/wp\/v2\/users\/134"}],"replies":[{"embeddable":true,"href":"https:\/\/ecbblanca-bue.infd.edu.ar\/sitio\/wp-json\/wp\/v2\/comments?post=1054"}],"version-history":[{"count":26,"href":"https:\/\/ecbblanca-bue.infd.edu.ar\/sitio\/wp-json\/wp\/v2\/pages\/1054\/revisions"}],"predecessor-version":[{"id":3873,"href":"https:\/\/ecbblanca-bue.infd.edu.ar\/sitio\/wp-json\/wp\/v2\/pages\/1054\/revisions\/3873"}],"wp:attachment":[{"href":"https:\/\/ecbblanca-bue.infd.edu.ar\/sitio\/wp-json\/wp\/v2\/media?parent=1054"}],"curies":[{"name":"wp","href":"https:\/\/api.w.org\/{rel}","templated":true}]}}