{"id":1052,"date":"2018-08-29T22:43:43","date_gmt":"2018-08-30T01:43:43","guid":{"rendered":"https:\/\/ecbblanca-bue.infd.edu.ar\/sitio\/danza-contemporanea\/"},"modified":"2025-11-17T13:38:28","modified_gmt":"2025-11-17T16:38:28","slug":"danza-contemporanea","status":"publish","type":"page","link":"https:\/\/ecbblanca-bue.infd.edu.ar\/sitio\/danza-contemporanea\/","title":{"rendered":"Danza Contempor\u00e1nea"},"content":{"rendered":"\n<h3 class=\"wp-block-heading\"><iframe loading=\"lazy\" src=\"https:\/\/www.youtube.com\/embed\/NaE5M1xBmbo\" allowfullscreen=\"allowfullscreen\" width=\"560\" height=\"315\" frameborder=\"0\"><\/h3><\/iframe><\/h3>\n\n\n\n<p>La oferta educativa en Danza Contempor\u00e1nea comprende un ciclo&nbsp;<strong>Formaci\u00f3n B\u00e1sica<\/strong> (de tres a\u00f1os de duraci\u00f3n), como requisito de ingreso a los ciclos de&nbsp;<strong>Formaci\u00f3n Profesional<\/strong>,&nbsp;constituido por&nbsp;carreras de grado T\u00e9cnico Profesional:&nbsp;<strong>Tecnicatura Int\u00e9rprete Bailar\u00edn en Danza Contempor\u00e1nea<\/strong>&nbsp;y Grado Docente:&nbsp;<strong>Profesorado en Danza Contempor\u00e1nea.<\/strong><\/p>\n\n\n\n<p><strong><strong>Contacto<\/strong><\/strong> Jefatura de \u00e1rea Contempor\u00e1neo y Tango: <a href=\"mailto:jefaturacontempotangoedc@gmail.com\">jefaturacontempotangoedc@gmail.com<\/a><\/p>\n\n\n\n<hr class=\"wp-block-separator has-css-opacity\"\/>\n\n\n\n<h2 class=\"wp-block-heading\">Estructura curricular (listado de materias)<\/h2>\n\n\n\n<h5 class=\"wp-block-heading has-luminous-vivid-orange-color has-text-color\"><strong>Formaci\u00f3n B\u00e1sica<\/strong> para la Tecnicatura Int\u00e9rprete Bailar\u00edn en Danzas Contempor\u00e1neas <br>y el Profesorado en Danza Contempor\u00e1nea<\/h5>\n\n\n\n<h5 class=\"wp-block-heading has-luminous-vivid-orange-color has-text-color\"><a rel=\"noreferrer noopener\" href=\"https:\/\/drive.google.com\/file\/d\/1TuA4VOIAvPOyzdCeuTldgOMgmCxDJ_XY\/view?usp=sharing\" target=\"_blank\"><strong>&#x1f517;<\/strong><\/a> <a href=\"https:\/\/ecbblanca-bue.infd.edu.ar\/sitio\/horarios-cursada\/\" target=\"_blank\" rel=\"noreferrer noopener\">HORARIOS<\/a> &#8211; <a rel=\"noreferrer noopener\" href=\"https:\/\/drive.google.com\/file\/d\/1TuA4VOIAvPOyzdCeuTldgOMgmCxDJ_XY\/view?usp=sharing\" target=\"_blank\"><strong>&#x1f517;Ver plan de estudios de la Formaci\u00f3n B\u00e1sica completo<\/strong><\/a><\/h5>\n\n\n\n<p><strong>Primer a\u00f1o<\/strong><\/p>\n\n\n\n<ul>\n<li>Danza Contempor\u00e1nea I (M\u00f3dulo Iniciaci\u00f3n)<\/li>\n\n\n\n<li>T\u00e9cnica de la Danza Cl\u00e1sica I (M\u00f3dulo 1 y 2)<\/li>\n\n\n\n<li>Expresi\u00f3n Corporal (M\u00f3dulo 1 y 2)<\/li>\n\n\n\n<li>M\u00fasica (M\u00f3dulo 1 y 2)<\/li>\n<\/ul>\n\n\n\n<p><strong>Segundo a\u00f1o<\/strong><\/p>\n\n\n\n<ul>\n<li>Danza Contempor\u00e1nea I (M\u00f3dulo 1 y 2)<\/li>\n\n\n\n<li>T\u00e9cnica de la Danza Cl\u00e1sica II (M\u00f3dulo 3 y 4)<\/li>\n\n\n\n<li>T\u00e9cnicas de Improvisaci\u00f3n y Autoconciencia Corporal (M\u00f3dulos 1 y 2)<\/li>\n\n\n\n<li>M\u00fasica (Medio I)<\/li>\n<\/ul>\n\n\n\n<p><strong>Tercer a\u00f1o<\/strong><\/p>\n\n\n\n<ul>\n<li>T\u00e9cnica de la Danza Contempor\u00e1nea III<\/li>\n\n\n\n<li>T\u00e9cnica de la Danza Cl\u00e1sica III (M\u00f3dulo 5 y 6)<\/li>\n\n\n\n<li>T\u00e9cnicas de Improvisaci\u00f3n III<\/li>\n\n\n\n<li>M\u00fasica (Medio II)<\/li>\n<\/ul>\n\n\n\n<h5 class=\"wp-block-heading has-luminous-vivid-orange-color has-text-color\">Tecnicatura Int\u00e9rprete Bailar\u00edn en Danzas Contempor\u00e1neas <\/h5>\n\n\n\n<h5 class=\"wp-block-heading has-luminous-vivid-orange-color has-text-color\"><a rel=\"noreferrer noopener\" href=\"https:\/\/ecbblanca-bue.infd.edu.ar\/sitio\/wp-content\/uploads\/sitio\/RESOLUCION_13254.pdf\" target=\"_blank\"><strong>&#x1f517;<\/strong><\/a> <a href=\"https:\/\/ecbblanca-bue.infd.edu.ar\/sitio\/horarios-cursada\/\" target=\"_blank\" rel=\"noreferrer noopener\">HORARIOS<\/a> &#8211; <a rel=\"noreferrer noopener\" href=\"https:\/\/ecbblanca-bue.infd.edu.ar\/sitio\/wp-content\/uploads\/sitio\/RESOLUCION_13254.pdf\" target=\"_blank\"><strong>&#x1f517;Resoluci\u00f3n 13254\/99<\/strong><\/a> &#8211; <a rel=\"noreferrer noopener\" href=\"https:\/\/drive.google.com\/file\/d\/1Jo4xFhzv0njpBxWcQAaQpQRxJZzH8rPp\/view?usp=sharing\" target=\"_blank\"><strong>&#x1f517;Ver plan de estudios de la Tecnicatura Int\u00e9rprete Bailar\u00edn en Danzas Contempor\u00e1neas completo<\/strong><\/a><\/h5>\n\n\n\n<p><strong>Primer a\u00f1o<\/strong><\/p>\n\n\n\n<ul>\n<li>T\u00e9cnica de la Danza Contempor\u00e1nea IV<\/li>\n\n\n\n<li>T\u00e9cnicas de Improvisaci\u00f3n y Composici\u00f3n I <\/li>\n\n\n\n<li>T\u00e9cnica de la Danza Cl\u00e1sica IV<\/li>\n\n\n\n<li>Coreograf\u00edas Populares<\/li>\n<\/ul>\n\n\n\n<p><strong>Segundo a\u00f1o<\/strong><\/p>\n\n\n\n<ul>\n<li>T\u00e9cnica de la Danza Contempor\u00e1nea V<\/li>\n\n\n\n<li>T\u00e9cnicas de Improvisaci\u00f3n y Composici\u00f3n II y Proyecto de Producci\u00f3n<\/li>\n\n\n\n<li>Historia de la Danza I<\/li>\n\n\n\n<li>Anatom\u00eda Funcional<\/li>\n<\/ul>\n\n\n\n<h5 class=\"wp-block-heading has-luminous-vivid-orange-color has-text-color\">Profesorado en Danzas Contempor\u00e1neas <\/h5>\n\n\n\n<h5 class=\"wp-block-heading has-luminous-vivid-orange-color has-text-color\"><strong><a rel=\"noreferrer noopener\" href=\"https:\/\/ecbblanca-bue.infd.edu.ar\/sitio\/wp-content\/uploads\/2023\/12\/R-4579-03.pdf-prof-danza-contemp.pdf\" target=\"_blank\">&#x1f517;<\/a><\/strong><a href=\"https:\/\/ecbblanca-bue.infd.edu.ar\/sitio\/horarios-cursada\/\" target=\"_blank\" rel=\"noreferrer noopener\">HORARIOS<\/a> &#8211; <strong><a rel=\"noreferrer noopener\" href=\"https:\/\/ecbblanca-bue.infd.edu.ar\/sitio\/wp-content\/uploads\/2023\/12\/R-4579-03.pdf-prof-danza-contemp.pdf\" target=\"_blank\">&#x1f517;Resoluci\u00f3n 4579\/03<\/a><\/strong> y<strong> <a rel=\"noreferrer noopener\" href=\"https:\/\/ecbblanca-bue.infd.edu.ar\/sitio\/wp-content\/uploads\/2024\/03\/Resolucion-2789_2009_opt.pdf\" target=\"_blank\">2789\/09<\/a><\/strong><\/h5>\n\n\n\n<p><strong>Primer a\u00f1o<\/strong><\/p>\n\n\n\n<ul>\n<li>T\u00e9cnica de la Danza Contempor\u00e1nea IV<\/li>\n\n\n\n<li>T\u00e9cnica de Improvisaci\u00f3n y Composici\u00f3n I<\/li>\n\n\n\n<li>T\u00e9cnica de la Danza Cl\u00e1sica IV<\/li>\n\n\n\n<li>Coreograf\u00edas Populares<\/li>\n\n\n\n<li>Pr\u00e1ctica Docente I<\/li>\n\n\n\n<li>Perspectiva Filos\u00f3fica Pedag\u00f3gica I<\/li>\n\n\n\n<li>Perspectiva Pedag\u00f3gico-Did\u00e1ctica I<\/li>\n\n\n\n<li>Perspectiva Socio-pol\u00edtica<\/li>\n\n\n\n<li>Psicolog\u00eda y Cultura en la Educaci\u00f3n I<\/li>\n<\/ul>\n\n\n\n<p><strong>Segundo a\u00f1o<\/strong><\/p>\n\n\n\n<ul>\n<li>T\u00e9cnica de la Danza Contempor\u00e1nea V<\/li>\n\n\n\n<li>T\u00e9cnica de Improvisaci\u00f3n y composici\u00f3n II y Proyecto de Producci\u00f3n<\/li>\n\n\n\n<li>Anatom\u00eda Funcional<\/li>\n\n\n\n<li>Historia de la Danza II<\/li>\n\n\n\n<li>Pr\u00e1ctica Docente II<\/li>\n\n\n\n<li>Perspectiva Filos\u00f3fica Pedag\u00f3gico II<\/li>\n\n\n\n<li>Perspectiva Pedag\u00f3gico Did\u00e1ctica II<\/li>\n\n\n\n<li>Psicolog\u00eda y Cultura en la Ni\u00f1ez<\/li>\n<\/ul>\n\n\n\n<p><strong>Tercer a\u00f1o<\/strong><\/p>\n\n\n\n<ul>\n<li>T\u00e9cnica de la Danza Contempor\u00e1nea VI<\/li>\n\n\n\n<li>Composici\u00f3n y Coreogr\u00e1fica I<\/li>\n\n\n\n<li>T\u00e9cnicas Dram\u00e1ticas<\/li>\n\n\n\n<li>Historia de la Danza II<\/li>\n\n\n\n<li>Pr\u00e1ctica Docente III<\/li>\n\n\n\n<li>Perspectiva Filos\u00f3fico Pedag\u00f3gica Did\u00e1ctica<\/li>\n\n\n\n<li>Perspectiva Pol\u00edtico Institucional<\/li>\n\n\n\n<li>Psicolog\u00eda y Cultura en la juventud y adultez<\/li>\n\n\n\n<li>EDI Contact<\/li>\n<\/ul>\n\n\n\n<p><strong>Cuarto a\u00f1o<\/strong><\/p>\n\n\n\n<ul>\n<li>T\u00e9cnica de la Danza Contempor\u00e1nea VII<\/li>\n\n\n\n<li>Composici\u00f3n Coreogr\u00e1fica II y Proyecto de Producci\u00f3n II<\/li>\n\n\n\n<li>Arte y Cultura y est\u00e9tica del Mundo Contempor\u00e1neo<\/li>\n\n\n\n<li>Literatura<\/li>\n\n\n\n<li>Artes Visuales<\/li>\n\n\n\n<li>Pr\u00e1ctica Docente IV<\/li>\n\n\n\n<li>EDI Danza Jazz<\/li>\n<\/ul>\n\n\n\n<p class=\"has-luminous-vivid-orange-color has-text-color\"><\/p>\n\n\n\n<p><\/p>\n\n\n\n<p><\/p>\n\n\n\n<p class=\"has-text-color\" style=\"color:#ff8000\"><\/p>\n\n\n\n<p><a href=\"\"><\/a><\/p>\n","protected":false},"excerpt":{"rendered":"<p>La oferta educativa en Danza Contempor\u00e1nea comprende un ciclo&nbsp;Formaci\u00f3n B\u00e1sica (de tres a\u00f1os de duraci\u00f3n), como requisito de ingreso a los ciclos de&nbsp;Formaci\u00f3n Profesional,&nbsp;constituido por&nbsp;carreras de grado T\u00e9cnico Profesional:&nbsp;Tecnicatura Int\u00e9rprete Bailar\u00edn en Danza Contempor\u00e1nea&nbsp;y Grado Docente:&nbsp;Profesorado en Danza Contempor\u00e1nea. Contacto Jefatura de \u00e1rea Contempor\u00e1neo y Tango: jefaturacontempotangoedc@gmail.com Estructura curricular (listado de materias) Formaci\u00f3n B\u00e1sica para &#8230; <a title=\"Danza Contempor\u00e1nea\" class=\"read-more\" href=\"https:\/\/ecbblanca-bue.infd.edu.ar\/sitio\/danza-contemporanea\/\" aria-label=\"More on Danza Contempor\u00e1nea\">[+]<\/a><\/p>\n","protected":false},"author":134,"featured_media":0,"parent":0,"menu_order":0,"comment_status":"closed","ping_status":"closed","template":"","meta":[],"acf":[],"_links":{"self":[{"href":"https:\/\/ecbblanca-bue.infd.edu.ar\/sitio\/wp-json\/wp\/v2\/pages\/1052"}],"collection":[{"href":"https:\/\/ecbblanca-bue.infd.edu.ar\/sitio\/wp-json\/wp\/v2\/pages"}],"about":[{"href":"https:\/\/ecbblanca-bue.infd.edu.ar\/sitio\/wp-json\/wp\/v2\/types\/page"}],"author":[{"embeddable":true,"href":"https:\/\/ecbblanca-bue.infd.edu.ar\/sitio\/wp-json\/wp\/v2\/users\/134"}],"replies":[{"embeddable":true,"href":"https:\/\/ecbblanca-bue.infd.edu.ar\/sitio\/wp-json\/wp\/v2\/comments?post=1052"}],"version-history":[{"count":24,"href":"https:\/\/ecbblanca-bue.infd.edu.ar\/sitio\/wp-json\/wp\/v2\/pages\/1052\/revisions"}],"predecessor-version":[{"id":3876,"href":"https:\/\/ecbblanca-bue.infd.edu.ar\/sitio\/wp-json\/wp\/v2\/pages\/1052\/revisions\/3876"}],"wp:attachment":[{"href":"https:\/\/ecbblanca-bue.infd.edu.ar\/sitio\/wp-json\/wp\/v2\/media?parent=1052"}],"curies":[{"name":"wp","href":"https:\/\/api.w.org\/{rel}","templated":true}]}}