{"id":1050,"date":"2018-08-29T22:43:43","date_gmt":"2018-08-30T01:43:43","guid":{"rendered":"https:\/\/ecbblanca-bue.infd.edu.ar\/sitio\/danza-clasica\/"},"modified":"2025-11-17T13:36:49","modified_gmt":"2025-11-17T16:36:49","slug":"danza-clasica","status":"publish","type":"page","link":"https:\/\/ecbblanca-bue.infd.edu.ar\/sitio\/danza-clasica\/","title":{"rendered":"Danza Cl\u00e1sica"},"content":{"rendered":"\n<p><iframe loading=\"lazy\" src=\"https:\/\/www.youtube.com\/embed\/7WKPNR1LmIQ\" allowfullscreen=\"allowfullscreen\" width=\"560\" height=\"315\" frameborder=\"0\"><\/iframe><\/p>\n\n\n\n<p>La oferta educativa en Danza Cl\u00e1sica comprende un ciclo de <strong>Formaci\u00f3n B\u00e1sica<\/strong> y dos de&nbsp;<strong>Formaci\u00f3n Profesional<\/strong>.<\/p>\n\n\n\n<p>La <strong>Formaci\u00f3n B\u00e1sica<\/strong>&nbsp;tiene una duraci\u00f3n de siete a\u00f1os distribuidos en:<\/p>\n\n\n\n<ul>\n<li><strong>Ciclo Preparatorio<\/strong>&nbsp;de un a\u00f1o de duraci\u00f3n<\/li>\n\n\n\n<li><strong>Ciclo Iniciaci\u00f3n<\/strong>&nbsp;de tres a\u00f1os de duraci\u00f3n<\/li>\n\n\n\n<li><strong>Ciclo Medio<\/strong>&nbsp;de tres a\u00f1os de duraci\u00f3n<\/li>\n<\/ul>\n\n\n\n<p>Completar la&nbsp;Formaci\u00f3n B\u00e1sica es&nbsp;requisito para el ingreso a los ciclos de&nbsp;<strong>Formaci\u00f3n Profesional<\/strong>,&nbsp;constituido por&nbsp;carreras de grado T\u00e9cnico &#8211; Profesional y de&nbsp;Grado Docente:<\/p>\n\n\n\n<ul>\n<li><strong>Tecnicatura Int\u00e9rprete Bailar\u00edn en Danza Cl\u00e1sica<\/strong>&nbsp;con una duraci\u00f3n de dos a\u00f1os.<\/li>\n\n\n\n<li><strong>Profesorado en Danzas Cl\u00e1sicas<\/strong>, con una duraci\u00f3n de cuatro a\u00f1os.<\/li>\n<\/ul>\n\n\n\n<p><strong>Contacto<\/strong> Jefatura de \u00e1rea Danza Cl\u00e1sica: <a href=\"mailto:jefaturaclasicoedc@gmail.com\">jefaturaclasicoedc@gmail.com<\/a><\/p>\n\n\n\n<h2 class=\"wp-block-heading\"><span style=\"color: #000000;\">Estructura curricular (listado de materias)<\/span><\/h2>\n\n\n\n<h4 class=\"wp-block-heading\"><a href=\"https:\/\/ecbblanca-bue.infd.edu.ar\/sitio\/horarios-cursada\/\" target=\"_blank\" rel=\"noreferrer noopener\">Horarios de cursadas<\/a><\/h4>\n\n\n\n<p><span style=\"color: #000000;\"><strong><span dir=\"ltr\" role=\"presentation\">Formaci\u00f3n B\u00e1sica para Tecnicatura Int\u00e9rprete Bailar\u00edn en Danza Cl\u00e1sica y el Profesorado en Danza Cl\u00e1sica<\/span><\/strong><\/span><\/p>\n\n\n\n<p><a rel=\"noreferrer noopener\" href=\"https:\/\/drive.google.com\/file\/d\/1YZ9fYq2b4_5HyQaeZ05oHlK3o2P0Po-3\/view?usp=sharing\" target=\"_blank\">&#x1f517; <strong>Ver plan de estudios de la Formaci\u00f3n B\u00e1sica completo<\/strong><\/a><\/p>\n\n\n\n<h5 class=\"wp-block-heading\"><span style=\"color: #ff00ff;\">CICLO PREPARATORIO<\/span> <\/h5>\n\n\n\n<p><span style=\"color: #000000;\"><strong>Formaci\u00f3n B\u00e1sica primer a\u00f1o<\/strong><\/span><\/p>\n\n\n\n<ul>\n<li><span dir=\"ltr\" style=\"color: #000000;\" role=\"presentation\">T\u00e9cnica de la Danza Cl\u00e1sica <\/span><\/li>\n\n\n\n<li><span dir=\"ltr\" style=\"color: #000000;\" role=\"presentation\">Expresi\u00f3n Corporal<\/span><\/li>\n<\/ul>\n\n\n\n<h5 class=\"wp-block-heading\"><span dir=\"ltr\" role=\"presentation\" style=\"color: #ff00ff;\">CICLO INICIACI\u00d3N <\/span><\/h5>\n\n\n\n<p><span style=\"color: #000000;\"><strong>Formaci\u00f3n B\u00e1sica primer a\u00f1o<\/strong><\/span><\/p>\n\n\n\n<ul>\n<li><span dir=\"ltr\" style=\"color: #000000;\" role=\"presentation\">T\u00e9cnica de la Danza Cl\u00e1sica I <\/span><\/li>\n\n\n\n<li><span dir=\"ltr\" style=\"color: #000000;\" role=\"presentation\">Expresi\u00f3n Corporal<\/span><\/li>\n<\/ul>\n\n\n\n<p><span style=\"color: #000000;\"><strong>Formaci\u00f3n B\u00e1sica segundo a\u00f1o<\/strong><\/span><\/p>\n\n\n\n<ul>\n<li><span dir=\"ltr\" style=\"color: #000000;\" role=\"presentation\">T\u00e9cnica de la Danza Cl\u00e1sica II<\/span><\/li>\n\n\n\n<li><span dir=\"ltr\" style=\"color: #000000;\" role=\"presentation\">M\u00fasica I<\/span><\/li>\n\n\n\n<li><span style=\"color: #000000;\"><span dir=\"ltr\" role=\"presentation\">Introducci\u00f3n a la Danza <\/span><span dir=\"ltr\" role=\"presentation\">Contempor\u00e1nea<\/span><\/span><\/li>\n<\/ul>\n\n\n\n<p><span style=\"color: #000000;\"><strong>Formaci\u00f3n B\u00e1sica tercer a\u00f1o<\/strong><\/span><\/p>\n\n\n\n<ul>\n<li><span dir=\"ltr\" style=\"color: #000000;\" role=\"presentation\">T\u00e9cnica de la Danza Cl\u00e1sica III <\/span><\/li>\n\n\n\n<li><span dir=\"ltr\" style=\"color: #000000;\" role=\"presentation\">Danza Contempor\u00e1nea <\/span><\/li>\n\n\n\n<li><span dir=\"ltr\" style=\"color: #000000;\" role=\"presentation\">M\u00fasica II<\/span><\/li>\n<\/ul>\n\n\n\n<h5 class=\"wp-block-heading\"><span dir=\"ltr\" role=\"presentation\" style=\"color: #ff00ff;\">CICLO MEDIO<\/span> <\/h5>\n\n\n\n<p><span style=\"color: #000000;\"><strong>Primer a\u00f1o<\/strong><\/span><\/p>\n\n\n\n<ul>\n<li><span style=\"color: #000000;\"><span dir=\"ltr\" role=\"presentation\">T\u00e9cnica de la Danza Cl\u00e1sica I <\/span><\/span><\/li>\n\n\n\n<li><span style=\"color: #000000;\">T\u00e9cnica de la Danza Contempor\u00e1nea II<\/span><\/li>\n\n\n\n<li><span dir=\"ltr\" style=\"color: #000000;\" role=\"presentation\">M\u00fasica I<\/span><\/li>\n\n\n\n<li><span dir=\"ltr\" style=\"color: #000000;\" role=\"presentation\">Pr\u00e1ctica de Ballet I <\/span><\/li>\n<\/ul>\n\n\n\n<p><span style=\"color: #000000;\"><strong>Segundo a\u00f1o<\/strong><\/span><\/p>\n\n\n\n<ul>\n<li><span dir=\"ltr\" style=\"color: #000000;\" role=\"presentation\">T\u00e9cnica de la Danza Cl\u00e1sica II <\/span><\/li>\n\n\n\n<li><span style=\"color: #000000;\"><span dir=\"ltr\" role=\"presentation\">T\u00e9cnica de la Danza <\/span><span dir=\"ltr\" role=\"presentation\">Contempor\u00e1nea II <\/span><\/span><\/li>\n\n\n\n<li><span dir=\"ltr\" style=\"color: #000000;\" role=\"presentation\">M\u00fasica II <\/span><\/li>\n\n\n\n<li><span dir=\"ltr\" style=\"color: #000000;\" role=\"presentation\">Pr\u00e1ctica de Ballet II <\/span><\/li>\n<\/ul>\n\n\n\n<p><span style=\"color: #000000;\"><strong>Tercer a\u00f1o<\/strong><\/span><\/p>\n\n\n\n<ul>\n<li><span dir=\"ltr\" style=\"color: #000000;\" role=\"presentation\">T\u00e9cnica de la Danza Cl\u00e1sica III <\/span><\/li>\n\n\n\n<li><span dir=\"ltr\" style=\"color: #000000;\" role=\"presentation\">T\u00e9cnica de la Danza <\/span><br role=\"presentation\"><span dir=\"ltr\" style=\"color: #000000;\" role=\"presentation\">Contempor\u00e1nea III<\/span><\/li>\n\n\n\n<li><span dir=\"ltr\" style=\"color: #000000;\" role=\"presentation\">Coreograf\u00edas Populares <\/span><\/li>\n\n\n\n<li><span dir=\"ltr\" style=\"color: #000000;\" role=\"presentation\">Pr\u00e1ctica de Ballet III <\/span><\/li>\n<\/ul>\n\n\n\n<h5 class=\"wp-block-heading\"><span dir=\"ltr\" role=\"presentation\" style=\"color: #ff00ff;\">TECNICATURA INT\u00c9RPRETE BAILAR\u00cdN EN DANZA CL\u00c1SICA<\/span> <\/h5>\n\n\n\n<h5 class=\"wp-block-heading\"> <a rel=\"noreferrer noopener\" href=\"https:\/\/drive.google.com\/file\/d\/1hyqRW1TCNORbNnQgUdqwCfoOmFzsDI56\/view?usp=sharing\" target=\"_blank\">&#x1f517; <strong>Ver plan de estudios de la Tecnicatura Int\u00e9rprete Bailar\u00edn en Danza Cl\u00e1sica completo<\/strong><\/a> <a rel=\"noreferrer noopener\" href=\"https:\/\/ecbblanca-bue.infd.edu.ar\/sitio\/wp-content\/uploads\/sitio\/RESOLUCION_13254.pdf\" target=\"_blank\"><strong>&#x1f517;Resoluci\u00f3n 13254\/99<\/strong><\/a><\/h5>\n\n\n\n<p><strong><span class=\"has-inline-color has-black-color\">Primer a\u00f1o<\/span><\/strong><\/p>\n\n\n\n<ul>\n<li>T\u00e9cnica de la Danza Cl\u00e1sica IV<\/li>\n\n\n\n<li>T\u00e9cnica de la danza Contempor\u00e1nea<\/li>\n\n\n\n<li>Repertorio I<\/li>\n\n\n\n<li>Historia de la Danza I<\/li>\n<\/ul>\n\n\n\n<p><strong><span class=\"has-inline-color has-black-color\">Segundo a\u00f1o<\/span><\/strong><\/p>\n\n\n\n<ul>\n<li>T\u00e9cnica de la Danza Cl\u00e1sica V<\/li>\n\n\n\n<li>Repertorio II<\/li>\n\n\n\n<li>Coreograf\u00eda I<\/li>\n\n\n\n<li>Anatom\u00eda Funcional<\/li>\n\n\n\n<li>Historia de la Danza II<\/li>\n<\/ul>\n\n\n\n<h5 class=\"wp-block-heading\"><span dir=\"ltr\" role=\"presentation\" style=\"color: #ff00ff;\">PROFESORADO EN DANZA CL\u00c1SICA<\/span> <\/h5>\n\n\n\n<h5 class=\"wp-block-heading\"><a rel=\"noreferrer noopener\" href=\"https:\/\/ecbblanca-bue.infd.edu.ar\/sitio\/wp-content\/uploads\/sitio\/RESOLUCION_13254.pdf\" target=\"_blank\"><strong>&#x1f517;<\/strong><\/a><strong><a rel=\"noreferrer noopener\" href=\"https:\/\/ecbblanca-bue.infd.edu.ar\/sitio\/wp-content\/uploads\/2023\/12\/R-4580-03.pdf-prof-danzas-clasicas.pdf\" target=\"_blank\">Resoluci\u00f3n 4580\/03<\/a><\/strong><\/h5>\n\n\n\n<p><strong><span class=\"has-inline-color has-black-color\">Primer a\u00f1o<\/span><\/strong><\/p>\n\n\n\n<ul>\n<li>T\u00e9cnica de la Danza Cl\u00e1sica IV<\/li>\n\n\n\n<li>T\u00e9cnica de la danza Contempor\u00e1nea IV<\/li>\n\n\n\n<li>Repertorio I<\/li>\n\n\n\n<li>Historia de la Danza I<\/li>\n\n\n\n<li>Pr\u00e1ctica Docente I<\/li>\n\n\n\n<li>Perspectiva Filos\u00f3fica Pedag\u00f3gica I<\/li>\n\n\n\n<li>Perspectiva Pedag\u00f3gico-Did\u00e1ctica I<\/li>\n\n\n\n<li>Perspectiva Socio-pol\u00edtica<\/li>\n\n\n\n<li>Psicolog\u00eda y Cultura en la Educaci\u00f3n I<\/li>\n<\/ul>\n\n\n\n<p><strong><span class=\"has-inline-color has-black-color\">Segundo a\u00f1o<\/span><\/strong><\/p>\n\n\n\n<ul>\n<li>T\u00e9cnica de la Danza Cl\u00e1sica V<\/li>\n\n\n\n<li>Repertorio II<\/li>\n\n\n\n<li>Coreograf\u00eda I<\/li>\n\n\n\n<li>Anatom\u00eda Funcional<\/li>\n\n\n\n<li>Historia de la Danza II<\/li>\n\n\n\n<li>Pr\u00e1ctica Docente II<\/li>\n\n\n\n<li>Perspectiva Filos\u00f3fica Pedag\u00f3gico II<\/li>\n\n\n\n<li>Perspectiva Pedag\u00f3gico Did\u00e1ctica II<\/li>\n\n\n\n<li>Psicolog\u00eda y Cultura en la Ni\u00f1ez<\/li>\n<\/ul>\n\n\n\n<p><strong><span class=\"has-inline-color has-black-color\">Tercer a\u00f1o<\/span><\/strong><\/p>\n\n\n\n<ul>\n<li>T\u00e9cnica de la Danza Cl\u00e1sica VI<\/li>\n\n\n\n<li>Coreograf\u00eda II<\/li>\n\n\n\n<li>T\u00e9cnicas Dram\u00e1ticas<\/li>\n\n\n\n<li>Franc\u00e9s T\u00e9cnico<\/li>\n\n\n\n<li>Pr\u00e1ctica Docente III<\/li>\n\n\n\n<li>Perspectiva Filos\u00f3fico Pedag\u00f3gica Did\u00e1ctica<\/li>\n\n\n\n<li>Perspectiva Pol\u00edtico Institucional<\/li>\n\n\n\n<li>Psicolog\u00eda y Cultura en la juventud y adultez<\/li>\n\n\n\n<li>EDI* Partenaire<\/li>\n<\/ul>\n\n\n\n<p><strong>Cuarto a\u00f1o<\/strong><\/p>\n\n\n\n<ul>\n<li>T\u00e9cnica de la Danza Cl\u00e1sica VII<\/li>\n\n\n\n<li>Coreograf\u00eda III y Proyecto de Producci\u00f3n<\/li>\n\n\n\n<li>Arte y Cultura y est\u00e9tica del Mundo Contempor\u00e1neo<\/li>\n\n\n\n<li>Literatura<\/li>\n\n\n\n<li>Artes Visuales<\/li>\n\n\n\n<li>Pr\u00e1ctica Docente IV<\/li>\n\n\n\n<li>EDI* Danza Jazz<br> <span class=\"has-inline-color has-cyan-bluish-gray-color\">*Espacio de Definici\u00f3n Institucional<\/span><\/li>\n<\/ul>\n\n\n\n<p class=\"has-text-color\" style=\"color:#f30ef3\"><\/p>\n\n\n\n<p class=\"has-text-color\" style=\"color:#f30ef3\"><\/p>\n\n\n\n<p><\/p>\n\n\n\n<p><\/p>\n","protected":false},"excerpt":{"rendered":"<p>La oferta educativa en Danza Cl\u00e1sica comprende un ciclo de Formaci\u00f3n B\u00e1sica y dos de&nbsp;Formaci\u00f3n Profesional. La Formaci\u00f3n B\u00e1sica&nbsp;tiene una duraci\u00f3n de siete a\u00f1os distribuidos en: Completar la&nbsp;Formaci\u00f3n B\u00e1sica es&nbsp;requisito para el ingreso a los ciclos de&nbsp;Formaci\u00f3n Profesional,&nbsp;constituido por&nbsp;carreras de grado T\u00e9cnico &#8211; Profesional y de&nbsp;Grado Docente: Contacto Jefatura de \u00e1rea Danza Cl\u00e1sica: jefaturaclasicoedc@gmail.com Estructura &#8230; <a title=\"Danza Cl\u00e1sica\" class=\"read-more\" href=\"https:\/\/ecbblanca-bue.infd.edu.ar\/sitio\/danza-clasica\/\" aria-label=\"More on Danza Cl\u00e1sica\">[+]<\/a><\/p>\n","protected":false},"author":134,"featured_media":0,"parent":0,"menu_order":0,"comment_status":"closed","ping_status":"closed","template":"","meta":[],"acf":[],"_links":{"self":[{"href":"https:\/\/ecbblanca-bue.infd.edu.ar\/sitio\/wp-json\/wp\/v2\/pages\/1050"}],"collection":[{"href":"https:\/\/ecbblanca-bue.infd.edu.ar\/sitio\/wp-json\/wp\/v2\/pages"}],"about":[{"href":"https:\/\/ecbblanca-bue.infd.edu.ar\/sitio\/wp-json\/wp\/v2\/types\/page"}],"author":[{"embeddable":true,"href":"https:\/\/ecbblanca-bue.infd.edu.ar\/sitio\/wp-json\/wp\/v2\/users\/134"}],"replies":[{"embeddable":true,"href":"https:\/\/ecbblanca-bue.infd.edu.ar\/sitio\/wp-json\/wp\/v2\/comments?post=1050"}],"version-history":[{"count":24,"href":"https:\/\/ecbblanca-bue.infd.edu.ar\/sitio\/wp-json\/wp\/v2\/pages\/1050\/revisions"}],"predecessor-version":[{"id":3801,"href":"https:\/\/ecbblanca-bue.infd.edu.ar\/sitio\/wp-json\/wp\/v2\/pages\/1050\/revisions\/3801"}],"wp:attachment":[{"href":"https:\/\/ecbblanca-bue.infd.edu.ar\/sitio\/wp-json\/wp\/v2\/media?parent=1050"}],"curies":[{"name":"wp","href":"https:\/\/api.w.org\/{rel}","templated":true}]}}